{"id":733664,"date":"2025-08-27T22:14:30","date_gmt":"2025-08-27T19:14:30","guid":{"rendered":"https:\/\/roveyayinevi.com.tr\/index.php\/urun\/latin-dili-uzerine\/"},"modified":"2026-04-16T02:41:33","modified_gmt":"2026-04-15T23:41:33","slug":"latin-dili-uzerine","status":"publish","type":"product","link":"https:\/\/roveyayinevi.com.tr\/index.php\/urun\/latin-dili-uzerine\/","title":{"rendered":"Latin Dili \u00dczerine"},"content":{"rendered":"<p>\u2018Romal\u0131lar\u0131n en e\u011fitimlisi\u2019 olan Marcus Terentius Varro bu eserde dilin do\u011fas\u0131n\u0131 incelemeye koyuluyor. Dilin kurall\u0131 bir yap\u0131 olup olmad\u0131\u011f\u0131n\u0131 tart\u0131\u015fan Varro, inceleme sahas\u0131n\u0131 her ne kadar kendi anadili olarak belirlese de her dile uygulanabilecek bir\u00e7ok mant\u0131k ilkesi de sunuyor. Bu metin, Antik\u00e7a\u011f\u2019da var oldu\u011funu bildi\u011fimiz ama Eski Yunan\u2019daki filolojik izlerine ula\u015famad\u0131\u011f\u0131m\u0131z en \u00f6nemli dil tart\u0131\u015fmalar\u0131ndan olan benze\u015fim (analogia)-ayr\u0131\u015f\u0131m (anomalia) tart\u0131\u015fmas\u0131na dair tek derli toplu metin olma \u00f6zelli\u011fini de ta\u015f\u0131yor. Varro eserde, tart\u0131\u015fman\u0131n her iki taraf\u0131na ait savlar\u0131 da aktar\u0131p son olarak kendisinin bu tart\u0131\u015fmaya dair fikirlerini \u00f6rneklerle a\u00e7\u0131kl\u0131yor.   Baz\u0131lar\u0131 kullan\u0131m ba\u011flam\u0131ndaki do\u011fal ereklerin kullan\u0131\u015fl\u0131l\u0131k ve zevk ama\u00e7l\u0131 olmak \u00fczere iki katmanl\u0131 oldu\u011funu \u00f6ne s\u00fcrebilir. Zira giyinmeyi sadece so\u011fuktan korunmak i\u00e7in de\u011fil, ayn\u0131 zamanda soylu bir g\u00f6r\u00fcn\u00fcme kavu\u015fmak i\u00e7in isteriz. Bir ev sahibi olmay\u0131 yaln\u0131zca bir \u00e7at\u0131 alt\u0131nda sa\u011f salim bar\u0131nma zorunlulu\u011fundan de\u011fil, ayn\u0131 zamanda d\u00fcnyevi hazz\u0131 s\u00fcrd\u00fcrebilmek i\u00e7in de dileriz. Kap kaca\u011f\u0131m\u0131z\u0131n yaln\u0131zca erzak\u0131m\u0131za yetmesini de\u011fil, ayn\u0131 zamanda g\u00f6ze ho\u015f gelmesini ve bir sanat\u00e7\u0131n\u0131n elinden \u00e7\u0131kmas\u0131n\u0131 arzu ederiz. \u00c7\u00fcnk\u00fc biri insan\u0131 (homo), di\u011feri insanl\u0131\u011f\u0131 (humanitas) tatmin eder. (Varro, Ling. viii.16) <\/p>\n","protected":false},"excerpt":{"rendered":"<p>\u2018Romal\u0131lar\u0131n en e\u011fitimlisi\u2019 olan Marcus Terentius Varro bu eserde dilin do\u011fas\u0131n\u0131 incelemeye koyuluyor. Dilin kurall\u0131 bir yap\u0131 olup olmad\u0131\u011f\u0131n\u0131 tart\u0131\u015fan Varro, inceleme sahas\u0131n\u0131 her ne kadar<span class=\"excerpt-hellip\"> [\u2026]<\/span><\/p>\n","protected":false},"featured_media":0,"template":"","meta":{"_monsterinsights_skip_tracking":false,"_monsterinsights_sitenote_active":false,"_monsterinsights_sitenote_note":"","_monsterinsights_sitenote_category":0},"product_brand":[],"product_cat":[20225,12291],"product_tag":[],"class_list":{"0":"post-733664","1":"product","2":"type-product","3":"status-publish","5":"product_cat-dil-bilim","6":"product_cat-edebiyat","7":"pa_cilt-ciltsiz","8":"pa_tur-kitap","9":"pa_yayinevi-dogu-bati-yayinlari","10":"pa_yazar-marcus-terentius-varro","12":"first","13":"instock","14":"sale","15":"shipping-taxable","16":"purchasable","17":"product-type-simple"},"_links":{"self":[{"href":"https:\/\/roveyayinevi.com.tr\/index.php\/wp-json\/wp\/v2\/product\/733664","targetHints":{"allow":["GET"]}}],"collection":[{"href":"https:\/\/roveyayinevi.com.tr\/index.php\/wp-json\/wp\/v2\/product"}],"about":[{"href":"https:\/\/roveyayinevi.com.tr\/index.php\/wp-json\/wp\/v2\/types\/product"}],"wp:attachment":[{"href":"https:\/\/roveyayinevi.com.tr\/index.php\/wp-json\/wp\/v2\/media?parent=733664"}],"wp:term":[{"taxonomy":"product_brand","embeddable":true,"href":"https:\/\/roveyayinevi.com.tr\/index.php\/wp-json\/wp\/v2\/product_brand?post=733664"},{"taxonomy":"product_cat","embeddable":true,"href":"https:\/\/roveyayinevi.com.tr\/index.php\/wp-json\/wp\/v2\/product_cat?post=733664"},{"taxonomy":"product_tag","embeddable":true,"href":"https:\/\/roveyayinevi.com.tr\/index.php\/wp-json\/wp\/v2\/product_tag?post=733664"}],"curies":[{"name":"wp","href":"https:\/\/api.w.org\/{rel}","templated":true}]}}