{"id":733663,"date":"2025-08-27T22:14:29","date_gmt":"2025-08-27T19:14:29","guid":{"rendered":"https:\/\/roveyayinevi.com.tr\/index.php\/urun\/kalkinma-mucadelesi\/"},"modified":"2026-04-16T02:41:33","modified_gmt":"2026-04-15T23:41:33","slug":"kalkinma-mucadelesi","status":"publish","type":"product","link":"https:\/\/roveyayinevi.com.tr\/index.php\/urun\/kalkinma-mucadelesi\/","title":{"rendered":"Kalk\u0131nma M\u00fccadelesi"},"content":{"rendered":"<p>Kapitalist toplumsal ili\u015fkilere dayanmayan insani kalk\u0131nma bi\u00e7imlerini d\u00fc\u015f\u00fcnmek ve \u00fcretmek olanakl\u0131 m\u0131d\u0131r? Bu kitap, bu hedefin m\u00fcmk\u00fcn oldu\u011funu ve dahas\u0131 g\u00fcn\u00fcm\u00fczde d\u00fcnya \u00fczerinde insani kalk\u0131nman\u0131n alternatif bi\u00e7imlerini geli\u015ftirmek i\u00e7in say\u0131s\u0131z \u00e7aban\u0131n oldu\u011funu ileri s\u00fcrmektir. Ancak bu \u00e7abalar\u0131 daha iyi kavrayabilmek i\u00e7in, kalk\u0131nmaya emek\u00e7i s\u0131n\u0131flar\u0131n perspektifinden bakmak gerekir.   Sussex \u00dcniversitesi\u2019nden Benjamin Selwyn\u2019in Kalk\u0131nma M\u00fccadelesi ba\u015fl\u0131kl\u0131 bu kitab\u0131 kalk\u0131nma sorunsal\u0131n\u0131 emek\u00e7i s\u0131n\u0131flar perspektifinden ele alan \u00f6nemli bir yap\u0131t niteli\u011finde. Bu a\u00e7\u0131dan sermaye merkezli geleneksel kalk\u0131nma yakla\u015f\u0131mlar\u0131ndan a\u00e7\u0131k\u00e7a farkl\u0131la\u015f\u0131yor. Selwyn\u2019in analizinin merkezinde k\u00fcresel d\u00fczeyde giderek artan yoksulluk sorunu yer al\u0131yor. Teorik a\u00e7\u0131dan bunun \u00f6nemi, d\u00fc\u015f\u00fcnsel temelleri \u201cb\u00fcy\u00fcme ve refah\u201d vaadi \u00fczerine kurgulanan geleneksel (ortodoks) kalk\u0131nma yakla\u015f\u0131mlar\u0131n\u0131n ger\u00e7eklik taraf\u0131ndan a\u00e7\u0131k\u00e7a yanl\u0131\u015flanmas\u0131d\u0131r. Ahmet Ha\u015fim K\u00f6se   \u00c7al\u0131\u015fman\u0131n temel aks\u0131, yerel ve uluslararas\u0131 yoksulluk \u00fczerine oturtulmakta ve kapitalizmin uluslararas\u0131 \u00fcretim ve ticaret zincirleri \u00fczerinden yoksullu\u011fun nas\u0131l bir seyir izledi\u011fini de\u015fifre etmek \u00fczerine kurulmu\u015ftur. Kapitalist bir s\u00fcre\u00e7 d\u0131\u015f\u0131nda ya\u015fanabilecek farkl\u0131 bir toplumsalla\u015fma m\u00fcmk\u00fcn m\u00fcd\u00fcr? Bu \u00e7al\u0131\u015fma bunun m\u00fcmk\u00fcn olaca\u011f\u0131na dair \u00f6nermeler i\u00e7ermektedir. Mehmet T\u00fcrkay <\/p>\n","protected":false},"excerpt":{"rendered":"<p>Kapitalist toplumsal ili\u015fkilere dayanmayan insani kalk\u0131nma bi\u00e7imlerini d\u00fc\u015f\u00fcnmek ve \u00fcretmek olanakl\u0131 m\u0131d\u0131r? Bu kitap, bu hedefin m\u00fcmk\u00fcn oldu\u011funu ve dahas\u0131 g\u00fcn\u00fcm\u00fczde d\u00fcnya \u00fczerinde insani kalk\u0131nman\u0131n alternatif<span class=\"excerpt-hellip\"> [\u2026]<\/span><\/p>\n","protected":false},"featured_media":0,"template":"","meta":{"_monsterinsights_skip_tracking":false,"_monsterinsights_sitenote_active":false,"_monsterinsights_sitenote_note":"","_monsterinsights_sitenote_category":0},"product_brand":[],"product_cat":[14841,13043],"product_tag":[],"class_list":{"0":"post-733663","1":"product","2":"type-product","3":"status-publish","5":"product_cat-arastirma-inceleme-kuram","6":"product_cat-ekonomi","7":"pa_cilt-ciltsiz","8":"pa_tur-kitap","9":"pa_yayinevi-heretik-yayincilik","10":"pa_yazar-benjamin-selwyn","12":"first","13":"instock","14":"sale","15":"shipping-taxable","16":"purchasable","17":"product-type-simple"},"_links":{"self":[{"href":"https:\/\/roveyayinevi.com.tr\/index.php\/wp-json\/wp\/v2\/product\/733663","targetHints":{"allow":["GET"]}}],"collection":[{"href":"https:\/\/roveyayinevi.com.tr\/index.php\/wp-json\/wp\/v2\/product"}],"about":[{"href":"https:\/\/roveyayinevi.com.tr\/index.php\/wp-json\/wp\/v2\/types\/product"}],"wp:attachment":[{"href":"https:\/\/roveyayinevi.com.tr\/index.php\/wp-json\/wp\/v2\/media?parent=733663"}],"wp:term":[{"taxonomy":"product_brand","embeddable":true,"href":"https:\/\/roveyayinevi.com.tr\/index.php\/wp-json\/wp\/v2\/product_brand?post=733663"},{"taxonomy":"product_cat","embeddable":true,"href":"https:\/\/roveyayinevi.com.tr\/index.php\/wp-json\/wp\/v2\/product_cat?post=733663"},{"taxonomy":"product_tag","embeddable":true,"href":"https:\/\/roveyayinevi.com.tr\/index.php\/wp-json\/wp\/v2\/product_tag?post=733663"}],"curies":[{"name":"wp","href":"https:\/\/api.w.org\/{rel}","templated":true}]}}