{"id":733660,"date":"2025-08-27T22:14:25","date_gmt":"2025-08-27T19:14:25","guid":{"rendered":"https:\/\/roveyayinevi.com.tr\/index.php\/urun\/ev-sahibesi-4\/"},"modified":"2026-04-16T02:41:33","modified_gmt":"2026-04-15T23:41:33","slug":"ev-sahibesi-4","status":"publish","type":"product","link":"https:\/\/roveyayinevi.com.tr\/index.php\/urun\/ev-sahibesi-4\/","title":{"rendered":"Ev Sahibesi"},"content":{"rendered":"<p>Dostoyevski\u2019nin daha sonra kaleme alaca\u011f\u0131 romanlar\u0131na dair ipu\u00e7lar\u0131 ta\u015f\u0131yan erken d\u00f6nem eserlerinden Ev Sahibesi, arka plan\u0131na kalabal\u0131k 19. y\u00fczy\u0131l Petersburg\u2019unu alan, karanl\u0131k, bunal\u0131ml\u0131 ve efsunlu bir a\u015fk hik\u00e2yesi anlat\u0131yor.   Bilim tutkunu gen\u00e7 Ord\u0131nov, kitaplar\u0131n aras\u0131nda kaybolarak insana yabanc\u0131la\u015ft\u0131\u011f\u0131 g\u00fcnlerin telafisini \u015fehrin kalabal\u0131k sokaklar\u0131nda arar ve arad\u0131\u011f\u0131ndan \u00e7ok daha fazlas\u0131n\u0131 bulur. \u0130lk g\u00f6rd\u00fc\u011f\u00fc andan itibaren bak\u0131\u015flar\u0131n\u0131 m\u0131knat\u0131s gibi \u00fczerlerine \u00e7eken gizemli bir \u00e7ift, Ord\u0131nov\u2019u derin bir buhrana s\u00fcr\u00fckleyecektir. Ev Sahibesi, bilimin b\u00fcy\u00fcyle, inanc\u0131n \u015feytanla, yaln\u0131zl\u0131\u011f\u0131n kalabal\u0131kla z\u0131tl\u0131\u011f\u0131ndan do\u011fan tuhaf bir deneyim. <\/p>\n","protected":false},"excerpt":{"rendered":"<p>Dostoyevski\u2019nin daha sonra kaleme alaca\u011f\u0131 romanlar\u0131na dair ipu\u00e7lar\u0131 ta\u015f\u0131yan erken d\u00f6nem eserlerinden Ev Sahibesi, arka plan\u0131na kalabal\u0131k 19. y\u00fczy\u0131l Petersburg\u2019unu alan, karanl\u0131k, bunal\u0131ml\u0131 ve efsunlu bir<span class=\"excerpt-hellip\"> [\u2026]<\/span><\/p>\n","protected":false},"featured_media":0,"template":"","meta":{"_monsterinsights_skip_tracking":false,"_monsterinsights_sitenote_active":false,"_monsterinsights_sitenote_note":"","_monsterinsights_sitenote_category":0},"product_brand":[],"product_cat":[12291,12711],"product_tag":[],"class_list":{"0":"post-733660","1":"product","2":"type-product","3":"status-publish","5":"product_cat-edebiyat","6":"product_cat-roman-oyku","7":"pa_cilt-ciltsiz","8":"pa_tur-kitap","9":"pa_yayinevi-can-yayinlari","10":"pa_yazar-fyodor-mihaylovic-dostoyevski","12":"first","13":"instock","14":"sale","15":"shipping-taxable","16":"purchasable","17":"product-type-simple"},"_links":{"self":[{"href":"https:\/\/roveyayinevi.com.tr\/index.php\/wp-json\/wp\/v2\/product\/733660","targetHints":{"allow":["GET"]}}],"collection":[{"href":"https:\/\/roveyayinevi.com.tr\/index.php\/wp-json\/wp\/v2\/product"}],"about":[{"href":"https:\/\/roveyayinevi.com.tr\/index.php\/wp-json\/wp\/v2\/types\/product"}],"wp:attachment":[{"href":"https:\/\/roveyayinevi.com.tr\/index.php\/wp-json\/wp\/v2\/media?parent=733660"}],"wp:term":[{"taxonomy":"product_brand","embeddable":true,"href":"https:\/\/roveyayinevi.com.tr\/index.php\/wp-json\/wp\/v2\/product_brand?post=733660"},{"taxonomy":"product_cat","embeddable":true,"href":"https:\/\/roveyayinevi.com.tr\/index.php\/wp-json\/wp\/v2\/product_cat?post=733660"},{"taxonomy":"product_tag","embeddable":true,"href":"https:\/\/roveyayinevi.com.tr\/index.php\/wp-json\/wp\/v2\/product_tag?post=733660"}],"curies":[{"name":"wp","href":"https:\/\/api.w.org\/{rel}","templated":true}]}}