{"id":733657,"date":"2025-08-27T22:14:21","date_gmt":"2025-08-27T19:14:21","guid":{"rendered":"https:\/\/roveyayinevi.com.tr\/index.php\/urun\/dunya-sonu-savasi\/"},"modified":"2026-04-12T02:48:41","modified_gmt":"2026-04-11T23:48:41","slug":"dunya-sonu-savasi","status":"publish","type":"product","link":"https:\/\/roveyayinevi.com.tr\/index.php\/urun\/dunya-sonu-savasi\/","title":{"rendered":"D\u00fcnya Sonu Sava\u015f\u0131"},"content":{"rendered":"<p>On dokuzuncu y\u00fczy\u0131l Brezilya\u2019s\u0131n\u0131n derinliklerinde Canudos adl\u0131 bir yer vard\u0131r; d\u00fcnyan\u0131n b\u00fct\u00fcn lanetlilerinin; hayat kad\u0131nlar\u0131, dilenciler, haydutlar ve her t\u00fcr paryan\u0131n evidir buras\u0131. Tarih ve medeniyetin tamamen yok edildi\u011fi bu b\u00f6lge paradan, vergiden, evlilik kurumundan, n\u00fcfus say\u0131m\u0131ndan muaft\u0131r. Bu yan\u0131yla devrimci ruhun en saf hali i\u00e7in bir kazan, ger\u00e7ek anlamda \u00f6zg\u00fcrl\u00fck\u00e7\u00fc bir cennetin potansiyelini ta\u015f\u0131yan ve Brezilya h\u00fck\u00fcmetinin ne olursa olsun yok etmeye ant i\u00e7ti\u011fi bir eyalettir. Belki de en iddial\u0131 ve trajik olan bu roman\u0131nda Mario Vargas Llosa, Canudos\u2019u ger\u00e7eklerden yola \u00e7\u0131karak yorumluyor. Toplum ile iktidar aras\u0131ndaki sonu gelmez ve deh\u015fet verici sava\u015f\u0131n her iki taraf\u0131na da \u0131\u015f\u0131k d\u00fc\u015f\u00fcr\u00fcyor. B\u00f6ylece Latin Amerika\u2019n\u0131n devrimci ge\u00e7mi\u015fini; tutku, \u015fiddet ve fanatizmle birlikte gelen y\u0131k\u0131m\u0131 anlatan unutulmaz bir roman \u00e7\u0131k\u0131yor ortaya.   \u201cB\u00fcy\u00fck \u00f6l\u00e7ekte bir modern trajedi\u2026 D\u00f6k\u00fclen kan gibi karanl\u0131k.\u201d Salman Rushdie   \u201cB\u00fcy\u00fcleyici olmayan tek bir sayfas\u0131 yok\u2026 Vargas Llosa bilhassa sava\u015f\u0131n yaratt\u0131\u011f\u0131 karga\u015fay\u0131 ve kavray\u0131\u015f yetersizli\u011fiyle \u015fa\u015fk\u0131na d\u00f6nen taraflar\u0131 g\u00f6zler \u00f6n\u00fcne serebilmi\u015f.\u201d The Sunday Telegraph   <\/p>\n","protected":false},"excerpt":{"rendered":"<p>On dokuzuncu y\u00fczy\u0131l Brezilya\u2019s\u0131n\u0131n derinliklerinde Canudos adl\u0131 bir yer vard\u0131r; d\u00fcnyan\u0131n b\u00fct\u00fcn lanetlilerinin; hayat kad\u0131nlar\u0131, dilenciler, haydutlar ve her t\u00fcr paryan\u0131n evidir buras\u0131. Tarih ve medeniyetin<span class=\"excerpt-hellip\"> [\u2026]<\/span><\/p>\n","protected":false},"featured_media":0,"template":"","meta":{"_monsterinsights_skip_tracking":false,"_monsterinsights_sitenote_active":false,"_monsterinsights_sitenote_note":"","_monsterinsights_sitenote_category":0},"product_brand":[],"product_cat":[12291,12711],"product_tag":[],"class_list":{"0":"post-733657","1":"product","2":"type-product","3":"status-publish","5":"product_cat-edebiyat","6":"product_cat-roman-oyku","7":"pa_cilt-ciltsiz","8":"pa_tur-kitap","9":"pa_yayinevi-can-yayinlari","10":"pa_yazar-mario-vargas-llosa","12":"first","13":"instock","14":"sale","15":"shipping-taxable","16":"purchasable","17":"product-type-simple"},"_links":{"self":[{"href":"https:\/\/roveyayinevi.com.tr\/index.php\/wp-json\/wp\/v2\/product\/733657","targetHints":{"allow":["GET"]}}],"collection":[{"href":"https:\/\/roveyayinevi.com.tr\/index.php\/wp-json\/wp\/v2\/product"}],"about":[{"href":"https:\/\/roveyayinevi.com.tr\/index.php\/wp-json\/wp\/v2\/types\/product"}],"wp:attachment":[{"href":"https:\/\/roveyayinevi.com.tr\/index.php\/wp-json\/wp\/v2\/media?parent=733657"}],"wp:term":[{"taxonomy":"product_brand","embeddable":true,"href":"https:\/\/roveyayinevi.com.tr\/index.php\/wp-json\/wp\/v2\/product_brand?post=733657"},{"taxonomy":"product_cat","embeddable":true,"href":"https:\/\/roveyayinevi.com.tr\/index.php\/wp-json\/wp\/v2\/product_cat?post=733657"},{"taxonomy":"product_tag","embeddable":true,"href":"https:\/\/roveyayinevi.com.tr\/index.php\/wp-json\/wp\/v2\/product_tag?post=733657"}],"curies":[{"name":"wp","href":"https:\/\/api.w.org\/{rel}","templated":true}]}}