{"id":733656,"date":"2025-08-27T22:14:20","date_gmt":"2025-08-27T19:14:20","guid":{"rendered":"https:\/\/roveyayinevi.com.tr\/index.php\/urun\/hurra-asagilara-yokus-asagilara\/"},"modified":"2026-04-16T02:41:33","modified_gmt":"2026-04-15T23:41:33","slug":"hurra-asagilara-yokus-asagilara","status":"publish","type":"product","link":"https:\/\/roveyayinevi.com.tr\/index.php\/urun\/hurra-asagilara-yokus-asagilara\/","title":{"rendered":"Hurra A\u015fa\u011f\u0131lara, Yoku\u015f A\u015fa\u011f\u0131lara!"},"content":{"rendered":"<p>Hurra A\u015fa\u011f\u0131lara, Yoku\u015f A\u015fa\u011f\u0131lara! evinden \u00e7\u0131k\u0131p bir hastaneye i\u015f ba\u015fvurusuna gitmek isteyen gen\u00e7 hem\u015fire K\u2019n\u0131n ba\u015f\u0131ndan ge\u00e7enleri anlat\u0131yor. Gen\u00e7 k\u0131z sokakta bir\u00e7ok zorlukla kar\u015f\u0131la\u015f\u0131yor, yolu giderek \u00e7etrefille\u015ferek birbirinden ilgin\u00e7 karakterlerle hatta tuhaf varl\u0131klarla kesi\u015fiyor. Ne var ki g\u00fc\u00e7l\u00fckler kar\u015f\u0131s\u0131nda kendisi de g\u00fc\u00e7leniyor, can kurtard\u0131k\u00e7a kendine can kat\u0131yor, ya\u015fam g\u00fcc\u00fc art\u0131yor. Ba\u015flarda her \u015fey g\u00fcn\u00fcm\u00fczde oldu\u011fu gibi, biraz karanl\u0131k, biraz nihilizan, biraz karamsar\u2026 hayat\u0131n anlams\u0131zl\u0131\u011f\u0131 belirip duruyor ufukta. Gelgelelim ilerledik\u00e7e bir esneklik ve kendili\u011findenlik hissettiriyor kendini; direnmek ve m\u00fccadele etmek kadar yeri geldi\u011finde ak\u0131\u015fa b\u0131rakmak gerekti\u011fini de hat\u0131rlat\u0131r gibi. S\u00fcreyyya Evren\u2019in muzip ve felsefi lakin yarat\u0131c\u0131 enerjiyle dolup ta\u015fan roman\u0131 bir kavram olarak \u201cyoku\u015f\u201d deneyiminden yola \u00e7\u0131karak tam anlam\u0131yla hayata bak\u0131\u015f\u0131m\u0131z\u0131 tazeliyor. <\/p>\n","protected":false},"excerpt":{"rendered":"<p>Hurra A\u015fa\u011f\u0131lara, Yoku\u015f A\u015fa\u011f\u0131lara! evinden \u00e7\u0131k\u0131p bir hastaneye i\u015f ba\u015fvurusuna gitmek isteyen gen\u00e7 hem\u015fire K\u2019n\u0131n ba\u015f\u0131ndan ge\u00e7enleri anlat\u0131yor. Gen\u00e7 k\u0131z sokakta bir\u00e7ok zorlukla kar\u015f\u0131la\u015f\u0131yor, yolu giderek<span class=\"excerpt-hellip\"> [\u2026]<\/span><\/p>\n","protected":false},"featured_media":0,"template":"","meta":{"_monsterinsights_skip_tracking":false,"_monsterinsights_sitenote_active":false,"_monsterinsights_sitenote_note":"","_monsterinsights_sitenote_category":0},"product_brand":[],"product_cat":[12291,12711],"product_tag":[],"class_list":{"0":"post-733656","1":"product","2":"type-product","3":"status-publish","5":"product_cat-edebiyat","6":"product_cat-roman-oyku","7":"pa_cilt-ciltsiz","8":"pa_tur-kitap","9":"pa_yayinevi-can-yayinlari","10":"pa_yazar-sureyya-evren","12":"first","13":"instock","14":"sale","15":"shipping-taxable","16":"purchasable","17":"product-type-simple"},"_links":{"self":[{"href":"https:\/\/roveyayinevi.com.tr\/index.php\/wp-json\/wp\/v2\/product\/733656","targetHints":{"allow":["GET"]}}],"collection":[{"href":"https:\/\/roveyayinevi.com.tr\/index.php\/wp-json\/wp\/v2\/product"}],"about":[{"href":"https:\/\/roveyayinevi.com.tr\/index.php\/wp-json\/wp\/v2\/types\/product"}],"wp:attachment":[{"href":"https:\/\/roveyayinevi.com.tr\/index.php\/wp-json\/wp\/v2\/media?parent=733656"}],"wp:term":[{"taxonomy":"product_brand","embeddable":true,"href":"https:\/\/roveyayinevi.com.tr\/index.php\/wp-json\/wp\/v2\/product_brand?post=733656"},{"taxonomy":"product_cat","embeddable":true,"href":"https:\/\/roveyayinevi.com.tr\/index.php\/wp-json\/wp\/v2\/product_cat?post=733656"},{"taxonomy":"product_tag","embeddable":true,"href":"https:\/\/roveyayinevi.com.tr\/index.php\/wp-json\/wp\/v2\/product_tag?post=733656"}],"curies":[{"name":"wp","href":"https:\/\/api.w.org\/{rel}","templated":true}]}}