{"id":733651,"date":"2025-08-27T22:14:13","date_gmt":"2025-08-27T19:14:13","guid":{"rendered":"https:\/\/roveyayinevi.com.tr\/index.php\/urun\/yuksek-ruhlar-serisi-picasso\/"},"modified":"2026-04-16T02:41:33","modified_gmt":"2026-04-15T23:41:33","slug":"yuksek-ruhlar-serisi-picasso","status":"publish","type":"product","link":"https:\/\/roveyayinevi.com.tr\/index.php\/urun\/yuksek-ruhlar-serisi-picasso\/","title":{"rendered":"Y\u00fcksek Ruhlar Serisi : Picasso"},"content":{"rendered":"<p>Pablo Picasso\u2026 Sadece \u00fcretti\u011fi ayk\u0131r\u0131 eserlerle de\u011fil, ya\u015fam\u0131n\u0131n farkl\u0131 d\u00f6nemlerinde kurdu\u011fu arkada\u015fl\u0131k ve a\u015fk ili\u015fkileriyle, entelekt\u00fcel kapasitesiyle, h\u0131zl\u0131 \u00e7al\u0131\u015fma yetene\u011fiyle, yarat\u0131c\u0131 enerjisiyle ve erken ya\u015flar\u0131nda elde etti\u011fi m\u00fcthi\u015f zenginli\u011fe ra\u011fmen sade bir ya\u015fam s\u00fcr\u00fc\u015f\u00fcyle de fark yaratarak sanat d\u00fcnyas\u0131n\u0131n efsaneleri aras\u0131ndaki yerini hakk\u0131yla alm\u0131\u015f bir deha. Y\u00fcksek Ruhlar Serisi\u2019nin bu kitab\u0131nda Picasso\u2019nun eserlerini \u00fcretti\u011fi farkl\u0131 d\u00f6nemler, beslendi\u011fi insan ve mek\u00e2n ili\u015fkileri, politik g\u00f6r\u00fc\u015fleri kronolojik olarak ele al\u0131nm\u0131\u015ft\u0131r. \u0130spanya\u2019n\u0131n Malaga kentinde do\u011fan, g\u00f6steri\u015fsiz bir fizi\u011fe sahip olan ufak tefek bir \u00e7ocu\u011fun hen\u00fcz ya\u015farken bir efsane haline geli\u015finin anlat\u0131ld\u0131\u011f\u0131 bu ser\u00fcveni merak edenler, sanat\u00e7\u0131n\u0131n bitmek t\u00fckenmek bilmeyen bir i\u015ftahla devaml\u0131 \u00e7al\u0131\u015farak kendini in\u015fa edi\u015fini g\u00f6recekler. \u201c\u00c7ocuklar zaten do\u011fu\u015ftan ressamd\u0131r. Mesele, b\u00fcy\u00fcy\u00fcp de h\u00e2l\u00e2 ressam kalabilmektir.\u201d <\/p>\n","protected":false},"excerpt":{"rendered":"<p>Pablo Picasso\u2026 Sadece \u00fcretti\u011fi ayk\u0131r\u0131 eserlerle de\u011fil, ya\u015fam\u0131n\u0131n farkl\u0131 d\u00f6nemlerinde kurdu\u011fu arkada\u015fl\u0131k ve a\u015fk ili\u015fkileriyle, entelekt\u00fcel kapasitesiyle, h\u0131zl\u0131 \u00e7al\u0131\u015fma yetene\u011fiyle, yarat\u0131c\u0131 enerjisiyle ve erken ya\u015flar\u0131nda elde<span class=\"excerpt-hellip\"> [\u2026]<\/span><\/p>\n","protected":false},"featured_media":0,"template":"","meta":{"_monsterinsights_skip_tracking":false,"_monsterinsights_sitenote_active":false,"_monsterinsights_sitenote_note":"","_monsterinsights_sitenote_category":0},"product_brand":[],"product_cat":[14009,12291],"product_tag":[],"class_list":{"0":"post-733651","1":"product","2":"type-product","3":"status-publish","5":"product_cat-biyografi-otobiyografi-edebiyat","6":"product_cat-edebiyat","7":"pa_cilt-ciltsiz","8":"pa_tur-kitap","9":"pa_yayinevi-profil-kitap","10":"pa_yazar-metehan-dogan","12":"first","13":"instock","14":"sale","15":"shipping-taxable","16":"purchasable","17":"product-type-simple"},"_links":{"self":[{"href":"https:\/\/roveyayinevi.com.tr\/index.php\/wp-json\/wp\/v2\/product\/733651","targetHints":{"allow":["GET"]}}],"collection":[{"href":"https:\/\/roveyayinevi.com.tr\/index.php\/wp-json\/wp\/v2\/product"}],"about":[{"href":"https:\/\/roveyayinevi.com.tr\/index.php\/wp-json\/wp\/v2\/types\/product"}],"wp:attachment":[{"href":"https:\/\/roveyayinevi.com.tr\/index.php\/wp-json\/wp\/v2\/media?parent=733651"}],"wp:term":[{"taxonomy":"product_brand","embeddable":true,"href":"https:\/\/roveyayinevi.com.tr\/index.php\/wp-json\/wp\/v2\/product_brand?post=733651"},{"taxonomy":"product_cat","embeddable":true,"href":"https:\/\/roveyayinevi.com.tr\/index.php\/wp-json\/wp\/v2\/product_cat?post=733651"},{"taxonomy":"product_tag","embeddable":true,"href":"https:\/\/roveyayinevi.com.tr\/index.php\/wp-json\/wp\/v2\/product_tag?post=733651"}],"curies":[{"name":"wp","href":"https:\/\/api.w.org\/{rel}","templated":true}]}}