{"id":733650,"date":"2025-08-27T22:14:12","date_gmt":"2025-08-27T19:14:12","guid":{"rendered":"https:\/\/roveyayinevi.com.tr\/index.php\/urun\/ustalikla-piser-hayat\/"},"modified":"2026-04-16T02:41:33","modified_gmt":"2026-04-15T23:41:33","slug":"ustalikla-piser-hayat","status":"publish","type":"product","link":"https:\/\/roveyayinevi.com.tr\/index.php\/urun\/ustalikla-piser-hayat\/","title":{"rendered":"Ustal\u0131kla Pi\u015fer Hayat"},"content":{"rendered":"<p>\u00c7\u0131ra\u011f\u0131 Olmad\u0131\u011f\u0131n \u0130\u015fin Ustas\u0131 Olamazs\u0131n   \u201cBedri Usta\u2019y\u0131m ben&#8230; Ad\u0131m Bedri ama herkes bana Bedri Usta der. Kebab\u0131n yan\u0131ndaki k\u00f6zlenmi\u015f biber gibi seviyorum Bedri\u2019nin yan\u0131nda duran ustal\u0131k s\u0131fat\u0131n\u0131&#8230; Ama ustal\u0131\u011f\u0131m sadece kebab\u0131 de\u011fil hayat\u0131 pi\u015firmekte de olsun istedim. Her ate\u015fin \u00fcst\u00fcne et atan\u0131n usta olamamas\u0131 gibi iyi k\u00f6t\u00fc bir \u00f6m\u00fcr ya\u015fayan da ustas\u0131 olam\u0131yor hayat\u0131n. S\u0131f\u0131rdan bir hayat yaratm\u0131\u015f, zaman zaman hayat\u0131n\u0131 s\u0131f\u0131rlam\u0131\u015f biriyim ben. Ba\u015fka hi\u00e7bir \u015feyde bu kadar iddial\u0131 de\u011filimdir ama kebap i\u015fi benden sorulur ve mangala at\u0131lan \u015fey etten ibaret de\u011fildir. Hayat\u0131 da ustal\u0131kla pi\u015firmek gerekir&#8230;\u201d   Mardin\u2019in Midyat il\u00e7esinde yokluk i\u00e7inde ba\u015flay\u0131p oradan Adana\u2019ya, sonras\u0131nda ta\u015f\u0131 topra\u011f\u0131 alt\u0131n \u015fehir \u0130stanbul\u2019a uzanan bir hik\u00e2ye onunki&#8230;   Yedi ya\u015f\u0131ndayken gurbete \u00e7\u0131kan, ayakkab\u0131lar\u0131n\u0131 yast\u0131k yap\u0131p k\u00f6pr\u00fc alt\u0131nda uyuyan k\u00fc\u00e7\u00fck bir \u00e7ocu\u011fun bir yandan azimle ve umutla nas\u0131l hayata tutundu\u011funun izlerini s\u00fcrerken bir yandan da d\u00fcnyaca \u00fcnl\u00fc bir markaya d\u00f6n\u00fc\u015fen i\u015fletmesini nas\u0131l kurdu\u011funu bazen kahkahalarla bazen g\u00f6zleriniz dolarak okuyacaks\u0131n\u0131z.   Esnafl\u0131\u011f\u0131n incelikleri, ustal\u0131\u011f\u0131n s\u0131rlar\u0131, baba olmak, ailenin \u00f6nemi, yemek k\u00fclt\u00fcr\u00fc ve Anka ku\u015fu misali s\u00fcrekli yeniden kurulan ve i\u00e7ine do\u011fdu\u011fu kal\u0131plar\u0131 k\u0131rarak, kendini bilgelikle yeniden in\u015fa eden bir ya\u015fama dair derinlikli ve ilham verici bu hik\u00e2ye sizi tesad\u00fcfler ve kader \u00fczerine d\u00fc\u015f\u00fcnmeye davet ediyor. <\/p>\n","protected":false},"excerpt":{"rendered":"<p>\u00c7\u0131ra\u011f\u0131 Olmad\u0131\u011f\u0131n \u0130\u015fin Ustas\u0131 Olamazs\u0131n \u201cBedri Usta\u2019y\u0131m ben&#8230; Ad\u0131m Bedri ama herkes bana Bedri Usta der. Kebab\u0131n yan\u0131ndaki k\u00f6zlenmi\u015f biber gibi seviyorum Bedri\u2019nin yan\u0131nda duran ustal\u0131k<span class=\"excerpt-hellip\"> [\u2026]<\/span><\/p>\n","protected":false},"featured_media":0,"template":"","meta":{"_monsterinsights_skip_tracking":false,"_monsterinsights_sitenote_active":false,"_monsterinsights_sitenote_note":"","_monsterinsights_sitenote_category":0},"product_brand":[],"product_cat":[18545,12291],"product_tag":[],"class_list":{"0":"post-733650","1":"product","2":"type-product","3":"status-publish","5":"product_cat-anlati","6":"product_cat-edebiyat","7":"pa_cilt-ciltsiz","8":"pa_tur-kitap","9":"pa_yayinevi-destek-yayinlari","10":"pa_yazar-bedri-usta","12":"first","13":"instock","14":"sale","15":"shipping-taxable","16":"purchasable","17":"product-type-simple"},"_links":{"self":[{"href":"https:\/\/roveyayinevi.com.tr\/index.php\/wp-json\/wp\/v2\/product\/733650","targetHints":{"allow":["GET"]}}],"collection":[{"href":"https:\/\/roveyayinevi.com.tr\/index.php\/wp-json\/wp\/v2\/product"}],"about":[{"href":"https:\/\/roveyayinevi.com.tr\/index.php\/wp-json\/wp\/v2\/types\/product"}],"wp:attachment":[{"href":"https:\/\/roveyayinevi.com.tr\/index.php\/wp-json\/wp\/v2\/media?parent=733650"}],"wp:term":[{"taxonomy":"product_brand","embeddable":true,"href":"https:\/\/roveyayinevi.com.tr\/index.php\/wp-json\/wp\/v2\/product_brand?post=733650"},{"taxonomy":"product_cat","embeddable":true,"href":"https:\/\/roveyayinevi.com.tr\/index.php\/wp-json\/wp\/v2\/product_cat?post=733650"},{"taxonomy":"product_tag","embeddable":true,"href":"https:\/\/roveyayinevi.com.tr\/index.php\/wp-json\/wp\/v2\/product_tag?post=733650"}],"curies":[{"name":"wp","href":"https:\/\/api.w.org\/{rel}","templated":true}]}}