{"id":733649,"date":"2025-08-27T22:14:11","date_gmt":"2025-08-27T19:14:11","guid":{"rendered":"https:\/\/roveyayinevi.com.tr\/index.php\/urun\/bir-baskadir-diplomatlarin-dunyasi\/"},"modified":"2026-04-16T02:41:33","modified_gmt":"2026-04-15T23:41:33","slug":"bir-baskadir-diplomatlarin-dunyasi","status":"publish","type":"product","link":"https:\/\/roveyayinevi.com.tr\/index.php\/urun\/bir-baskadir-diplomatlarin-dunyasi\/","title":{"rendered":"Bir Ba\u015fkad\u0131r Diplomatlar\u0131n D\u00fcnyas\u0131"},"content":{"rendered":"<p>Hariciyecilerden nefes kesici, daha \u00f6nce duyulmad\u0131k hik\u00e2yeler   Meslekta\u015flar aras\u0131nda \u00e7ok keyifli diplomatik hik\u00e2yeler, dedikodular anlat\u0131l\u0131r ama bunlar\u0131n \u00e7o\u011fu camia d\u0131\u015f\u0131nda pek g\u00fcn \u0131\u015f\u0131\u011f\u0131 g\u00f6rmez. Bir s\u00fcre sonra da kaybolur giderler. Kimileri yayg\u0131n \u201cmon\u015fer\u201d imaj\u0131n\u0131 g\u00fc\u00e7lendirir, kimileri diplomatlar\u0131n ne kadar zor ve riskli g\u00f6revler \u00fcstlendi\u011fini anlat\u0131r, kimileri de sadece ho\u015f vakit ge\u00e7irtir. Mehmet \u00d6\u011f\u00fct\u00e7\u00fc ve U\u011fur Ergun, Hariciye\u2019nin farkl\u0131 kulvarlar\u0131nda ko\u015fmu\u015f, d\u00fcnyan\u0131n girilmez k\u00f6\u015felerine girmi\u015f, de\u011fi\u015fik uzmanl\u0131k alanlar\u0131na yo\u011funla\u015fm\u0131\u015f, geni\u015f dostluk \u015febekeleri, zengin hik\u00e2ye rezervleri ve \u00f6zg\u00fcn \u00fcsluplar\u0131 olan iki diplomat. Bu kitapta, kendi hik\u00e2yelerini, hat\u0131ralar\u0131n\u0131, diplomasi anlay\u0131\u015flar\u0131n\u0131, hayata bak\u0131\u015flar\u0131n\u0131 birle\u015ftirerek bizlere hem okumas\u0131 keyifli, hem tarihe iz b\u0131rak\u0131c\u0131, hem de gelece\u011fin diplomatlar\u0131na ilham verici enfes bir okuma ziyafeti sunuyorlar. \u00c7o\u011fulcu bir yakla\u015f\u0131mla meslekta\u015flar\u0131n\u0131n anlaml\u0131 diplomatik hik\u00e2yelerine de yer veriyorlar. Nam\u0131k Tan, Kaya T\u00fcrkmen, \u015eakir Fak\u0131l\u0131, \u00d6mer Onhon, Deniz K\u0131l\u0131\u00e7er, Hasan Ayg\u00fcn, Pulat Y\u00fcksel Tacar, Sel\u00e7uk \u0130ncesu ve Ay\u015fenur Alpaslan diplomatik hayal g\u00fcc\u00fcm\u00fcz\u00fc zenginle\u015ftiriyor, renklendiriyor. Elinizden b\u0131rakamayaca\u011f\u0131n\u0131z, ayn\u0131 g\u00fcn i\u00e7inde okuyup bitirmek isteyece\u011finiz, dostlar\u0131n\u0131za tavsiye edece\u011finiz bir kitap. <\/p>\n","protected":false},"excerpt":{"rendered":"<p>Hariciyecilerden nefes kesici, daha \u00f6nce duyulmad\u0131k hik\u00e2yeler Meslekta\u015flar aras\u0131nda \u00e7ok keyifli diplomatik hik\u00e2yeler, dedikodular anlat\u0131l\u0131r ama bunlar\u0131n \u00e7o\u011fu camia d\u0131\u015f\u0131nda pek g\u00fcn \u0131\u015f\u0131\u011f\u0131 g\u00f6rmez. Bir s\u00fcre<span class=\"excerpt-hellip\"> [\u2026]<\/span><\/p>\n","protected":false},"featured_media":0,"template":"","meta":{"_monsterinsights_skip_tracking":false,"_monsterinsights_sitenote_active":false,"_monsterinsights_sitenote_note":"","_monsterinsights_sitenote_category":0},"product_brand":[],"product_cat":[13590,12337],"product_tag":[],"class_list":{"0":"post-733649","1":"product","2":"type-product","3":"status-publish","5":"product_cat-arastirma-inceleme-politika-siyaset","6":"product_cat-politika-siyaset","7":"pa_cilt-ciltsiz","8":"pa_tur-kitap","9":"pa_yayinevi-destek-yayinlari","10":"pa_yazar-mehmet-ogutcu-ugur-ergun","12":"first","13":"instock","14":"sale","15":"shipping-taxable","16":"purchasable","17":"product-type-simple"},"_links":{"self":[{"href":"https:\/\/roveyayinevi.com.tr\/index.php\/wp-json\/wp\/v2\/product\/733649","targetHints":{"allow":["GET"]}}],"collection":[{"href":"https:\/\/roveyayinevi.com.tr\/index.php\/wp-json\/wp\/v2\/product"}],"about":[{"href":"https:\/\/roveyayinevi.com.tr\/index.php\/wp-json\/wp\/v2\/types\/product"}],"wp:attachment":[{"href":"https:\/\/roveyayinevi.com.tr\/index.php\/wp-json\/wp\/v2\/media?parent=733649"}],"wp:term":[{"taxonomy":"product_brand","embeddable":true,"href":"https:\/\/roveyayinevi.com.tr\/index.php\/wp-json\/wp\/v2\/product_brand?post=733649"},{"taxonomy":"product_cat","embeddable":true,"href":"https:\/\/roveyayinevi.com.tr\/index.php\/wp-json\/wp\/v2\/product_cat?post=733649"},{"taxonomy":"product_tag","embeddable":true,"href":"https:\/\/roveyayinevi.com.tr\/index.php\/wp-json\/wp\/v2\/product_tag?post=733649"}],"curies":[{"name":"wp","href":"https:\/\/api.w.org\/{rel}","templated":true}]}}