{"id":733647,"date":"2025-08-27T22:14:09","date_gmt":"2025-08-27T19:14:09","guid":{"rendered":"https:\/\/roveyayinevi.com.tr\/index.php\/urun\/kant-ve-metafizik-problemi\/"},"modified":"2026-04-16T02:41:33","modified_gmt":"2026-04-15T23:41:33","slug":"kant-ve-metafizik-problemi","status":"publish","type":"product","link":"https:\/\/roveyayinevi.com.tr\/index.php\/urun\/kant-ve-metafizik-problemi\/","title":{"rendered":"Kant ve Metafizik Problemi"},"content":{"rendered":"<p>Yorumlar\u0131n\u0131n \u00f6z\u00fcn\u00fc 1927-28 g\u00fcz d\u00f6neminde verdi\u011fi derslerde olu\u015fturdu\u011fu bu kitap Heidegger\u2019in, Kant\u2019\u0131n \u00f6nemli eseri Saf Akl\u0131n Ele\u015ftirisi\u2019ne kendi bak\u0131\u015f dairesinden yapt\u0131\u011f\u0131 \u00e7\u00f6z\u00fcmlemeyi i\u00e7eriyor.Varl\u0131k ve Zaman\u2019\u0131n soru form\u00fclasyonunun \u015fekillendirdi\u011fi bu bak\u0131\u015f a\u00e7\u0131s\u0131, varl\u0131k sorusuna bu kez de Kant\u2019\u0131n metni \u00fczerinden uzan\u0131yor. Heidegger, Saf Akl\u0131n Ele\u015ftirisi\u2019nin kendisi i\u00e7in yaln\u0131zca bir s\u0131\u011f\u0131nak te\u015fkil etmedi\u011fini, ayn\u0131 zamanda Kant\u2019\u0131, varl\u0131k sorusu ba\u011flam\u0131nda d\u00fc\u015f\u00fcnebilmesine imk\u00e2n tan\u0131d\u0131\u011f\u0131n\u0131 da s\u00f6yl\u00fcyor.<\/p>\n","protected":false},"excerpt":{"rendered":"<p>Yorumlar\u0131n\u0131n \u00f6z\u00fcn\u00fc 1927-28 g\u00fcz d\u00f6neminde verdi\u011fi derslerde olu\u015fturdu\u011fu bu kitap Heidegger\u2019in, Kant\u2019\u0131n \u00f6nemli eseri Saf Akl\u0131n Ele\u015ftirisi\u2019ne kendi bak\u0131\u015f dairesinden yapt\u0131\u011f\u0131 \u00e7\u00f6z\u00fcmlemeyi i\u00e7eriyor.Varl\u0131k ve Zaman\u2019\u0131n soru<span class=\"excerpt-hellip\"> [\u2026]<\/span><\/p>\n","protected":false},"featured_media":0,"template":"","meta":{"_monsterinsights_skip_tracking":false,"_monsterinsights_sitenote_active":false,"_monsterinsights_sitenote_note":"","_monsterinsights_sitenote_category":0},"product_brand":[],"product_cat":[12389,12388],"product_tag":[],"class_list":{"0":"post-733647","1":"product","2":"type-product","3":"status-publish","5":"product_cat-diger-felsefe","6":"product_cat-felsefe","7":"pa_cilt-ciltsiz","8":"pa_tur-kitap","9":"pa_yayinevi-alfa-yayinlari","10":"pa_yazar-martin-heidegger","12":"first","13":"instock","14":"sale","15":"shipping-taxable","16":"purchasable","17":"product-type-simple"},"_links":{"self":[{"href":"https:\/\/roveyayinevi.com.tr\/index.php\/wp-json\/wp\/v2\/product\/733647","targetHints":{"allow":["GET"]}}],"collection":[{"href":"https:\/\/roveyayinevi.com.tr\/index.php\/wp-json\/wp\/v2\/product"}],"about":[{"href":"https:\/\/roveyayinevi.com.tr\/index.php\/wp-json\/wp\/v2\/types\/product"}],"wp:attachment":[{"href":"https:\/\/roveyayinevi.com.tr\/index.php\/wp-json\/wp\/v2\/media?parent=733647"}],"wp:term":[{"taxonomy":"product_brand","embeddable":true,"href":"https:\/\/roveyayinevi.com.tr\/index.php\/wp-json\/wp\/v2\/product_brand?post=733647"},{"taxonomy":"product_cat","embeddable":true,"href":"https:\/\/roveyayinevi.com.tr\/index.php\/wp-json\/wp\/v2\/product_cat?post=733647"},{"taxonomy":"product_tag","embeddable":true,"href":"https:\/\/roveyayinevi.com.tr\/index.php\/wp-json\/wp\/v2\/product_tag?post=733647"}],"curies":[{"name":"wp","href":"https:\/\/api.w.org\/{rel}","templated":true}]}}