{"id":733646,"date":"2025-08-27T22:14:08","date_gmt":"2025-08-27T19:14:08","guid":{"rendered":"https:\/\/roveyayinevi.com.tr\/index.php\/urun\/her-kuyuda-bir-yusuf\/"},"modified":"2025-10-18T06:58:03","modified_gmt":"2025-10-18T03:58:03","slug":"her-kuyuda-bir-yusuf","status":"publish","type":"product","link":"https:\/\/roveyayinevi.com.tr\/index.php\/urun\/her-kuyuda-bir-yusuf\/","title":{"rendered":"Her Kuyuda Bir Yusuf"},"content":{"rendered":"<p>Her \u00e7\u00e2hta bir Y\u00fbsuf-i g\u00fcmge\u015ft nihand\u0131rHayf\u00e2 ki nazar sahibi yok kafilelerde\u201cHer kuyuda kaybolmu\u015f bir Yusuf gizlidir;ne yaz\u0131k ki gelip ge\u00e7en kafilelerde onu ke\u015ffedecek nazar sahipleri yok.\u201dTitiz, m\u00fckemmeliyet\u00e7i, m\u00fc\u015fk\u00fclpesent bir bestek\u00e2r ve ud virt\u00fcozu.Kendini bir medeniyeti kurtarmaya adam\u0131\u015f, fakat \u015f\u00f6hretten bucak bucak ka\u00e7an m\u00fcnzevi bir koleksiyoner.Hayat\u0131n\u0131 \u00f6\u011frencilerine adam\u0131\u015f bir edebiyat \u00f6\u011fretmeni, ya\u015fad\u0131\u011f\u0131 m\u00fcddet\u00e7e mill\u00ee musikiyi savunmu\u015f bir neyzen ve ismi Vakit gazetesiyle \u00f6zde\u015fle\u015fmi\u015f bir \u201cmuharrir\u201d. T\u00fcrk Oca\u011f\u0131\u2019n\u0131n kurucular\u0131ndan idealist bir t\u0131p doktoru ve vejetaryen bir T\u00fcrk\u00e7\u00fc.Kabiliyetleri \u00e7ok s\u0131n\u0131rl\u0131, fakat ihtiras\u0131 s\u0131n\u0131rs\u0131z bir \u015fair.Zay\u0131f karakterli, fakat benzerinin d\u00fcnyaya bir daha gelemeyece\u011fi iddia edilen bir h\u00e2nende<\/p>\n","protected":false},"excerpt":{"rendered":"<p>Her \u00e7\u00e2hta bir Y\u00fbsuf-i g\u00fcmge\u015ft nihand\u0131rHayf\u00e2 ki nazar sahibi yok kafilelerde\u201cHer kuyuda kaybolmu\u015f bir Yusuf gizlidir;ne yaz\u0131k ki gelip ge\u00e7en kafilelerde onu ke\u015ffedecek nazar sahipleri yok.\u201dTitiz,<span class=\"excerpt-hellip\"> [\u2026]<\/span><\/p>\n","protected":false},"featured_media":0,"template":"","meta":{"_monsterinsights_skip_tracking":false,"_monsterinsights_sitenote_active":false,"_monsterinsights_sitenote_note":"","_monsterinsights_sitenote_category":0},"product_brand":[],"product_cat":[14009,12291],"product_tag":[],"class_list":{"0":"post-733646","1":"product","2":"type-product","3":"status-publish","5":"product_cat-biyografi-otobiyografi-edebiyat","6":"product_cat-edebiyat","7":"pa_cilt-ciltsiz","8":"pa_tur-kitap","9":"pa_yayinevi-kapi-yayinlari","10":"pa_yazar-besir-ayvazoglu","12":"first","13":"instock","14":"sale","15":"shipping-taxable","16":"purchasable","17":"product-type-simple"},"_links":{"self":[{"href":"https:\/\/roveyayinevi.com.tr\/index.php\/wp-json\/wp\/v2\/product\/733646","targetHints":{"allow":["GET"]}}],"collection":[{"href":"https:\/\/roveyayinevi.com.tr\/index.php\/wp-json\/wp\/v2\/product"}],"about":[{"href":"https:\/\/roveyayinevi.com.tr\/index.php\/wp-json\/wp\/v2\/types\/product"}],"wp:attachment":[{"href":"https:\/\/roveyayinevi.com.tr\/index.php\/wp-json\/wp\/v2\/media?parent=733646"}],"wp:term":[{"taxonomy":"product_brand","embeddable":true,"href":"https:\/\/roveyayinevi.com.tr\/index.php\/wp-json\/wp\/v2\/product_brand?post=733646"},{"taxonomy":"product_cat","embeddable":true,"href":"https:\/\/roveyayinevi.com.tr\/index.php\/wp-json\/wp\/v2\/product_cat?post=733646"},{"taxonomy":"product_tag","embeddable":true,"href":"https:\/\/roveyayinevi.com.tr\/index.php\/wp-json\/wp\/v2\/product_tag?post=733646"}],"curies":[{"name":"wp","href":"https:\/\/api.w.org\/{rel}","templated":true}]}}