{"id":733644,"date":"2025-08-27T22:14:05","date_gmt":"2025-08-27T19:14:05","guid":{"rendered":"https:\/\/roveyayinevi.com.tr\/index.php\/urun\/kurtlar-arasinda-ciplak\/"},"modified":"2026-04-16T02:41:33","modified_gmt":"2026-04-15T23:41:33","slug":"kurtlar-arasinda-ciplak","status":"publish","type":"product","link":"https:\/\/roveyayinevi.com.tr\/index.php\/urun\/kurtlar-arasinda-ciplak\/","title":{"rendered":"Kurtlar Aras\u0131nda \u00c7\u0131plak"},"content":{"rendered":"<p>Kurtlar Aras\u0131nda \u00c7\u0131plak, \u00f6l\u00fcm\u00fcn ve i\u015fkencenin kol gezdi\u011fi Buchenwald Toplama Kamp\u0131\u2019ndaki bir grup tutuklunun direni\u015f hik\u00e2yesini anlat\u0131yor. Gerilim, k\u00fc\u00e7\u00fck bir \u00e7ocu\u011fun bir bavul i\u00e7inde kampa sokulmas\u0131yla ba\u015fl\u0131yor. Kamptaki on binlerce tutukluyu kurtarmak i\u00e7in \u00f6rg\u00fctlenmi\u015f Uluslararas\u0131 Kamp Komitesi, bir taraftan ayaklanma haz\u0131rl\u0131klar\u0131n\u0131 s\u00fcrd\u00fcr\u00fcrken, di\u011fer taraftan bu k\u00fc\u00e7\u00fck \u00e7ocu\u011fu SS\u2019lerden saklamaya u\u011fra\u015f\u0131yor. T\u00fcm kamp\u0131n tahliye edilece\u011fi haberi de gelince gerilim son haddine var\u0131yor ve geriye yaln\u0131z iki se\u00e7enek kal\u0131yor: Ya \u00f6zg\u00fcrl\u00fck ya \u00f6l\u00fcm! Bruno Apitz\u2019in kaleminden \u00e7\u0131kan bu sars\u0131c\u0131 roman, yazar\u0131n sekiz y\u0131l\u0131n\u0131 Buchenwald Toplama Kamp\u0131\u2019nda ge\u00e7irmesiyle bir rapor \u00f6zelli\u011fi de kazan\u0131rken, b\u00f6ylece kurguyla ger\u00e7e\u011fin i\u00e7 i\u00e7e ge\u00e7ti\u011fi bir anlat\u0131 \u015feklini al\u0131yor. Demokratik Almanya\u2019da Ulusal \u00d6d\u00fcle lay\u0131k g\u00f6r\u00fclen eser, bir insanl\u0131k dram\u0131n\u0131 g\u00f6zler \u00f6n\u00fcne sermesinin \u00f6tesinde, fa\u015fizme kar\u015f\u0131 direni\u015fin bir sembol\u00fc ve cesurca s\u00f6ylenen bir \u00f6zg\u00fcrl\u00fck \u015fark\u0131s\u0131 oluyor. Bug\u00fcne kadar otuzdan fazla dile \u00e7evrilen Kurtlar Aras\u0131nda \u00c7\u0131plak, Alaattin Bilgi\u2019nin usta i\u015fi \u00e7evirisi ve geni\u015fletilmi\u015f yeni bas\u0131m\u0131yla Yordam Edebiyat\u2019ta\u2026 <\/p>\n","protected":false},"excerpt":{"rendered":"<p>Kurtlar Aras\u0131nda \u00c7\u0131plak, \u00f6l\u00fcm\u00fcn ve i\u015fkencenin kol gezdi\u011fi Buchenwald Toplama Kamp\u0131\u2019ndaki bir grup tutuklunun direni\u015f hik\u00e2yesini anlat\u0131yor. Gerilim, k\u00fc\u00e7\u00fck bir \u00e7ocu\u011fun bir bavul i\u00e7inde kampa sokulmas\u0131yla<span class=\"excerpt-hellip\"> [\u2026]<\/span><\/p>\n","protected":false},"featured_media":0,"template":"","meta":{"_monsterinsights_skip_tracking":false,"_monsterinsights_sitenote_active":false,"_monsterinsights_sitenote_note":"","_monsterinsights_sitenote_category":0},"product_brand":[],"product_cat":[12291,12711],"product_tag":[],"class_list":{"0":"post-733644","1":"product","2":"type-product","3":"status-publish","5":"product_cat-edebiyat","6":"product_cat-roman-oyku","7":"pa_cilt-ciltsiz","8":"pa_tur-kitap","9":"pa_yayinevi-yordam-kitap","10":"pa_yazar-bruno-apitz","12":"first","13":"instock","14":"sale","15":"shipping-taxable","16":"purchasable","17":"product-type-simple"},"_links":{"self":[{"href":"https:\/\/roveyayinevi.com.tr\/index.php\/wp-json\/wp\/v2\/product\/733644","targetHints":{"allow":["GET"]}}],"collection":[{"href":"https:\/\/roveyayinevi.com.tr\/index.php\/wp-json\/wp\/v2\/product"}],"about":[{"href":"https:\/\/roveyayinevi.com.tr\/index.php\/wp-json\/wp\/v2\/types\/product"}],"wp:attachment":[{"href":"https:\/\/roveyayinevi.com.tr\/index.php\/wp-json\/wp\/v2\/media?parent=733644"}],"wp:term":[{"taxonomy":"product_brand","embeddable":true,"href":"https:\/\/roveyayinevi.com.tr\/index.php\/wp-json\/wp\/v2\/product_brand?post=733644"},{"taxonomy":"product_cat","embeddable":true,"href":"https:\/\/roveyayinevi.com.tr\/index.php\/wp-json\/wp\/v2\/product_cat?post=733644"},{"taxonomy":"product_tag","embeddable":true,"href":"https:\/\/roveyayinevi.com.tr\/index.php\/wp-json\/wp\/v2\/product_tag?post=733644"}],"curies":[{"name":"wp","href":"https:\/\/api.w.org\/{rel}","templated":true}]}}