{"id":733643,"date":"2025-08-27T22:14:04","date_gmt":"2025-08-27T19:14:04","guid":{"rendered":"https:\/\/roveyayinevi.com.tr\/index.php\/urun\/kadin-kurtulus-hareketi\/"},"modified":"2026-04-16T02:41:33","modified_gmt":"2026-04-15T23:41:33","slug":"kadin-kurtulus-hareketi","status":"publish","type":"product","link":"https:\/\/roveyayinevi.com.tr\/index.php\/urun\/kadin-kurtulus-hareketi\/","title":{"rendered":"Kad\u0131n Kurtulu\u015f Hareketi"},"content":{"rendered":"<p>Kad\u0131n\u0131n kurtulu\u015fu ad\u0131na elimizde nas\u0131l bir stratejiler b\u00fct\u00fcn\u00fc, ne tip deneyimler vard\u0131r? Ayd\u0131nlanma ile a\u00e7\u0131lan b\u00fcy\u00fck tarihsel d\u00f6neme\u00e7 kad\u0131nlara neler vadetmi\u015ftir? \u00d6nceki y\u00fczy\u0131lda Avrupa devrimlerle \u00e7alkalan\u0131rken, hak taleplerinden \u00f6zg\u00fcrl\u00fck aray\u0131\u015flar\u0131na kad\u0131nlar hangi konumda yer alm\u0131\u015ft\u0131r? Bu tabloda Paris\u2019in kom\u00fcnar kad\u0131nlar\u0131 ne tip \u00e7\u00f6z\u00fcmler \u00fcretmi\u015ftir? 20. y\u00fczy\u0131la damgas\u0131n\u0131 vuran \u201creel sosyalizm\u201d deneyimleri, \u201ckad\u0131n\u0131n kurtulu\u015fu\u201d ba\u015fl\u0131\u011f\u0131nda, ne t\u00fcr vaatler, mevziler ve hayal k\u0131r\u0131kl\u0131klar\u0131 ile ayr\u0131\u015ft\u0131r\u0131labilir? T\u00fcm bu tarihsel izlek ile g\u00fcn\u00fcm\u00fcz\u00fcn kom\u00fcnalist yakla\u015f\u0131mlar\u0131, m\u00fc\u015fterekler perspektifi ve \u201cfeminist grev\u201d gibi \u00f6rnekleri nas\u0131l ili\u015fkilendirilebilir? Ebru Pekta\u015f, Kad\u0131n Kurtulu\u015f Hareketi\u2019nde bu gibi sorular\u0131n \u0131\u015f\u0131\u011f\u0131nda, kad\u0131nlar\u0131n ezilmi\u015fli\u011fi ve bask\u0131n\u0131n nedenleri hakk\u0131nda s\u00fcren u\u00e7suz bucaks\u0131z kuramsal aray\u0131\u015flar\u0131n d\u0131\u015f\u0131na \u00e7\u0131karak \u201ckurtulu\u015f fikri\u201dni d\u00fcnyevi ve g\u00fcndelik olanla, somut ve ya\u015famsal konularla ili\u015fkilendiriyor. Kad\u0131n \u00fctopyalar\u0131ndan burjuva devrimlerine, Kom\u00fcn deneyiminden \u201creel sosyalizm\u201d pratiklerine ve nihayet g\u00fcn\u00fcm\u00fcz\u00fcn kom\u00fcnalist re\u00e7etelerine uzanan bir hatta \u201ckad\u0131n\u0131n devrime h\u00fckmetmesi\u201dnin yollar\u0131n\u0131 ara\u015ft\u0131r\u0131yor. \u201cBu kitapta temel tez olarak \u2018h\u00e2l\u00e2\u2019, kad\u0131n\u0131n kurtulu\u015funun \u00f6n ko\u015fulunun sosyalizm oldu\u011funu savunuyorum. Ancak bu \u00f6n ko\u015fulun, kad\u0131n m\u00fccadelesine i\u00e7erilmesi gereken bir \u2018iktidar perspektifi\u2019 ile birlikte d\u00fc\u015f\u00fcn\u00fclmesi zorunludur. Zira sosyalizm \u00f6n ko\u015fulunu, t\u00fcm mahiyeti ile ger\u00e7ek k\u0131lacak \u015fey, \u2018kad\u0131n\u0131n devrime h\u00fckmetmesi\u2019dir.\u201d <\/p>\n","protected":false},"excerpt":{"rendered":"<p>Kad\u0131n\u0131n kurtulu\u015fu ad\u0131na elimizde nas\u0131l bir stratejiler b\u00fct\u00fcn\u00fc, ne tip deneyimler vard\u0131r? Ayd\u0131nlanma ile a\u00e7\u0131lan b\u00fcy\u00fck tarihsel d\u00f6neme\u00e7 kad\u0131nlara neler vadetmi\u015ftir? \u00d6nceki y\u00fczy\u0131lda Avrupa devrimlerle \u00e7alkalan\u0131rken,<span class=\"excerpt-hellip\"> [\u2026]<\/span><\/p>\n","protected":false},"featured_media":0,"template":"","meta":{"_monsterinsights_skip_tracking":false,"_monsterinsights_sitenote_active":false,"_monsterinsights_sitenote_note":"","_monsterinsights_sitenote_category":0},"product_brand":[],"product_cat":[12370,12304],"product_tag":[],"class_list":{"0":"post-733643","1":"product","2":"type-product","3":"status-publish","5":"product_cat-arastirma-inceleme","6":"product_cat-tarih","7":"pa_cilt-ciltsiz","8":"pa_tur-kitap","9":"pa_yayinevi-yordam-kitap","10":"pa_yazar-ebru-pektas","12":"first","13":"instock","14":"sale","15":"shipping-taxable","16":"purchasable","17":"product-type-simple"},"_links":{"self":[{"href":"https:\/\/roveyayinevi.com.tr\/index.php\/wp-json\/wp\/v2\/product\/733643","targetHints":{"allow":["GET"]}}],"collection":[{"href":"https:\/\/roveyayinevi.com.tr\/index.php\/wp-json\/wp\/v2\/product"}],"about":[{"href":"https:\/\/roveyayinevi.com.tr\/index.php\/wp-json\/wp\/v2\/types\/product"}],"wp:attachment":[{"href":"https:\/\/roveyayinevi.com.tr\/index.php\/wp-json\/wp\/v2\/media?parent=733643"}],"wp:term":[{"taxonomy":"product_brand","embeddable":true,"href":"https:\/\/roveyayinevi.com.tr\/index.php\/wp-json\/wp\/v2\/product_brand?post=733643"},{"taxonomy":"product_cat","embeddable":true,"href":"https:\/\/roveyayinevi.com.tr\/index.php\/wp-json\/wp\/v2\/product_cat?post=733643"},{"taxonomy":"product_tag","embeddable":true,"href":"https:\/\/roveyayinevi.com.tr\/index.php\/wp-json\/wp\/v2\/product_tag?post=733643"}],"curies":[{"name":"wp","href":"https:\/\/api.w.org\/{rel}","templated":true}]}}