{"id":733640,"date":"2025-08-27T22:14:02","date_gmt":"2025-08-27T19:14:02","guid":{"rendered":"https:\/\/roveyayinevi.com.tr\/index.php\/urun\/gecmisten-gelecege-sifa-tarhana\/"},"modified":"2026-04-16T02:41:33","modified_gmt":"2026-04-15T23:41:33","slug":"gecmisten-gelecege-sifa-tarhana","status":"publish","type":"product","link":"https:\/\/roveyayinevi.com.tr\/index.php\/urun\/gecmisten-gelecege-sifa-tarhana\/","title":{"rendered":"Ge\u00e7mi\u015ften Gelece\u011fe \u015eifa Tarhana"},"content":{"rendered":"<p>Haz\u0131r Alma Kendin Yap kitab\u0131n\u0131n yazar\u0131ndan!Bu kitab\u0131 al\u0131n, evinizin ba\u015fk\u00f6\u015fesine koyun ve hemen tarhana hamurunuzu yo\u011furmaya ba\u015flay\u0131n!Anadolu kad\u0131n\u0131n\u0131n anadan k\u0131za, ku\u015faktan ku\u015fa\u011fa aktard\u0131\u011f\u0131 hazine de\u011ferinde tarhana tarifleri bulacaks\u0131n\u0131z i\u00e7inde. D\u00f6vme ve yo\u011furtla yap\u0131lan ak tarhana, top tarhana, ek\u015fi erikli, k\u0131z\u0131lc\u0131kl\u0131, b\u00f6r\u00fclceli, fasulyeli, nohutlu tarhanalar, domatesli biberli pembe un tarhanalar\u0131, ya\u015f tarhanalar\u2026 Gl\u00fctensiz tarhana, siyez unlu tarhana, damla sak\u0131zl\u0131 tarhana, \u00e7erezlik tarhana, bebek tarhanas\u0131\u2026 \u00c7orbas\u0131, mant\u0131s\u0131, \u00e7\u00f6re\u011fi, yeme\u011fiyle koca bir tarhana k\u00fclt\u00fcr\u00fc\u2026Bu miras\u0131 bize aktaranlar da ana k\u0131z. H\u00fclya Durano\u011flu Erol ve I\u015f\u0131l Erol, ninelerinden, b\u00fcy\u00fcklerinden \u00f6\u011frendiklerini, \u00e7ocuklar\u0131m\u0131z, torunlar\u0131m\u0131z da yaps\u0131n diye kayda ge\u00e7irdi.Kitaptaki onlarca tarifle, en me\u015fgul anne bile evinin tarhanas\u0131n\u0131 haz\u0131rlayabilir. Hem de yaz k\u0131\u015f demeden\u2026 Elindeki tarhanay\u0131 daha g\u00fczel de\u011ferlendirebilir.Tarhanan\u0131n tarih\u00e7esini, besin de\u011ferini, tarhana konulu yaz\u0131l\u0131 kaynaklar\u0131 d\u00e2hil ettikleri bu kitap ara\u015ft\u0131r\u0131c\u0131lar i\u00e7in de \u00f6nemli bir kaynak eser niteli\u011finde.G\u00f6kten \u00fc\u00e7 elma d\u00fc\u015fm\u00fc\u015f\u2026 Tarhanay\u0131 yo\u011furan, pi\u015firen, ya\u015fatanlar\u0131n ba\u015f\u0131na\u2026<\/p>\n","protected":false},"excerpt":{"rendered":"<p>Haz\u0131r Alma Kendin Yap kitab\u0131n\u0131n yazar\u0131ndan!Bu kitab\u0131 al\u0131n, evinizin ba\u015fk\u00f6\u015fesine koyun ve hemen tarhana hamurunuzu yo\u011furmaya ba\u015flay\u0131n!Anadolu kad\u0131n\u0131n\u0131n anadan k\u0131za, ku\u015faktan ku\u015fa\u011fa aktard\u0131\u011f\u0131 hazine de\u011ferinde tarhana<span class=\"excerpt-hellip\"> [\u2026]<\/span><\/p>\n","protected":false},"featured_media":0,"template":"","meta":{"_monsterinsights_skip_tracking":false,"_monsterinsights_sitenote_active":false,"_monsterinsights_sitenote_note":"","_monsterinsights_sitenote_category":0},"product_brand":[],"product_cat":[13402,13365],"product_tag":[],"class_list":{"0":"post-733640","1":"product","2":"type-product","3":"status-publish","5":"product_cat-beslenme-ve-diyet","6":"product_cat-saglik","7":"pa_cilt-ciltsiz","8":"pa_tur-kitap","9":"pa_yayinevi-hayykitap","10":"pa_yazar-isil-erol-hulya-duranoglu-erol","12":"first","13":"instock","14":"sale","15":"shipping-taxable","16":"purchasable","17":"product-type-simple"},"_links":{"self":[{"href":"https:\/\/roveyayinevi.com.tr\/index.php\/wp-json\/wp\/v2\/product\/733640","targetHints":{"allow":["GET"]}}],"collection":[{"href":"https:\/\/roveyayinevi.com.tr\/index.php\/wp-json\/wp\/v2\/product"}],"about":[{"href":"https:\/\/roveyayinevi.com.tr\/index.php\/wp-json\/wp\/v2\/types\/product"}],"wp:attachment":[{"href":"https:\/\/roveyayinevi.com.tr\/index.php\/wp-json\/wp\/v2\/media?parent=733640"}],"wp:term":[{"taxonomy":"product_brand","embeddable":true,"href":"https:\/\/roveyayinevi.com.tr\/index.php\/wp-json\/wp\/v2\/product_brand?post=733640"},{"taxonomy":"product_cat","embeddable":true,"href":"https:\/\/roveyayinevi.com.tr\/index.php\/wp-json\/wp\/v2\/product_cat?post=733640"},{"taxonomy":"product_tag","embeddable":true,"href":"https:\/\/roveyayinevi.com.tr\/index.php\/wp-json\/wp\/v2\/product_tag?post=733640"}],"curies":[{"name":"wp","href":"https:\/\/api.w.org\/{rel}","templated":true}]}}