{"id":733639,"date":"2025-08-27T22:14:01","date_gmt":"2025-08-27T19:14:01","guid":{"rendered":"https:\/\/roveyayinevi.com.tr\/index.php\/urun\/onurlular-alcaklar-ve-hilekarlar\/"},"modified":"2026-04-16T02:41:33","modified_gmt":"2026-04-15T23:41:33","slug":"onurlular-alcaklar-ve-hilekarlar","status":"publish","type":"product","link":"https:\/\/roveyayinevi.com.tr\/index.php\/urun\/onurlular-alcaklar-ve-hilekarlar\/","title":{"rendered":"Onurlular, Al\u00e7aklar ve Hilekarlar"},"content":{"rendered":"<p>\u0130nsanl\u0131k, se\u00e7kinlerin kirli propagandas\u0131ndan kurtulup dostlu\u011fun, sevginin ve ne\u015fenin h\u00e2kim oldu\u011fu yeni bir ya\u015fam kurabilir mi?D\u00fcnya, sanayi devrimi sonras\u0131nda ortaya \u00e7\u0131kan bir avu\u00e7 aristokratik se\u00e7kinin bencil ve k\u00f6t\u00fcc\u00fcl hesaplar\u0131na teslim olmu\u015f durumda.Aristokratik se\u00e7kinler orta \u00e7a\u011f\u0131n kral ve derebeylerinden \u00e7ok daha sorumsuz hareket ediyor, d\u00fcnyay\u0131 kendi \u00e7\u0131karlar\u0131na g\u00f6re y\u00f6netiyor, insanlar\u0131 b\u00f6l\u00fcyor, sava\u015flar ve krizler \u00e7\u0131kar\u0131yor, darbeler tezg\u00e2hl\u0131yor ve sebep olduklar\u0131 k\u00f6t\u00fcl\u00fcklerin hesab\u0131n\u0131 vermiyorlar. D\u00fcnyan\u0131n, do\u011fan\u0131n ve insanlar\u0131n iyili\u011fi onlar i\u00e7in bir \u015fey ifade etmiyor. \u201cBu ac\u0131lar keyfimizi (k\u00e2r\u0131m\u0131z\u0131) art\u0131rd\u0131\u011f\u0131na g\u00f6re, niye bizi dertlendirsin?\u201d diyorlar.1900\u2019l\u00fc y\u0131llar\u0131n ba\u015flar\u0131nda kurulan bu sistem sa\u00e7 aya\u011f\u0131na oturuyor:1. Propaganda ile alg\u0131 y\u00f6netimi2. Aristokratik se\u00e7kinlerin \u00f6rg\u00fctl\u00fc bir hukuki sorumsuzluk ve su\u00e7 i\u015fleme \u00f6zg\u00fcrl\u00fc\u011f\u00fc i\u00e7inde hareket edebiliyor olmalar\u01313. Bilim ve felsefenin toplumun ortak yarar\u0131na de\u011fil aristokratik se\u00e7kinlerin gayelerine hizmet eder \u015fekilde kullan\u0131l\u0131yor olmas\u0131.Kitab\u0131n benimsedi\u011fi teze g\u00f6re; bug\u00fcn i\u00e7inde ya\u015fad\u0131\u011f\u0131m\u0131z sistem, \u201ckapitalizm\u201d de\u011fildir. 19. y\u00fczy\u0131l\u0131n sonlar\u0131na do\u011fru \u201ckapitalizm\u201d i\u015fleyi\u015f tarz\u0131 nedeniyle kendi kendisini bitirmi\u015f, s\u0131nai i\u015fletmelerde m\u00fclkiyet ve y\u00f6netim birbirinden ayr\u0131\u015fm\u0131\u015ft\u0131r. Art\u0131k ekonomiye h\u00e2kim olanlar \u201ckapitalistler\u201d de\u011fil, kurduklar\u0131 doland\u0131r\u0131c\u0131l\u0131k ve sahtek\u00e2rl\u0131k sistemi ile ba\u015fkalar\u0131n\u0131n (halk\u0131n) paras\u0131n\u0131 kendi \u00e7\u0131karlar\u0131 i\u00e7in kullanan bir \u201casalaklar z\u00fcmresidir\u201d.\u00d6yleyse 100 y\u0131ld\u0131r i\u00e7inde ya\u015fad\u0131\u011f\u0131m\u0131z bu sistem, bir \u201canomali\u201dden; kapitalizmin, cumhuriyetin ve demokrasinin bir tiyatrosundan ba\u015fka bir \u015fey de\u011fildir.Kitap, i\u00e7inde ya\u015fad\u0131\u011f\u0131m\u0131z anomalinin fark edilmemesi i\u00e7in bilin\u00e7li olarak \u00e7arp\u0131t\u0131lan, sans\u00fcrlenen ve bilim de\u011fildir denilerek de\u011fersizle\u015ftirilmeye \u00e7al\u0131\u015f\u0131lan felsefeyi ve ba\u015fta Amerikan tarihi olmak \u00fczere uygarl\u0131k tarihini masaya yat\u0131r\u0131yor. Ve \u201ckral \u00e7\u0131plak ve al\u00e7ak\u201d diyor\u2026 \u0130nsanl\u0131\u011f\u0131n 20. y\u00fczy\u0131l boyunca toplumdan uzak tutulmu\u015f Spinoza\u2019n\u0131n \u00f6\u011fretisi ile zihinsel esaretten kurtulabilece\u011fini ve yeni bir ya\u015fam kurabilece\u011fini m\u00fcjdeliyor\u2026\u00d6yleyse her \u015fey bize kalm\u0131\u015f\u2026<\/p>\n","protected":false},"excerpt":{"rendered":"<p>\u0130nsanl\u0131k, se\u00e7kinlerin kirli propagandas\u0131ndan kurtulup dostlu\u011fun, sevginin ve ne\u015fenin h\u00e2kim oldu\u011fu yeni bir ya\u015fam kurabilir mi?D\u00fcnya, sanayi devrimi sonras\u0131nda ortaya \u00e7\u0131kan bir avu\u00e7 aristokratik se\u00e7kinin bencil<span class=\"excerpt-hellip\"> [\u2026]<\/span><\/p>\n","protected":false},"featured_media":0,"template":"","meta":{"_monsterinsights_skip_tracking":false,"_monsterinsights_sitenote_active":false,"_monsterinsights_sitenote_note":"","_monsterinsights_sitenote_category":0},"product_brand":[],"product_cat":[13059,12337],"product_tag":[],"class_list":{"0":"post-733639","1":"product","2":"type-product","3":"status-publish","5":"product_cat-diger-politika-siyaset","6":"product_cat-politika-siyaset","7":"pa_cilt-ciltsiz","8":"pa_tur-kitap","9":"pa_yayinevi-hayykitap","10":"pa_yazar-halil-dogru","12":"first","13":"instock","14":"sale","15":"shipping-taxable","16":"purchasable","17":"product-type-simple"},"_links":{"self":[{"href":"https:\/\/roveyayinevi.com.tr\/index.php\/wp-json\/wp\/v2\/product\/733639","targetHints":{"allow":["GET"]}}],"collection":[{"href":"https:\/\/roveyayinevi.com.tr\/index.php\/wp-json\/wp\/v2\/product"}],"about":[{"href":"https:\/\/roveyayinevi.com.tr\/index.php\/wp-json\/wp\/v2\/types\/product"}],"wp:attachment":[{"href":"https:\/\/roveyayinevi.com.tr\/index.php\/wp-json\/wp\/v2\/media?parent=733639"}],"wp:term":[{"taxonomy":"product_brand","embeddable":true,"href":"https:\/\/roveyayinevi.com.tr\/index.php\/wp-json\/wp\/v2\/product_brand?post=733639"},{"taxonomy":"product_cat","embeddable":true,"href":"https:\/\/roveyayinevi.com.tr\/index.php\/wp-json\/wp\/v2\/product_cat?post=733639"},{"taxonomy":"product_tag","embeddable":true,"href":"https:\/\/roveyayinevi.com.tr\/index.php\/wp-json\/wp\/v2\/product_tag?post=733639"}],"curies":[{"name":"wp","href":"https:\/\/api.w.org\/{rel}","templated":true}]}}