{"id":733638,"date":"2025-08-27T22:14:00","date_gmt":"2025-08-27T19:14:00","guid":{"rendered":"https:\/\/roveyayinevi.com.tr\/index.php\/urun\/universiteler-icin-turk-dili-yazili-ve-sozlu-anlatim\/"},"modified":"2026-04-16T02:41:33","modified_gmt":"2026-04-15T23:41:33","slug":"universiteler-icin-turk-dili-yazili-ve-sozlu-anlatim","status":"publish","type":"product","link":"https:\/\/roveyayinevi.com.tr\/index.php\/urun\/universiteler-icin-turk-dili-yazili-ve-sozlu-anlatim\/","title":{"rendered":"\u00dcniversiteler \u0130\u00e7in T\u00fcrk Dili Yaz\u0131l\u0131 ve S\u00f6zl\u00fc Anlat\u0131m"},"content":{"rendered":"<p>Dil, insanlar aras\u0131nda anla\u015fmay\u0131 sa\u011flayan bir ileti\u015fim arac\u0131d\u0131r. \u0130nsanlar, duygu ve d\u00fc\u015f\u00fcncelerini birbirlerine dil vas\u0131tas\u0131yla aktar\u0131rlar. Dil, k\u00fclt\u00fcr\u00fcn en \u00f6nemli ta\u015f\u0131y\u0131c\u0131s\u0131d\u0131r. K\u00fclt\u00fcr\u00fcn en \u00f6nemli \u00f6gesi, hatta hazinesi olan dil bozulunca k\u00fclt\u00fcr, k\u00fclt\u00fcr bozulunca da millet yok olacakt\u0131r. Dil, insan\u0131n duygu, hayal ve d\u00fc\u015f\u00fcnce d\u00fcnyas\u0131n\u0131n d\u0131\u015f d\u00fcnyaya a\u00e7\u0131lan penceresidir. Bir anlamda dil, insan\u0131n i\u00e7 d\u00fcnyas\u0131n\u0131n aynas\u0131d\u0131r. Dil, bir milletin millet olabilmesinin en \u00f6nemli \u015fart\u0131d\u0131r. Her milletin kendince bir anla\u015fma dili vard\u0131r. Milletlerin olu\u015fturdu\u011fu devletler de kendilerine \u00f6zg\u00fc anla\u015fma diliyle konu\u015fur. Mesela T\u00fcrk\u00e7e, T\u00fcrkiye Cumhuriyeti\u2019nin resm\u00ee dilidir. Devletin resm\u00ee dili oldu\u011fu i\u00e7in de devlet kurumlar\u0131nda ba\u015fka bir dil ile konu\u015fulmaz, konu\u015fulmamal\u0131d\u0131r. Devlet, ortak bir gelecek i\u00e7in s\u00f6z vermi\u015f insanlar\u0131n bir bayrak alt\u0131nda olu\u015fturduklar\u0131, s\u0131n\u0131rlar\u0131 olan bir kurumdur. \u0130nsanlar\u0131n kendi aralar\u0131nda anla\u015fabilmeleri i\u00e7in ortak bir dilin olmas\u0131 gerekir. Bunun olmamas\u0131, devletin olabilecek en k\u0131sa zamanda par\u00e7alanabilece\u011fini g\u00f6sterir. \u00c7\u00fcnk\u00fc devletin esas\u0131 birlikte ya\u015fama arzusuna ba\u011fl\u0131d\u0131r. Bir toplumun veya devletin b\u00fcnyesinde meydana gelen siyasi, sosyal, k\u00fclt\u00fcrel vb. de\u011fi\u015fimleri anlaman\u0131n en g\u00fczel, en basit yollar\u0131ndan biri o toplum veya devletin diline bakmakt\u0131r. Devletin kurmu\u015f oldu\u011fu d\u00fczeni s\u00fcrd\u00fcrebilmesinde, toplumun bi\u00e7imlenmesinde, sosyal grup ve kurumlar\u0131n, toplumu olu\u015fturan insanlar\u0131n kendilerini ifade etmelerinde dilin \u00e7ok \u00f6nemli bir yeri vard\u0131r. Bir millet, ortak bir dili payla\u015ft\u0131\u011f\u0131 s\u00fcrece bir arada huzur i\u00e7inde ya\u015fayabilir. Aksi h\u00e2lde mensubu oldu\u011fu devlet, par\u00e7alanma s\u00fcrecine girmi\u015f demektir. Dil, k\u00fclt\u00fcr\u00fcn ta\u015f\u0131y\u0131c\u0131s\u0131 oldu\u011funa g\u00f6re toplumun her kademesindeki ki\u015filer taraf\u0131ndan iyi \u00f6\u011frenilmeli ve kullan\u0131lmal\u0131d\u0131r. Devlet ve millet hayat\u0131m\u0131z\u0131n bekas\u0131 ve b\u00fct\u00fcnl\u00fc\u011f\u00fc i\u00e7in dilimizin inceliklerini bilmemiz d\u00fc\u015f\u00fcncesinden yola \u00e7\u0131karak haz\u0131rlanan bu eser, Y\u00fcksek\u00f6\u011fretim \u00e7a\u011f\u0131ndaki gen\u00e7lerimize ana dilimizin derinlerinde gezmek i\u00e7in k\u0131lavuz olma amac\u0131yla kaleme al\u0131nm\u0131\u015ft\u0131r.<\/p>\n","protected":false},"excerpt":{"rendered":"<p>Dil, insanlar aras\u0131nda anla\u015fmay\u0131 sa\u011flayan bir ileti\u015fim arac\u0131d\u0131r. \u0130nsanlar, duygu ve d\u00fc\u015f\u00fcncelerini birbirlerine dil vas\u0131tas\u0131yla aktar\u0131rlar. Dil, k\u00fclt\u00fcr\u00fcn en \u00f6nemli ta\u015f\u0131y\u0131c\u0131s\u0131d\u0131r. K\u00fclt\u00fcr\u00fcn en \u00f6nemli \u00f6gesi, hatta<span class=\"excerpt-hellip\"> [\u2026]<\/span><\/p>\n","protected":false},"featured_media":0,"template":"","meta":{"_monsterinsights_skip_tracking":false,"_monsterinsights_sitenote_active":false,"_monsterinsights_sitenote_note":"","_monsterinsights_sitenote_category":0},"product_brand":[],"product_cat":[13072,12291],"product_tag":[],"class_list":{"0":"post-733638","1":"product","2":"type-product","3":"status-publish","5":"product_cat-arastirma-inceleme-referans","6":"product_cat-edebiyat","7":"pa_cilt-ciltsiz","8":"pa_tur-kitap","9":"pa_yayinevi-ilbilge-akademik-kitaplar","10":"pa_yazar-ilbilge-akademik-kitaplar-kolektif","12":"first","13":"instock","14":"sale","15":"shipping-taxable","16":"purchasable","17":"product-type-simple"},"_links":{"self":[{"href":"https:\/\/roveyayinevi.com.tr\/index.php\/wp-json\/wp\/v2\/product\/733638","targetHints":{"allow":["GET"]}}],"collection":[{"href":"https:\/\/roveyayinevi.com.tr\/index.php\/wp-json\/wp\/v2\/product"}],"about":[{"href":"https:\/\/roveyayinevi.com.tr\/index.php\/wp-json\/wp\/v2\/types\/product"}],"wp:attachment":[{"href":"https:\/\/roveyayinevi.com.tr\/index.php\/wp-json\/wp\/v2\/media?parent=733638"}],"wp:term":[{"taxonomy":"product_brand","embeddable":true,"href":"https:\/\/roveyayinevi.com.tr\/index.php\/wp-json\/wp\/v2\/product_brand?post=733638"},{"taxonomy":"product_cat","embeddable":true,"href":"https:\/\/roveyayinevi.com.tr\/index.php\/wp-json\/wp\/v2\/product_cat?post=733638"},{"taxonomy":"product_tag","embeddable":true,"href":"https:\/\/roveyayinevi.com.tr\/index.php\/wp-json\/wp\/v2\/product_tag?post=733638"}],"curies":[{"name":"wp","href":"https:\/\/api.w.org\/{rel}","templated":true}]}}