{"id":733637,"date":"2025-08-27T22:13:58","date_gmt":"2025-08-27T19:13:58","guid":{"rendered":"https:\/\/roveyayinevi.com.tr\/index.php\/urun\/milli-edebiyat\/"},"modified":"2026-04-16T02:41:33","modified_gmt":"2026-04-15T23:41:33","slug":"milli-edebiyat","status":"publish","type":"product","link":"https:\/\/roveyayinevi.com.tr\/index.php\/urun\/milli-edebiyat\/","title":{"rendered":"Milli Edebiyat"},"content":{"rendered":"<p>Milli Edebiyat adl\u0131 bu \u00e7al\u0131\u015fma, 1908\u2019de ilan edilen II. Me\u015frutiyet sonras\u0131nda Cumhuriyet\u2019in ilan\u0131na kadar ge\u00e7en s\u00fcre\u00e7teki fikri ve edebi hareketler \u00e7evresinde olu\u015fturulmu\u015ftur. Osmanl\u0131c\u0131l\u0131k, \u0130slamc\u0131l\u0131k, T\u00fcrk\u00e7\u00fcl\u00fck, Garp\u00e7\u0131l\u0131k gibi d\u00fc\u015f\u00fcnce ak\u0131mlar\u0131n\u0131n edebiyata akislerinin g\u00f6zlemlendi\u011fi bu d\u00f6nemde yeni insan ve yeni lisan anlay\u0131\u015f\u0131n\u0131n h\u00e2kim oldu\u011fu g\u00f6r\u00fcl\u00fcr. 1908-1923 aras\u0131nda on be\u015f y\u0131ll\u0131k bir d\u00f6nemde Cumhuriyet\u2019in kurulu\u015f felsefesinde etkili olan Ziya G\u00f6kalp, \u00d6mer Seyfettin, Mehmet Emin Yurdakul, Ahmet Hikmet M\u00fcft\u00fco\u011flu, Aka G\u00fcnd\u00fcz vb. bir\u00e7ok yazar\u0131n g\u00f6r\u00fc\u015fleri ve eserleri etraf\u0131nda d\u00f6nemin k\u00fclt\u00fcr, sanat ve edebiyat hayat\u0131 \u015fekillenir. Millilik kavram\u0131 etraf\u0131nda hareket eden bu edipler yeni bir edebiyat\u0131n olu\u015fmas\u0131nda da do\u011frudan ve dolayl\u0131 yollardan katk\u0131da bulunurlar ayn\u0131 zamanda ulus devlete giden yolda yeni bir kimlik in\u015fas\u0131na da katk\u0131da bulunurlar. Bu ba\u011flamda bu eser ilgili d\u00f6nem i\u00e7erisindeki t\u00fcrleri, \u015fair ve yazarlar\u0131n eserlerini irdeleyen kapsaml\u0131 bir \u00e7al\u0131\u015fma olarak haz\u0131rlanm\u0131\u015ft\u0131r. \u00dcniversitelerimizin edebiyat fak\u00fcltelerindeki T\u00fcrk Dili ve Edebiyat\u0131 b\u00f6l\u00fcmleri ile E\u011fitim Fak\u00fcltelerindeki T\u00fcrk Dili ve Edebiyat\u0131 \u00d6\u011fretmenli\u011fi ile T\u00fcrk\u00e7e ve Sosyal Bilgiler \u00d6\u011fretmenli\u011fi gibi b\u00f6l\u00fcmlerin m\u00fcfredatlar\u0131 g\u00f6zetilerek haz\u0131rlanan bu eser, \u00f6\u011frencilerimizin ihtiya\u00e7 duyaca\u011f\u0131 bilgiler g\u00f6zetilerek haz\u0131rlanm\u0131\u015ft\u0131r.Tanzimat, Servet-i F\u00fcn\u00fbn, Fecr-i \u00c2ti gibi d\u00f6nemlerle varl\u0131\u011f\u0131n\u0131 hissettiren modern edebiyat anlay\u0131\u015f\u0131 Milli Edebiyat d\u00f6nemi ile de Cumhuriyet d\u00f6nemi edebiyat\u0131m\u0131za zemin haz\u0131rlar. Bu d\u00f6nemi di\u011fer d\u00f6nemlerden ay\u0131ran hususiyet ise ortak de\u011ferler etraf\u0131nda bir edebiyat olu\u015fturma gayretleridir. Bu d\u00f6nemdeki \u015fair ve yazarlar bu hassasiyet \u00e7evresinde edebi eserlerine v\u00fccut vermi\u015f dolay\u0131s\u0131yla bu ortak gaye milli bir edebiyat\u0131n olu\u015fmas\u0131n\u0131 sa\u011flam\u0131\u015ft\u0131r. \u0130\u015fte elinizdeki bu \u00e7al\u0131\u015fma Milli Edebiyat\u0131n ne oldu\u011fundan ba\u015flayarak \u015fiir, roman, hik\u00e2ye, tiyatro, edebiyat tarihi gibi t\u00fcr ve alanlarda bu d\u00f6nemi ve bu d\u00f6nemin edebiyat anlay\u0131\u015f\u0131n\u0131 sunmak amac\u0131yla haz\u0131rlanm\u0131\u015ft\u0131r. Bu yap\u0131l\u0131rken de m\u00fcmk\u00fcn oldu\u011fu \u00f6l\u00e7\u00fcde gereksiz bilgilerden uzak durulmu\u015ftur. T\u00fcrkiye\u2019nin farkl\u0131 \u00fcniversitelerinde Yeni T\u00fcrk Edebiyat\u0131 alan\u0131nda dersler veren bir\u00e7ok sayg\u0131n akademisyenin yaz\u0131lar\u0131ndan olu\u015fan kitap; Milli Edebiyat d\u00f6nemini b\u00fct\u00fcn t\u00fcrler ve edebi \u015fahsiyetler etraf\u0131nda anlatmas\u0131 a\u00e7\u0131s\u0131ndan bir \u00f6nem arz etmektedir. Okuyucular\u0131na faydal\u0131 olmas\u0131 dile\u011fiyle\u2026<\/p>\n","protected":false},"excerpt":{"rendered":"<p>Milli Edebiyat adl\u0131 bu \u00e7al\u0131\u015fma, 1908\u2019de ilan edilen II. Me\u015frutiyet sonras\u0131nda Cumhuriyet\u2019in ilan\u0131na kadar ge\u00e7en s\u00fcre\u00e7teki fikri ve edebi hareketler \u00e7evresinde olu\u015fturulmu\u015ftur. Osmanl\u0131c\u0131l\u0131k, \u0130slamc\u0131l\u0131k, T\u00fcrk\u00e7\u00fcl\u00fck, Garp\u00e7\u0131l\u0131k<span class=\"excerpt-hellip\"> [\u2026]<\/span><\/p>\n","protected":false},"featured_media":0,"template":"","meta":{"_monsterinsights_skip_tracking":false,"_monsterinsights_sitenote_active":false,"_monsterinsights_sitenote_note":"","_monsterinsights_sitenote_category":0},"product_brand":[],"product_cat":[13072,12291],"product_tag":[],"class_list":{"0":"post-733637","1":"product","2":"type-product","3":"status-publish","5":"product_cat-arastirma-inceleme-referans","6":"product_cat-edebiyat","7":"pa_cilt-ciltsiz","8":"pa_tur-kitap","9":"pa_yayinevi-ilbilge-akademik-kitaplar","10":"pa_yazar-ilbilge-akademik-kitaplar-kolektif","12":"first","13":"instock","14":"sale","15":"shipping-taxable","16":"purchasable","17":"product-type-simple"},"_links":{"self":[{"href":"https:\/\/roveyayinevi.com.tr\/index.php\/wp-json\/wp\/v2\/product\/733637","targetHints":{"allow":["GET"]}}],"collection":[{"href":"https:\/\/roveyayinevi.com.tr\/index.php\/wp-json\/wp\/v2\/product"}],"about":[{"href":"https:\/\/roveyayinevi.com.tr\/index.php\/wp-json\/wp\/v2\/types\/product"}],"wp:attachment":[{"href":"https:\/\/roveyayinevi.com.tr\/index.php\/wp-json\/wp\/v2\/media?parent=733637"}],"wp:term":[{"taxonomy":"product_brand","embeddable":true,"href":"https:\/\/roveyayinevi.com.tr\/index.php\/wp-json\/wp\/v2\/product_brand?post=733637"},{"taxonomy":"product_cat","embeddable":true,"href":"https:\/\/roveyayinevi.com.tr\/index.php\/wp-json\/wp\/v2\/product_cat?post=733637"},{"taxonomy":"product_tag","embeddable":true,"href":"https:\/\/roveyayinevi.com.tr\/index.php\/wp-json\/wp\/v2\/product_tag?post=733637"}],"curies":[{"name":"wp","href":"https:\/\/api.w.org\/{rel}","templated":true}]}}