{"id":733636,"date":"2025-08-27T22:13:57","date_gmt":"2025-08-27T19:13:57","guid":{"rendered":"https:\/\/roveyayinevi.com.tr\/index.php\/urun\/cumhuriyet-donemi-turk-edebiyati-3\/"},"modified":"2026-04-16T02:41:33","modified_gmt":"2026-04-15T23:41:33","slug":"cumhuriyet-donemi-turk-edebiyati-3","status":"publish","type":"product","link":"https:\/\/roveyayinevi.com.tr\/index.php\/urun\/cumhuriyet-donemi-turk-edebiyati-3\/","title":{"rendered":"Cumhuriyet D\u00f6nemi T\u00fcrk Edebiyat\u0131"},"content":{"rendered":"<p>Cumhuriyet D\u00f6nemi T\u00fcrk Edebiyat\u0131 adl\u0131 bu \u00e7al\u0131\u015fma, Cumhuriyet\u2019in kurulu\u015fundan bug\u00fcne kadar edebiyat tarihimizin safhalar\u0131n\u0131, topluluklar\u0131n\u0131, t\u00fcrlerini, \u015fair ve yazarlar\u0131n eserlerini irdeleyen derli toplu bir \u00e7al\u0131\u015fma olarak haz\u0131rlanm\u0131\u015ft\u0131r. \u00dcniversitelerimizin edebiyat fak\u00fcltelerindeki T\u00fcrk Dili ve Edebiyat\u0131, \u00c7a\u011fda\u015f T\u00fcrk Leh\u00e7eleri, T\u00fcrk Halk Bilimi gibi b\u00f6l\u00fcmler ile E\u011fitim Fak\u00fcltelerindeki T\u00fcrk Dili ve Edebiyat\u0131 \u00d6\u011fretmenli\u011fi ile T\u00fcrk\u00e7e ve Sosyal Bilgiler \u00d6\u011fretmenli\u011fi gibi b\u00f6l\u00fcmlerin m\u00fcfredatlar\u0131 g\u00f6zetilerek haz\u0131rlanan bu eser, \u00f6\u011frencilerimizin gerek duydu\u011fu bilgiler \u00e7er\u00e7evesinde olu\u015fturulmu\u015ftur. Uzun s\u00fcre varl\u0131\u011f\u0131n\u0131 s\u00fcrd\u00fcren bir imparatorlu\u011fun devam\u0131nda farkl\u0131 bir y\u00f6netim \u015fekli olan ulus-devlet olarak yoluna devam eden T\u00fcrkiye Cumhuriyeti\u2019nin siyasi ve sosyal alanda ya\u015fam\u0131\u015f oldu\u011fu reformlar\u0131n sanat ve edebiyat alan\u0131nda da yenilikleri beraberinde ta\u015f\u0131d\u0131\u011f\u0131 g\u00f6z ard\u0131 edilemez bir ger\u00e7ektir. Klasik yahut Divan Edebiyat\u0131 gelene\u011finin devam\u0131nda Tanzimat, Servet-i F\u00fcn\u00fbn, Fecr-i \u00c2ti ve Milli Edebiyat gibi d\u00f6nemlerin birikimiyle harmanlanan ve yeni eserlerle beraber yeni sanat\u00e7\u0131lar\u0131n da varl\u0131\u011f\u0131yla zenginle\u015fen Cumhuriyet D\u00f6nemi T\u00fcrk Edebiyat\u0131 1923\u2019ten g\u00fcn\u00fcm\u00fcze yakla\u015f\u0131k y\u00fcz y\u0131ll\u0131k bir zeminin \u00fczerinde v\u00fccut bulur. Bu kitapta Garip, II. Yeni gibi \u015fiir gruplar\u0131n\u0131, tarihi, pop\u00fcler, modern, postmodern gibi roman t\u00fcrlerini, olay ve durum hik\u00e2yesi gibi hik\u00e2ye bi\u00e7imlerinin yan\u0131 s\u0131ra, tiyatro tarihimizin geli\u015fimini, ele\u015ftiri t\u00fcr\u00fc ile hat\u0131ra mektup, deneme vb. nesir t\u00fcrlerinin anlat\u0131m\u0131n\u0131, temsilcilerini ve \u00f6rneklerini gereksiz bilgilerden ar\u0131nd\u0131r\u0131lm\u0131\u015f bir \u015fekilde bulman\u0131z m\u00fcmk\u00fcnd\u00fcr. T\u00fcrkiye\u2019nin farkl\u0131 \u00fcniversitelerinde Yeni T\u00fcrk Edebiyat\u0131 alan\u0131nda dersler veren bir\u00e7ok sayg\u0131n akademisyenin yaz\u0131lar\u0131ndan olu\u015fan bu \u00f6zel \u00e7al\u0131\u015fman\u0131n okuyucular\u0131na faydal\u0131 olmas\u0131 dile\u011fiyle&#8230;<\/p>\n","protected":false},"excerpt":{"rendered":"<p>Cumhuriyet D\u00f6nemi T\u00fcrk Edebiyat\u0131 adl\u0131 bu \u00e7al\u0131\u015fma, Cumhuriyet\u2019in kurulu\u015fundan bug\u00fcne kadar edebiyat tarihimizin safhalar\u0131n\u0131, topluluklar\u0131n\u0131, t\u00fcrlerini, \u015fair ve yazarlar\u0131n eserlerini irdeleyen derli toplu bir \u00e7al\u0131\u015fma olarak<span class=\"excerpt-hellip\"> [\u2026]<\/span><\/p>\n","protected":false},"featured_media":0,"template":"","meta":{"_monsterinsights_skip_tracking":false,"_monsterinsights_sitenote_active":false,"_monsterinsights_sitenote_note":"","_monsterinsights_sitenote_category":0},"product_brand":[],"product_cat":[12312,12304],"product_tag":[],"class_list":{"0":"post-733636","1":"product","2":"type-product","3":"status-publish","5":"product_cat-diger","6":"product_cat-tarih","7":"pa_cilt-ciltsiz","8":"pa_tur-kitap","9":"pa_yayinevi-ilbilge-akademik-kitaplar","10":"pa_yazar-ilbilge-akademik-kitaplar-kolektif","12":"first","13":"instock","14":"sale","15":"shipping-taxable","16":"purchasable","17":"product-type-simple"},"_links":{"self":[{"href":"https:\/\/roveyayinevi.com.tr\/index.php\/wp-json\/wp\/v2\/product\/733636","targetHints":{"allow":["GET"]}}],"collection":[{"href":"https:\/\/roveyayinevi.com.tr\/index.php\/wp-json\/wp\/v2\/product"}],"about":[{"href":"https:\/\/roveyayinevi.com.tr\/index.php\/wp-json\/wp\/v2\/types\/product"}],"wp:attachment":[{"href":"https:\/\/roveyayinevi.com.tr\/index.php\/wp-json\/wp\/v2\/media?parent=733636"}],"wp:term":[{"taxonomy":"product_brand","embeddable":true,"href":"https:\/\/roveyayinevi.com.tr\/index.php\/wp-json\/wp\/v2\/product_brand?post=733636"},{"taxonomy":"product_cat","embeddable":true,"href":"https:\/\/roveyayinevi.com.tr\/index.php\/wp-json\/wp\/v2\/product_cat?post=733636"},{"taxonomy":"product_tag","embeddable":true,"href":"https:\/\/roveyayinevi.com.tr\/index.php\/wp-json\/wp\/v2\/product_tag?post=733636"}],"curies":[{"name":"wp","href":"https:\/\/api.w.org\/{rel}","templated":true}]}}