{"id":733632,"date":"2025-08-27T22:13:52","date_gmt":"2025-08-27T19:13:52","guid":{"rendered":"https:\/\/roveyayinevi.com.tr\/index.php\/urun\/isin-icinde-degil-ustunde-olmak\/"},"modified":"2026-04-08T02:50:40","modified_gmt":"2026-04-07T23:50:40","slug":"isin-icinde-degil-ustunde-olmak","status":"publish","type":"product","link":"https:\/\/roveyayinevi.com.tr\/index.php\/urun\/isin-icinde-degil-ustunde-olmak\/","title":{"rendered":"\u0130\u015f&#8217;in \u0130\u00e7inde De\u011fil, \u00dcst\u00fcnde Olmak"},"content":{"rendered":"<p>Giri\u015fimcilik konular\u0131nda s\u00f6z sahibi olan ve kendisini kabul ettirmi\u015f bir\u00e7ok de\u011ferli uzman\u0131n, giri\u015fimcili\u011fin tan\u0131m\u0131na getirdikleri yakla\u015f\u0131m, yeni bir i\u015fe giri\u015firken, i\u015fin yenilikle ili\u015fkilendirildi\u011fi a\u00e7\u0131klamalar\u0131d\u0131r. Bu genel olarak do\u011fru ve konunun \u00f6z\u00fcne inen gerekli bir yakla\u015f\u0131md\u0131r. Ancak yeterli kabul edilebilmesi i\u00e7in, bu yakla\u015f\u0131ma, tamamlay\u0131c\u0131 olan bir a\u00e7\u0131klamay\u0131 da eklemek gerekir. Bu da, giri\u015fimcinin ki\u015filik \u00f6zellikleri, fikrin orijinalli\u011fi ya da bulunabilecek finansal g\u00fc\u00e7le ilgili olmayan, uygun ortam\u0131n olu\u015fmas\u0131 ile ilgilidir. Buna g\u00fcn\u00fcm\u00fczde giri\u015fimcilik eko-sistemi denilse de, daha \u00e7ok ki\u015finin i\u00e7erisinde bulundu\u011fu mevcut ve \u00e7etin zorlu eko-sistem \u015fartlar\u0131 daha uygun ka\u00e7maktad\u0131r. Be\u011feniyle okuyaca\u011f\u0131n\u0131z\u0131 d\u00fc\u015f\u00fcn\u00fcyorum\u2026<\/p>\n","protected":false},"excerpt":{"rendered":"<p>Giri\u015fimcilik konular\u0131nda s\u00f6z sahibi olan ve kendisini kabul ettirmi\u015f bir\u00e7ok de\u011ferli uzman\u0131n, giri\u015fimcili\u011fin tan\u0131m\u0131na getirdikleri yakla\u015f\u0131m, yeni bir i\u015fe giri\u015firken, i\u015fin yenilikle ili\u015fkilendirildi\u011fi a\u00e7\u0131klamalar\u0131d\u0131r. Bu genel<span class=\"excerpt-hellip\"> [\u2026]<\/span><\/p>\n","protected":false},"featured_media":0,"template":"","meta":{"_monsterinsights_skip_tracking":false,"_monsterinsights_sitenote_active":false,"_monsterinsights_sitenote_note":"","_monsterinsights_sitenote_category":0},"product_brand":[],"product_cat":[12364,12376],"product_tag":[],"class_list":{"0":"post-733632","1":"product","2":"type-product","3":"status-publish","5":"product_cat-genel-konular","6":"product_cat-kisisel-gelisim","7":"pa_cilt-ciltsiz","8":"pa_tur-kitap","9":"pa_yayinevi-gulnar-yayinlari","10":"pa_yazar-sedat-sadioglu","12":"first","13":"instock","14":"sale","15":"shipping-taxable","16":"purchasable","17":"product-type-simple"},"_links":{"self":[{"href":"https:\/\/roveyayinevi.com.tr\/index.php\/wp-json\/wp\/v2\/product\/733632","targetHints":{"allow":["GET"]}}],"collection":[{"href":"https:\/\/roveyayinevi.com.tr\/index.php\/wp-json\/wp\/v2\/product"}],"about":[{"href":"https:\/\/roveyayinevi.com.tr\/index.php\/wp-json\/wp\/v2\/types\/product"}],"wp:attachment":[{"href":"https:\/\/roveyayinevi.com.tr\/index.php\/wp-json\/wp\/v2\/media?parent=733632"}],"wp:term":[{"taxonomy":"product_brand","embeddable":true,"href":"https:\/\/roveyayinevi.com.tr\/index.php\/wp-json\/wp\/v2\/product_brand?post=733632"},{"taxonomy":"product_cat","embeddable":true,"href":"https:\/\/roveyayinevi.com.tr\/index.php\/wp-json\/wp\/v2\/product_cat?post=733632"},{"taxonomy":"product_tag","embeddable":true,"href":"https:\/\/roveyayinevi.com.tr\/index.php\/wp-json\/wp\/v2\/product_tag?post=733632"}],"curies":[{"name":"wp","href":"https:\/\/api.w.org\/{rel}","templated":true}]}}