{"id":733631,"date":"2025-08-27T22:13:51","date_gmt":"2025-08-27T19:13:51","guid":{"rendered":"https:\/\/roveyayinevi.com.tr\/index.php\/urun\/icinde-bir-sen-2-asreman-ciltli\/"},"modified":"2026-04-16T02:41:33","modified_gmt":"2026-04-15T23:41:33","slug":"icinde-bir-sen-2-asreman-ciltli","status":"publish","type":"product","link":"https:\/\/roveyayinevi.com.tr\/index.php\/urun\/icinde-bir-sen-2-asreman-ciltli\/","title":{"rendered":"\u0130\u00e7inde Bir Sen 2 &#8211; Asreman (Ciltli)"},"content":{"rendered":"<p>\u0130\u00e7indekiler\u2022 8 Adet \u00d6zel Tasar\u0131m Tarot Kart\u0131\u2022 Ayra\u00e7\u0130stanbul yava\u015f yava\u015f buz tutmaya ba\u015fl\u0131yordu.Boyut de\u011fi\u015ftirip art\u0131k Varta\u2019n\u0131n pen\u00e7eleri aras\u0131nda olan Mahinev\u2019i \u0130stanbul\u2019da aramaya devam eden kurtlar \u015fehirden yava\u015f\u00e7a \u00e7ekildi ama \u015fehrin buzu \u00e7\u00f6z\u00fclmedi.Y\u0131lanlar\u0131n n\u00f6bet tutmaya ba\u015flad\u0131\u011f\u0131 \u015fehirde art\u0131k hi\u00e7bir \u015fey eskisi gibi de\u011fildi.Nigin Ba\u011f\u0131\u2019yla m\u00fch\u00fcrlendi\u011fi ki\u015finin kim oldu\u011funu anlayan Mahinev, haf\u0131zas\u0131ndaki eksik par\u00e7alar\u0131 tamamlamak i\u00e7in bir yola \u00e7\u0131kar. Ya\u015fanan b\u00fcy\u00fck tutulmayla beraber Varta\u2019n\u0131n kap\u0131s\u0131 tehlikeli varl\u0131klara a\u00e7\u0131lm\u0131\u015ft\u0131r.Mahinev, babaannesinin r\u00fcyalar yoluyla haber vererek gitmesini istedi\u011fi o tap\u0131nakta elmas bir y\u0131lan bedeni bulur, buldu\u011fu y\u0131lan bedeniyle bir ba\u011flant\u0131s\u0131 oldu\u011funu fark eder.Efken\u2019in yolda\u015fl\u0131\u011f\u0131yla s\u0131rlar\u0131 yava\u015f\u00e7a \u00e7\u00f6zmeye ba\u015flayan Mahinev\u2019i hedef h\u00e2line getiren g\u00fc\u00e7l\u00fc bir d\u00fc\u015fman kap\u0131dad\u0131r. T\u00fcm bunlar olurken Efken ile aras\u0131ndaki ili\u015fkinin \u00e7ok \u00f6ncelere dayand\u0131\u011f\u0131n\u0131 \u00f6\u011frenen Mahinev, a\u00e7\u0131\u011fa \u00e7\u0131kan s\u0131rlarla beraber g\u00fc\u00e7lerini yava\u015f yava\u015f ke\u015ffetmeye ve d\u00fc\u015fmanla sava\u015fmaya ba\u015flar.<\/p>\n","protected":false},"excerpt":{"rendered":"<p>\u0130\u00e7indekiler\u2022 8 Adet \u00d6zel Tasar\u0131m Tarot Kart\u0131\u2022 Ayra\u00e7\u0130stanbul yava\u015f yava\u015f buz tutmaya ba\u015fl\u0131yordu.Boyut de\u011fi\u015ftirip art\u0131k Varta\u2019n\u0131n pen\u00e7eleri aras\u0131nda olan Mahinev\u2019i \u0130stanbul\u2019da aramaya devam eden kurtlar \u015fehirden<span class=\"excerpt-hellip\"> [\u2026]<\/span><\/p>\n","protected":false},"featured_media":0,"template":"","meta":{"_monsterinsights_skip_tracking":false,"_monsterinsights_sitenote_active":false,"_monsterinsights_sitenote_note":"","_monsterinsights_sitenote_category":0},"product_brand":[],"product_cat":[12291,12711],"product_tag":[],"class_list":{"0":"post-733631","1":"product","2":"type-product","3":"status-publish","5":"product_cat-edebiyat","6":"product_cat-roman-oyku","7":"pa_cilt-ciltli","8":"pa_tur-kitap","9":"pa_yayinevi-dokuz-yayinlari","10":"pa_yazar-binnur-safak-nigiz","12":"first","13":"instock","14":"sale","15":"shipping-taxable","16":"purchasable","17":"product-type-simple"},"_links":{"self":[{"href":"https:\/\/roveyayinevi.com.tr\/index.php\/wp-json\/wp\/v2\/product\/733631","targetHints":{"allow":["GET"]}}],"collection":[{"href":"https:\/\/roveyayinevi.com.tr\/index.php\/wp-json\/wp\/v2\/product"}],"about":[{"href":"https:\/\/roveyayinevi.com.tr\/index.php\/wp-json\/wp\/v2\/types\/product"}],"wp:attachment":[{"href":"https:\/\/roveyayinevi.com.tr\/index.php\/wp-json\/wp\/v2\/media?parent=733631"}],"wp:term":[{"taxonomy":"product_brand","embeddable":true,"href":"https:\/\/roveyayinevi.com.tr\/index.php\/wp-json\/wp\/v2\/product_brand?post=733631"},{"taxonomy":"product_cat","embeddable":true,"href":"https:\/\/roveyayinevi.com.tr\/index.php\/wp-json\/wp\/v2\/product_cat?post=733631"},{"taxonomy":"product_tag","embeddable":true,"href":"https:\/\/roveyayinevi.com.tr\/index.php\/wp-json\/wp\/v2\/product_tag?post=733631"}],"curies":[{"name":"wp","href":"https:\/\/api.w.org\/{rel}","templated":true}]}}