{"id":733624,"date":"2025-08-27T22:13:29","date_gmt":"2025-08-27T19:13:29","guid":{"rendered":"https:\/\/roveyayinevi.com.tr\/index.php\/urun\/suda-kaybolmak\/"},"modified":"2026-04-16T02:41:32","modified_gmt":"2026-04-15T23:41:32","slug":"suda-kaybolmak","status":"publish","type":"product","link":"https:\/\/roveyayinevi.com.tr\/index.php\/urun\/suda-kaybolmak\/","title":{"rendered":"Suda Kaybolmak"},"content":{"rendered":"<p>Matemati\u011fi ve co\u011frafyay\u0131 sevdiren fantastik romanlar\u0131yla \u00fcnl\u00fc Vladimir Tumanov, yeni kitab\u0131nda g\u00fcn\u00fcm\u00fcz d\u00fcnyas\u0131n\u0131n en \u00f6nemli ve acil sorunu olan iklim krizine dikkati \u00e7ekiyor. Y\u00fcz binlerce hayran\u0131 olan Haritada Kaybolmak roman\u0131yla ba\u015flayan &#8220;Gizemli Haritalar&#8221; dizisinin, yine ilk kez T\u00fcrk\u00e7e yay\u0131mlanan ikinci kitab\u0131nda macera devam ediyor. Alt Karde\u015fler bu kez b\u00fcy\u00fck bir sel felaketinde s\u00fcr\u00fckleniyor, bilmeceler ve ipu\u00e7lar\u0131yla ilerleyen soluksuz bir yolculu\u011fa \u00e7\u0131k\u0131yor. Buzullar\u0131n erimesi, okyanuslar\u0131n y\u00fckselmesi ve k\u00fcresel \u0131s\u0131nma gibi, d\u00fcnyan\u0131n gelece\u011fini belirleyecek sorunlar \u00fczerine d\u00fc\u015f\u00fcnd\u00fcren romanda, bilginin, ara\u015ft\u0131rma yapman\u0131n, dayan\u0131\u015fman\u0131n de\u011feri de vurgulan\u0131yor. Alt Karde\u015fler Chris ve Francis, her g\u00fcn h\u0131zla ya\u015fland\u0131klar\u0131 inan\u0131lmaz yaz maceras\u0131ndan sonra kendilerini, b\u00fcy\u00fck bir f\u0131rt\u0131nan\u0131n ortas\u0131nda bulurlar. Anne babalar\u0131n\u0131 kurtarmak i\u00e7in \u015fehir merkezine gitseler de, her yeri \u00e7oktan sular basm\u0131\u015ft\u0131r. \u00c7ocuklar, terk edilmi\u015f ofis binas\u0131nda mahsur kal\u0131r. \u00dcstelik, gizemli bilmecelerin bulundu\u011fu yeni bir ruloyla! Neyse ki, teknelerden anlayan Mariana da onlara kat\u0131l\u0131r. Yat, f\u0131\u00e7\u0131, gondol gibi \u00e7e\u015fitli ara\u00e7larla selde s\u00fcr\u00fcklenen \u00fc\u00e7l\u00fc, t\u00fcm d\u00fcnyay\u0131 yutan sular\u0131n \u00e7ekilmesi i\u00e7in bilmeceleri \u00e7\u00f6zme tela\u015f\u0131na d\u00fc\u015fer&#8230; <\/p>\n","protected":false},"excerpt":{"rendered":"<p>Matemati\u011fi ve co\u011frafyay\u0131 sevdiren fantastik romanlar\u0131yla \u00fcnl\u00fc Vladimir Tumanov, yeni kitab\u0131nda g\u00fcn\u00fcm\u00fcz d\u00fcnyas\u0131n\u0131n en \u00f6nemli ve acil sorunu olan iklim krizine dikkati \u00e7ekiyor. Y\u00fcz binlerce hayran\u0131<span class=\"excerpt-hellip\"> [\u2026]<\/span><\/p>\n","protected":false},"featured_media":0,"template":"","meta":{"_monsterinsights_skip_tracking":false,"_monsterinsights_sitenote_active":false,"_monsterinsights_sitenote_note":"","_monsterinsights_sitenote_category":0},"product_brand":[],"product_cat":[12275,12274],"product_tag":[],"class_list":{"0":"post-733624","1":"product","2":"type-product","3":"status-publish","5":"product_cat-6-12-yas-kitaplari","6":"product_cat-cocuk-ve-genclik-kitaplari","7":"pa_cilt-ciltsiz","8":"pa_tur-kitap","9":"pa_yayinevi-gunisigi-kitapligi","10":"pa_yazar-vladimir-tumanov","12":"first","13":"instock","14":"sale","15":"shipping-taxable","16":"purchasable","17":"product-type-simple"},"_links":{"self":[{"href":"https:\/\/roveyayinevi.com.tr\/index.php\/wp-json\/wp\/v2\/product\/733624","targetHints":{"allow":["GET"]}}],"collection":[{"href":"https:\/\/roveyayinevi.com.tr\/index.php\/wp-json\/wp\/v2\/product"}],"about":[{"href":"https:\/\/roveyayinevi.com.tr\/index.php\/wp-json\/wp\/v2\/types\/product"}],"wp:attachment":[{"href":"https:\/\/roveyayinevi.com.tr\/index.php\/wp-json\/wp\/v2\/media?parent=733624"}],"wp:term":[{"taxonomy":"product_brand","embeddable":true,"href":"https:\/\/roveyayinevi.com.tr\/index.php\/wp-json\/wp\/v2\/product_brand?post=733624"},{"taxonomy":"product_cat","embeddable":true,"href":"https:\/\/roveyayinevi.com.tr\/index.php\/wp-json\/wp\/v2\/product_cat?post=733624"},{"taxonomy":"product_tag","embeddable":true,"href":"https:\/\/roveyayinevi.com.tr\/index.php\/wp-json\/wp\/v2\/product_tag?post=733624"}],"curies":[{"name":"wp","href":"https:\/\/api.w.org\/{rel}","templated":true}]}}