{"id":733623,"date":"2025-08-27T22:13:28","date_gmt":"2025-08-27T19:13:28","guid":{"rendered":"https:\/\/roveyayinevi.com.tr\/index.php\/urun\/ruya-analizleri\/"},"modified":"2026-04-16T02:41:32","modified_gmt":"2026-04-15T23:41:32","slug":"ruya-analizleri","status":"publish","type":"product","link":"https:\/\/roveyayinevi.com.tr\/index.php\/urun\/ruya-analizleri\/","title":{"rendered":"R\u00fcya Analizleri"},"content":{"rendered":"<p>Yeni-Platoncu gelene\u011fin, mistik teolojinin ve romantik Alman felsefesinin varisi olan Jung, psikanalizin kurucusu Freud\u2019dan ve onun r\u00fcya teorilerinden tamamen ayr\u0131\u015f\u0131r: Bir r\u00fcya, gizli anlam\u0131n\u0131 d\u0131\u015fa vurmak i\u00e7in pe\u015fin h\u00fck\u00fcmlerle de\u015fifre edilmeye ihtiya\u00e7 duymaz; aksine, bizzat kendi yorumunu i\u00e7erir ve bu sayede ne kastetti\u011fini bize s\u00f6yler. Etnoloji ve antropolojinin yard\u0131m\u0131yla r\u00fcyalardaki mitolojik ve dini motifleri ve simgesel olu\u015fumlar\u0131 r\u00fcya sahibinin \u00e7a\u011fr\u0131\u015f\u0131mlar\u0131yla birlikte kavrad\u0131\u011f\u0131m\u0131zda o r\u00fcya zaten kendili\u011finden \u00e7\u00f6z\u00fclecektir. Yakla\u015f\u0131k iki y\u0131ll\u0131k (1928-1930) bir seminer dizisinin \u00fcr\u00fcn\u00fc olan bu eserde Jung, bir hastas\u0131n\u0131n r\u00fcyalar\u0131n\u0131 analiz etmenin yan\u0131nda r\u00fcya analizinin y\u00f6ntemlerini ve pratiklerini de sunar.<\/p>\n","protected":false},"excerpt":{"rendered":"<p>Yeni-Platoncu gelene\u011fin, mistik teolojinin ve romantik Alman felsefesinin varisi olan Jung, psikanalizin kurucusu Freud\u2019dan ve onun r\u00fcya teorilerinden tamamen ayr\u0131\u015f\u0131r: Bir r\u00fcya, gizli anlam\u0131n\u0131 d\u0131\u015fa vurmak<span class=\"excerpt-hellip\"> [\u2026]<\/span><\/p>\n","protected":false},"featured_media":0,"template":"","meta":{"_monsterinsights_skip_tracking":false,"_monsterinsights_sitenote_active":false,"_monsterinsights_sitenote_note":"","_monsterinsights_sitenote_category":0},"product_brand":[],"product_cat":[18082,15563],"product_tag":[],"class_list":{"0":"post-733623","1":"product","2":"type-product","3":"status-publish","5":"product_cat-astroloji-fal-ruya","6":"product_cat-hobi","7":"pa_cilt-ciltsiz","8":"pa_tur-kitap","9":"pa_yayinevi-pinhan-yayincilik","10":"pa_yazar-carl-gustav-jung","12":"first","13":"instock","14":"sale","15":"shipping-taxable","16":"purchasable","17":"product-type-simple"},"_links":{"self":[{"href":"https:\/\/roveyayinevi.com.tr\/index.php\/wp-json\/wp\/v2\/product\/733623","targetHints":{"allow":["GET"]}}],"collection":[{"href":"https:\/\/roveyayinevi.com.tr\/index.php\/wp-json\/wp\/v2\/product"}],"about":[{"href":"https:\/\/roveyayinevi.com.tr\/index.php\/wp-json\/wp\/v2\/types\/product"}],"wp:attachment":[{"href":"https:\/\/roveyayinevi.com.tr\/index.php\/wp-json\/wp\/v2\/media?parent=733623"}],"wp:term":[{"taxonomy":"product_brand","embeddable":true,"href":"https:\/\/roveyayinevi.com.tr\/index.php\/wp-json\/wp\/v2\/product_brand?post=733623"},{"taxonomy":"product_cat","embeddable":true,"href":"https:\/\/roveyayinevi.com.tr\/index.php\/wp-json\/wp\/v2\/product_cat?post=733623"},{"taxonomy":"product_tag","embeddable":true,"href":"https:\/\/roveyayinevi.com.tr\/index.php\/wp-json\/wp\/v2\/product_tag?post=733623"}],"curies":[{"name":"wp","href":"https:\/\/api.w.org\/{rel}","templated":true}]}}