{"id":733622,"date":"2025-08-27T22:13:27","date_gmt":"2025-08-27T19:13:27","guid":{"rendered":"https:\/\/roveyayinevi.com.tr\/index.php\/urun\/bitki-mitoslari\/"},"modified":"2026-04-16T02:41:32","modified_gmt":"2026-04-15T23:41:32","slug":"bitki-mitoslari","status":"publish","type":"product","link":"https:\/\/roveyayinevi.com.tr\/index.php\/urun\/bitki-mitoslari\/","title":{"rendered":"Bitki Mitoslar\u0131"},"content":{"rendered":"<p>Her \u015feyden \u00f6nce ve her \u015feyden sonra ya\u015fam, daima bir t\u00fcr ye\u015ferme olarak ifade bulmu\u015ftur. Do\u011fumda ve dirimde, bollukta ve doyumda bu ye\u015fermenin varl\u0131\u011f\u0131 duyulur. Hayat a\u011fac\u0131 d\u00fcnyan\u0131n merkezinde, say\u0131s\u0131z yuvayla donanm\u0131\u015f dallar\u0131yla, k\u00f6kten g\u00f6\u011fe tohum sa\u00e7ar. Yery\u00fcz\u00fcn\u00fcn t\u00fcm bitkileri bu tohumlardan topra\u011fa d\u00fc\u015fer, yay\u0131l\u0131r ve ya\u015fama kar\u0131\u015f\u0131r. \u0130\u00e7lerinde \u00f6l\u00fcms\u00fczl\u00fc\u011f\u00fcne inan\u0131lan ulu g\u00f6lgeli a\u011fa\u00e7lar da vard\u0131r, zehirli, \u015fifal\u0131, dikenli dikensiz otlar da. Baz\u0131s\u0131 uykuya dalar, mevsimleri \u00e7evirir, ruhu bir ilah\u0131n bedenine yerle\u015fir. Onunla uyan\u0131r bahar ve o kaybolunca esmeye ba\u015flar so\u011futucu r\u00fczg\u00e2rlar. Ya\u015fam bitkilerin yan\u0131 s\u0131ra devinir. Bitkileri b\u00f6ylelikle duyar\u0131z, onlar hakk\u0131nda bildiklerimiz milyonlarca y\u0131ll\u0131k bir birlikte ya\u015fam deneyiminden ta\u015f\u0131n\u0131r. \u0130nsan\u0131n anlam aray\u0131\u015f\u0131n\u0131n ve in\u015fas\u0131n\u0131n \u00fcr\u00fcn\u00fc olan mitoslar, insanla ili\u015fkide olan t\u00fcm di\u011fer varl\u0131klar gibi bitkilerin de \u00e7a\u011flar boyu d\u00f6n\u00fc\u015f\u00fcm\u00fcn\u00fc ilk a\u011f\u0131zdan aktar\u0131rlar. Deniz Gezgin&#8217;in Bitki Mitoslar\u0131 adl\u0131 bu \u00e7al\u0131\u015fmas\u0131nda farkl\u0131 co\u011frafya ve k\u00fclt\u00fcrlerde, bitkilerin k\u00fclt\u00fcr d\u00fcnyas\u0131nda yer bulu\u015f bi\u00e7imleri aktar\u0131l\u0131yor. K\u00f6k\u00fcndeki \u00f6l\u00fcmc\u00fcl inatla \u00e7\u0131\u011fl\u0131klar\u0131 duyulan adamotundan, \u00f6lmeza\u011fa\u00e7 zeytine dek bitkilerin binlerce y\u0131ll\u0131k anlam yolculu\u011funun izi bu kitapta s\u00fcr\u00fcl\u00fcyor.<\/p>\n","protected":false},"excerpt":{"rendered":"<p>Her \u015feyden \u00f6nce ve her \u015feyden sonra ya\u015fam, daima bir t\u00fcr ye\u015ferme olarak ifade bulmu\u015ftur. Do\u011fumda ve dirimde, bollukta ve doyumda bu ye\u015fermenin varl\u0131\u011f\u0131 duyulur. Hayat<span class=\"excerpt-hellip\"> [\u2026]<\/span><\/p>\n","protected":false},"featured_media":0,"template":"","meta":{"_monsterinsights_skip_tracking":false,"_monsterinsights_sitenote_active":false,"_monsterinsights_sitenote_note":"","_monsterinsights_sitenote_category":0},"product_brand":[],"product_cat":[13005,13010],"product_tag":[],"class_list":{"0":"post-733622","1":"product","2":"type-product","3":"status-publish","5":"product_cat-bilim-muhendislik","6":"product_cat-doga-bilimleri","7":"pa_cilt-ciltsiz","8":"pa_tur-kitap","9":"pa_yayinevi-pinhan-yayincilik","10":"pa_yazar-deniz-gezgin","12":"first","13":"instock","14":"sale","15":"shipping-taxable","16":"purchasable","17":"product-type-simple"},"_links":{"self":[{"href":"https:\/\/roveyayinevi.com.tr\/index.php\/wp-json\/wp\/v2\/product\/733622","targetHints":{"allow":["GET"]}}],"collection":[{"href":"https:\/\/roveyayinevi.com.tr\/index.php\/wp-json\/wp\/v2\/product"}],"about":[{"href":"https:\/\/roveyayinevi.com.tr\/index.php\/wp-json\/wp\/v2\/types\/product"}],"wp:attachment":[{"href":"https:\/\/roveyayinevi.com.tr\/index.php\/wp-json\/wp\/v2\/media?parent=733622"}],"wp:term":[{"taxonomy":"product_brand","embeddable":true,"href":"https:\/\/roveyayinevi.com.tr\/index.php\/wp-json\/wp\/v2\/product_brand?post=733622"},{"taxonomy":"product_cat","embeddable":true,"href":"https:\/\/roveyayinevi.com.tr\/index.php\/wp-json\/wp\/v2\/product_cat?post=733622"},{"taxonomy":"product_tag","embeddable":true,"href":"https:\/\/roveyayinevi.com.tr\/index.php\/wp-json\/wp\/v2\/product_tag?post=733622"}],"curies":[{"name":"wp","href":"https:\/\/api.w.org\/{rel}","templated":true}]}}