{"id":733621,"date":"2025-08-27T22:13:26","date_gmt":"2025-08-27T19:13:26","guid":{"rendered":"https:\/\/roveyayinevi.com.tr\/index.php\/urun\/kirk-kristal\/"},"modified":"2026-04-16T02:41:32","modified_gmt":"2026-04-15T23:41:32","slug":"kirk-kristal","status":"publish","type":"product","link":"https:\/\/roveyayinevi.com.tr\/index.php\/urun\/kirk-kristal\/","title":{"rendered":"K\u0131rk Kristal"},"content":{"rendered":"<p>Bu imtihan d\u00fcnyas\u0131ndan s\u0131fatlar\u0131: Padi\u015fah, Ba\u015fkan, Ka\u011fan, Firavun, \u0130mparator-\u0130mparatori\u00e7e, Kral-Krali\u00e7e, Prens-Prenses, Vali, Kaymakam, Rekt\u00f6r, Profes\u00f6r, Savc\u0131, H\u00e2kim, Amir, \u00d6\u011fretmen, Komutan, M\u00fcd\u00fcr, Memur\u2026 olan niceleri gelip ge\u00e7ti. Ancak hepsinin ka\u015f\u0131, g\u00f6z\u00fc, eti, kemi\u011fi, dili, di\u015fi topra\u011fa akt\u0131. Ancak ve ancak bu imtihan\u0131n s\u0131rr\u0131na erenler; \u201chayr\u0131\u201d i\u015flemede, yazmada, s\u00f6ylemede ve nakletmede emek verip g\u00f6z nuru d\u00f6kenler; Ahiret\u2019te ve Cennet\u2019i Bakiye\u2019de \u201cHayat-\u0131 Bakiye\u2019nin\u201d kazanan\u0131 olacaklard\u0131r in\u015fallah. \u0130nanana Allah Te\u00e2l\u00e2 (c.c) yeter. \u0130nanana Kur\u2019an (Vak\u0131a, 77-78; Furkan,1;Tevbe, 6) yeter. \u0130nanana Resul\u00fcm\u00fcz, En Sevgilimiz Muhammed Mustafa (s.a.s) yeter.<\/p>\n","protected":false},"excerpt":{"rendered":"<p>Bu imtihan d\u00fcnyas\u0131ndan s\u0131fatlar\u0131: Padi\u015fah, Ba\u015fkan, Ka\u011fan, Firavun, \u0130mparator-\u0130mparatori\u00e7e, Kral-Krali\u00e7e, Prens-Prenses, Vali, Kaymakam, Rekt\u00f6r, Profes\u00f6r, Savc\u0131, H\u00e2kim, Amir, \u00d6\u011fretmen, Komutan, M\u00fcd\u00fcr, Memur\u2026 olan niceleri gelip ge\u00e7ti.<span class=\"excerpt-hellip\"> [\u2026]<\/span><\/p>\n","protected":false},"featured_media":0,"template":"","meta":{"_monsterinsights_skip_tracking":false,"_monsterinsights_sitenote_active":false,"_monsterinsights_sitenote_note":"","_monsterinsights_sitenote_category":0},"product_brand":[],"product_cat":[12370,12304],"product_tag":[],"class_list":{"0":"post-733621","1":"product","2":"type-product","3":"status-publish","5":"product_cat-arastirma-inceleme","6":"product_cat-tarih","7":"pa_cilt-ciltsiz","8":"pa_tur-kitap","9":"pa_yayinevi-imbik-yayinlari","10":"pa_yazar-metin-falay","12":"first","13":"instock","14":"sale","15":"shipping-taxable","16":"purchasable","17":"product-type-simple"},"_links":{"self":[{"href":"https:\/\/roveyayinevi.com.tr\/index.php\/wp-json\/wp\/v2\/product\/733621","targetHints":{"allow":["GET"]}}],"collection":[{"href":"https:\/\/roveyayinevi.com.tr\/index.php\/wp-json\/wp\/v2\/product"}],"about":[{"href":"https:\/\/roveyayinevi.com.tr\/index.php\/wp-json\/wp\/v2\/types\/product"}],"wp:attachment":[{"href":"https:\/\/roveyayinevi.com.tr\/index.php\/wp-json\/wp\/v2\/media?parent=733621"}],"wp:term":[{"taxonomy":"product_brand","embeddable":true,"href":"https:\/\/roveyayinevi.com.tr\/index.php\/wp-json\/wp\/v2\/product_brand?post=733621"},{"taxonomy":"product_cat","embeddable":true,"href":"https:\/\/roveyayinevi.com.tr\/index.php\/wp-json\/wp\/v2\/product_cat?post=733621"},{"taxonomy":"product_tag","embeddable":true,"href":"https:\/\/roveyayinevi.com.tr\/index.php\/wp-json\/wp\/v2\/product_tag?post=733621"}],"curies":[{"name":"wp","href":"https:\/\/api.w.org\/{rel}","templated":true}]}}