{"id":733620,"date":"2025-08-27T22:13:25","date_gmt":"2025-08-27T19:13:25","guid":{"rendered":"https:\/\/roveyayinevi.com.tr\/index.php\/urun\/bencileyin\/"},"modified":"2026-04-16T02:41:32","modified_gmt":"2026-04-15T23:41:32","slug":"bencileyin","status":"publish","type":"product","link":"https:\/\/roveyayinevi.com.tr\/index.php\/urun\/bencileyin\/","title":{"rendered":"Bencileyin"},"content":{"rendered":"<p>Devrik bir c\u00fcmle gibi hayat; ne \u00f6znesinin  yeri belli, ne y\u00fckleminin\u2026 Asl olan bir duaya bir \u00f6m\u00fcr verebilmek, asl olan ruhun ruhunda bir dua i\u00e7in \u00f6lebilmek. Kitap, akla ya\u011fan ya\u011fmurdur; ya\u011f\u0131\u015f almayan  bir tarlan\u0131n \u00fcr\u00fcn vermesi m\u00fcmk\u00fcn m\u00fc? G\u00f6zler yalan s\u00f6ylemez lakin baz\u0131  g\u00f6zler i\u00e7in yalan s\u00f6ylenebilir. Ruhumdaki el izi k\u00e2l\u00fb bel\u00e2dan kalma; bu y\u00fczden yeminim var, sonsuza ve a\u015fka\u2026 Mah\u015fere dek s\u00fcrecek olsa da orucum,  iftar\u0131m olaca\u011f\u0131n\u0131 bilmek g\u00fczel. Can, cana kar\u0131\u015f\u0131nca g\u00f6zlerin ve ruhun  ya\u015fad\u0131\u011f\u0131 h\u00e2lin ismi canand\u0131r..<\/p>\n","protected":false},"excerpt":{"rendered":"<p>Devrik bir c\u00fcmle gibi hayat; ne \u00f6znesinin yeri belli, ne y\u00fckleminin\u2026 Asl olan bir duaya bir \u00f6m\u00fcr verebilmek, asl olan ruhun ruhunda bir dua i\u00e7in \u00f6lebilmek.<span class=\"excerpt-hellip\"> [\u2026]<\/span><\/p>\n","protected":false},"featured_media":0,"template":"","meta":{"_monsterinsights_skip_tracking":false,"_monsterinsights_sitenote_active":false,"_monsterinsights_sitenote_note":"","_monsterinsights_sitenote_category":0},"product_brand":[],"product_cat":[13072,12291],"product_tag":[],"class_list":{"0":"post-733620","1":"product","2":"type-product","3":"status-publish","5":"product_cat-arastirma-inceleme-referans","6":"product_cat-edebiyat","7":"pa_cilt-ciltsiz","8":"pa_tur-kitap","9":"pa_yayinevi-efsun-yayincilik","10":"pa_yazar-mehmet-nuri-parmaksiz","12":"first","13":"instock","14":"sale","15":"shipping-taxable","16":"purchasable","17":"product-type-simple"},"_links":{"self":[{"href":"https:\/\/roveyayinevi.com.tr\/index.php\/wp-json\/wp\/v2\/product\/733620","targetHints":{"allow":["GET"]}}],"collection":[{"href":"https:\/\/roveyayinevi.com.tr\/index.php\/wp-json\/wp\/v2\/product"}],"about":[{"href":"https:\/\/roveyayinevi.com.tr\/index.php\/wp-json\/wp\/v2\/types\/product"}],"wp:attachment":[{"href":"https:\/\/roveyayinevi.com.tr\/index.php\/wp-json\/wp\/v2\/media?parent=733620"}],"wp:term":[{"taxonomy":"product_brand","embeddable":true,"href":"https:\/\/roveyayinevi.com.tr\/index.php\/wp-json\/wp\/v2\/product_brand?post=733620"},{"taxonomy":"product_cat","embeddable":true,"href":"https:\/\/roveyayinevi.com.tr\/index.php\/wp-json\/wp\/v2\/product_cat?post=733620"},{"taxonomy":"product_tag","embeddable":true,"href":"https:\/\/roveyayinevi.com.tr\/index.php\/wp-json\/wp\/v2\/product_tag?post=733620"}],"curies":[{"name":"wp","href":"https:\/\/api.w.org\/{rel}","templated":true}]}}