{"id":733619,"date":"2025-08-27T22:13:23","date_gmt":"2025-08-27T19:13:23","guid":{"rendered":"https:\/\/roveyayinevi.com.tr\/index.php\/urun\/daha-da-kucukler-icin-dini-kitaplar-3-kitap-takim-ciltli\/"},"modified":"2026-04-16T02:41:32","modified_gmt":"2026-04-15T23:41:32","slug":"daha-da-kucukler-icin-dini-kitaplar-3-kitap-takim-ciltli","status":"publish","type":"product","link":"https:\/\/roveyayinevi.com.tr\/index.php\/urun\/daha-da-kucukler-icin-dini-kitaplar-3-kitap-takim-ciltli\/","title":{"rendered":"Daha Da K\u00fc\u00e7\u00fckler \u0130\u00e7in Dini Kitaplar 3 Kitap Tak\u0131m (Ciltli)"},"content":{"rendered":"<p>Seride \u00fc\u00e7 kitap bulunmaktad\u0131r. Serinin ilkinde, Daha da K\u00fc\u00e7\u00fckler \u0130\u00e7in Allah\u2019\u0131 Merak Ediyorum\u2019da \u201cAllah Nerede?\u201d, \u201cAllah\u2019\u0131 Neden G\u00f6remiyorum?\u201d, \u201cAllah Neye Benzer?\u201d, \u201cAllah Ne Kadar B\u00fcy\u00fck?\u201d ve \u201cAllah\u2019\u0131 Kim Yaratt\u0131?\u201d sorular\u0131na \u00f6yk\u00fcleyerek cevap veriliyor.Serinin ikinci kitab\u0131, Allah\u2019\u0131n G\u00fczel \u0130simleri kitab\u0131nda ise \u00e7ok a\u00e7\u0131k ve anla\u015f\u0131l\u0131r bir \u015fekilde sade bir dille Allah\u2019\u0131n 99 ismi anlat\u0131lmaktad\u0131r.Son kitap ise Peygamber Efendimiz\u2019in (s.a.v) hayat\u0131 anlat\u0131lmaktad\u0131r.Her \u00fc\u00e7 kitap da resimli, renkli ve ku\u015fe ka\u011f\u0131da bas\u0131larak ciltli olarak yay\u0131nlanm\u0131\u015ft\u0131r\u2026<\/p>\n","protected":false},"excerpt":{"rendered":"<p>Seride \u00fc\u00e7 kitap bulunmaktad\u0131r. Serinin ilkinde, Daha da K\u00fc\u00e7\u00fckler \u0130\u00e7in Allah\u2019\u0131 Merak Ediyorum\u2019da \u201cAllah Nerede?\u201d, \u201cAllah\u2019\u0131 Neden G\u00f6remiyorum?\u201d, \u201cAllah Neye Benzer?\u201d, \u201cAllah Ne Kadar B\u00fcy\u00fck?\u201d ve<span class=\"excerpt-hellip\"> [\u2026]<\/span><\/p>\n","protected":false},"featured_media":0,"template":"","meta":{"_monsterinsights_skip_tracking":false,"_monsterinsights_sitenote_active":false,"_monsterinsights_sitenote_note":"","_monsterinsights_sitenote_category":0},"product_brand":[],"product_cat":[12274,18802],"product_tag":[],"class_list":{"0":"post-733619","1":"product","2":"type-product","3":"status-publish","5":"product_cat-cocuk-ve-genclik-kitaplari","6":"product_cat-din-egitimi","7":"pa_cilt-set","8":"pa_tur-kitap","9":"pa_yayinevi-ugurbocegi-yayinlari","10":"pa_yazar-ozkan-oze","12":"first","13":"instock","14":"sale","15":"shipping-taxable","16":"purchasable","17":"product-type-simple"},"_links":{"self":[{"href":"https:\/\/roveyayinevi.com.tr\/index.php\/wp-json\/wp\/v2\/product\/733619","targetHints":{"allow":["GET"]}}],"collection":[{"href":"https:\/\/roveyayinevi.com.tr\/index.php\/wp-json\/wp\/v2\/product"}],"about":[{"href":"https:\/\/roveyayinevi.com.tr\/index.php\/wp-json\/wp\/v2\/types\/product"}],"wp:attachment":[{"href":"https:\/\/roveyayinevi.com.tr\/index.php\/wp-json\/wp\/v2\/media?parent=733619"}],"wp:term":[{"taxonomy":"product_brand","embeddable":true,"href":"https:\/\/roveyayinevi.com.tr\/index.php\/wp-json\/wp\/v2\/product_brand?post=733619"},{"taxonomy":"product_cat","embeddable":true,"href":"https:\/\/roveyayinevi.com.tr\/index.php\/wp-json\/wp\/v2\/product_cat?post=733619"},{"taxonomy":"product_tag","embeddable":true,"href":"https:\/\/roveyayinevi.com.tr\/index.php\/wp-json\/wp\/v2\/product_tag?post=733619"}],"curies":[{"name":"wp","href":"https:\/\/api.w.org\/{rel}","templated":true}]}}