{"id":733617,"date":"2025-08-27T22:13:20","date_gmt":"2025-08-27T19:13:20","guid":{"rendered":"https:\/\/roveyayinevi.com.tr\/index.php\/urun\/kelebek-turkusu\/"},"modified":"2026-04-16T02:41:32","modified_gmt":"2026-04-15T23:41:32","slug":"kelebek-turkusu","status":"publish","type":"product","link":"https:\/\/roveyayinevi.com.tr\/index.php\/urun\/kelebek-turkusu\/","title":{"rendered":"Kelebek T\u00fcrk\u00fcs\u00fc"},"content":{"rendered":"<p>&#8220;Nazl\u0131 beyaz yapra\u011f\u0131na esen bir yel olsam \u00f6perek ince boynundan \u00e7apk\u0131nca ka\u00e7an bir b\u00f6cek olsam   Papatyam beyaz gelinim senin k\u00f6klerine toprak, su olsam   Sen sal\u0131n\u0131rken bozk\u0131rda ben de senin ard\u0131nda co\u015fan bir zeybek olsam Vursam dizimi bu ana\u00e7 topraklara ve seni ba\u015f\u0131ma ta\u00e7 yapan bir \u00e2\u015f\u0131k olsam.&#8221; <\/p>\n","protected":false},"excerpt":{"rendered":"<p>&#8220;Nazl\u0131 beyaz yapra\u011f\u0131na esen bir yel olsam \u00f6perek ince boynundan \u00e7apk\u0131nca ka\u00e7an bir b\u00f6cek olsam Papatyam beyaz gelinim senin k\u00f6klerine toprak, su olsam Sen sal\u0131n\u0131rken bozk\u0131rda<span class=\"excerpt-hellip\"> [\u2026]<\/span><\/p>\n","protected":false},"featured_media":0,"template":"","meta":{"_monsterinsights_skip_tracking":false,"_monsterinsights_sitenote_active":false,"_monsterinsights_sitenote_note":"","_monsterinsights_sitenote_category":0},"product_brand":[],"product_cat":[12291,12509],"product_tag":[],"class_list":{"0":"post-733617","1":"product","2":"type-product","3":"status-publish","5":"product_cat-edebiyat","6":"product_cat-siir","7":"pa_cilt-ciltsiz","8":"pa_tur-kitap","9":"pa_yayinevi-luna-yayinlari","10":"pa_yazar-umit-aksac","12":"first","13":"instock","14":"sale","15":"shipping-taxable","16":"purchasable","17":"product-type-simple"},"_links":{"self":[{"href":"https:\/\/roveyayinevi.com.tr\/index.php\/wp-json\/wp\/v2\/product\/733617","targetHints":{"allow":["GET"]}}],"collection":[{"href":"https:\/\/roveyayinevi.com.tr\/index.php\/wp-json\/wp\/v2\/product"}],"about":[{"href":"https:\/\/roveyayinevi.com.tr\/index.php\/wp-json\/wp\/v2\/types\/product"}],"wp:attachment":[{"href":"https:\/\/roveyayinevi.com.tr\/index.php\/wp-json\/wp\/v2\/media?parent=733617"}],"wp:term":[{"taxonomy":"product_brand","embeddable":true,"href":"https:\/\/roveyayinevi.com.tr\/index.php\/wp-json\/wp\/v2\/product_brand?post=733617"},{"taxonomy":"product_cat","embeddable":true,"href":"https:\/\/roveyayinevi.com.tr\/index.php\/wp-json\/wp\/v2\/product_cat?post=733617"},{"taxonomy":"product_tag","embeddable":true,"href":"https:\/\/roveyayinevi.com.tr\/index.php\/wp-json\/wp\/v2\/product_tag?post=733617"}],"curies":[{"name":"wp","href":"https:\/\/api.w.org\/{rel}","templated":true}]}}