{"id":733616,"date":"2025-08-27T22:13:19","date_gmt":"2025-08-27T19:13:19","guid":{"rendered":"https:\/\/roveyayinevi.com.tr\/index.php\/urun\/kiyamet-aforizmalari\/"},"modified":"2026-04-16T02:41:32","modified_gmt":"2026-04-15T23:41:32","slug":"kiyamet-aforizmalari","status":"publish","type":"product","link":"https:\/\/roveyayinevi.com.tr\/index.php\/urun\/kiyamet-aforizmalari\/","title":{"rendered":"K\u0131yamet Aforizmalar\u0131"},"content":{"rendered":"<p>K\u0131yamet nedir sizce? Du\u0308nyada adaletin zenginlerin elinde olmas\u0131 ve sadece fakirler ic\u0327in uygulanmas\u0131, insanl\u0131g\u0306\u0131n k\u0131yameti deg\u0306il mi! C\u0327ocuklar\u0131n en gu\u0308venli liman\u0131 annesi ve babas\u0131 iken, bir baban\u0131n o\u0308z c\u0327ocug\u0306una tecavu\u0308z etmesi ve bir annenin sevgilisi ile kendi o\u0308z c\u0327ocug\u0306unu istismar etmesi bu insanl\u0131g\u0306\u0131n k\u0131yameti olamaz m\u0131? So\u0308yleyin bana mal\u0131n, mu\u0308lk\u00fcn ve makam\u0131n bir insan\u0131n can\u0131ndan deg\u0306erli oldu\u011fu bu du\u0308zen, insanl\u0131g\u0306\u0131n k\u0131yameti olamaz m\u0131? K\u0131yameti dog\u0306a olaylar\u0131nda ve salg\u0131nlarda arayanlar! K\u0131yameti go\u0308rmek ic\u0327in insanl\u0131g\u0306\u0131n yozlas\u0327t\u0131g\u0306\u0131 s\u0327u toplumlara bir bak\u0131n&#8230; <\/p>\n","protected":false},"excerpt":{"rendered":"<p>K\u0131yamet nedir sizce? Du\u0308nyada adaletin zenginlerin elinde olmas\u0131 ve sadece fakirler ic\u0327in uygulanmas\u0131, insanl\u0131g\u0306\u0131n k\u0131yameti deg\u0306il mi! C\u0327ocuklar\u0131n en gu\u0308venli liman\u0131 annesi ve babas\u0131 iken, bir<span class=\"excerpt-hellip\"> [\u2026]<\/span><\/p>\n","protected":false},"featured_media":0,"template":"","meta":{"_monsterinsights_skip_tracking":false,"_monsterinsights_sitenote_active":false,"_monsterinsights_sitenote_note":"","_monsterinsights_sitenote_category":0},"product_brand":[],"product_cat":[12291,12711],"product_tag":[],"class_list":{"0":"post-733616","1":"product","2":"type-product","3":"status-publish","5":"product_cat-edebiyat","6":"product_cat-roman-oyku","7":"pa_cilt-ciltsiz","8":"pa_tur-kitap","9":"pa_yayinevi-luna-yayinlari","10":"pa_yazar-yamac-erdogan","12":"first","13":"instock","14":"sale","15":"shipping-taxable","16":"purchasable","17":"product-type-simple"},"_links":{"self":[{"href":"https:\/\/roveyayinevi.com.tr\/index.php\/wp-json\/wp\/v2\/product\/733616","targetHints":{"allow":["GET"]}}],"collection":[{"href":"https:\/\/roveyayinevi.com.tr\/index.php\/wp-json\/wp\/v2\/product"}],"about":[{"href":"https:\/\/roveyayinevi.com.tr\/index.php\/wp-json\/wp\/v2\/types\/product"}],"wp:attachment":[{"href":"https:\/\/roveyayinevi.com.tr\/index.php\/wp-json\/wp\/v2\/media?parent=733616"}],"wp:term":[{"taxonomy":"product_brand","embeddable":true,"href":"https:\/\/roveyayinevi.com.tr\/index.php\/wp-json\/wp\/v2\/product_brand?post=733616"},{"taxonomy":"product_cat","embeddable":true,"href":"https:\/\/roveyayinevi.com.tr\/index.php\/wp-json\/wp\/v2\/product_cat?post=733616"},{"taxonomy":"product_tag","embeddable":true,"href":"https:\/\/roveyayinevi.com.tr\/index.php\/wp-json\/wp\/v2\/product_tag?post=733616"}],"curies":[{"name":"wp","href":"https:\/\/api.w.org\/{rel}","templated":true}]}}