{"id":733614,"date":"2025-08-27T22:13:17","date_gmt":"2025-08-27T19:13:17","guid":{"rendered":"https:\/\/roveyayinevi.com.tr\/index.php\/urun\/terapide-polivagal-teori\/"},"modified":"2026-04-16T02:41:32","modified_gmt":"2026-04-15T23:41:32","slug":"terapide-polivagal-teori","status":"publish","type":"product","link":"https:\/\/roveyayinevi.com.tr\/index.php\/urun\/terapide-polivagal-teori\/","title":{"rendered":"Terapide Polivagal Teori"},"content":{"rendered":"<p>\u0130ki ya\u015f\u0131ndaki k\u0131z\u0131m Iris k\u0131sa s\u00fcre \u00f6nce boyama yapmaya ba\u015flad\u0131. Hepsi birbirine benzeyen ku\u015flar, bal\u0131klar ve balinalar \u00e7iziyordu. Bir sabah bir balina \u00e7izdi ve &#8220;Balina \u00fczg\u00fcn&#8221; dedi. Balinan\u0131n daha iyi hissetmesi i\u00e7in neye ihtiyac\u0131 oldu\u011funu sordum ve &#8220;Ona bakan ba\u015fka bir balinaya ihtiyac\u0131 var&#8221; dedi. Sonra benden balinas\u0131na bakan ba\u015fka bir balina \u00e7izmemi istedi. Ona \u00fczg\u00fcn balinan\u0131n \u015fimdi nas\u0131l hissetti\u011fini sordum ve &#8220;Kendini daha iyi hissediyor&#8221; dedi. Do\u011fam\u0131z gere\u011fi sosyal varl\u0131klar\u0131z, ba\u015fkalar\u0131yla etkile\u015fim ve ili\u015fki kurmak do\u011fam\u0131zda var. \u0130\u00e7g\u00fcd\u00fcsel olarak ya\u015fam\u0131n ilk anlar\u0131ndan ya\u015fam\u0131n sonuna kadar ba\u015fkalar\u0131yla uyumlu bir ili\u015fki i\u00e7inde olmaya ihtiya\u00e7 duyar\u0131z.Bu kitapla, Deb Dana n\u00f6robiyolojik temelli Polivagal Teori\u2019yi ustal\u0131kla klinik uygulamaya ta\u015f\u0131yor. G\u00fcvenlik i\u00e7in otonom tepkileri haritaland\u0131rma ve otonom sinir sistemini \u015fekillendirme yollar\u0131yla m\u00fcdahalelere kapsaml\u0131 bir yakla\u015f\u0131m sunuyor. Sunulan fikirlerle, Polivagal Teori\u2019yi terapide kullanman\u0131n, travma ge\u00e7mi\u015fi olan dan\u0131\u015fanlar\u0131n\u0131zla y\u00fcr\u00fctt\u00fc\u011f\u00fcn\u00fcz klinik \u00e7al\u0131\u015fmalar\u0131n\u0131z\u0131n etkinli\u011fini nas\u0131l artt\u0131raca\u011f\u0131n\u0131 ke\u015ffedeceksiniz. Bu s\u00fcre\u00e7te hem terapi uygulamalar\u0131n\u0131z hem de d\u00fcnyay\u0131 g\u00f6rme ve d\u00fcnyada var olma \u015fekliniz de\u011fi\u015fecek. Otonom sinir sisteminin hayat\u0131n\u0131z\u0131 \u015fekillendirmekteki etkisini anlay\u0131p, Polivagal Teori\u2019yi hem g\u00fcnl\u00fck ya\u015fant\u0131n\u0131za hem de terapi uygulamalar\u0131n\u0131za ta\u015f\u0131..<\/p>\n","protected":false},"excerpt":{"rendered":"<p>\u0130ki ya\u015f\u0131ndaki k\u0131z\u0131m Iris k\u0131sa s\u00fcre \u00f6nce boyama yapmaya ba\u015flad\u0131. Hepsi birbirine benzeyen ku\u015flar, bal\u0131klar ve balinalar \u00e7iziyordu. Bir sabah bir balina \u00e7izdi ve &#8220;Balina \u00fczg\u00fcn&#8221;<span class=\"excerpt-hellip\"> [\u2026]<\/span><\/p>\n","protected":false},"featured_media":0,"template":"","meta":{"_monsterinsights_skip_tracking":false,"_monsterinsights_sitenote_active":false,"_monsterinsights_sitenote_note":"","_monsterinsights_sitenote_category":0},"product_brand":[],"product_cat":[20502,12357],"product_tag":[],"class_list":{"0":"post-733614","1":"product","2":"type-product","3":"status-publish","5":"product_cat-basvuru-kitaplari-psikoloji","6":"product_cat-psikoloji","7":"pa_cilt-ciltsiz","8":"pa_tur-kitap","9":"pa_yayinevi-psikonet-yayinlari","10":"pa_yazar-deb-dana","12":"first","13":"instock","14":"sale","15":"shipping-taxable","16":"purchasable","17":"product-type-simple"},"_links":{"self":[{"href":"https:\/\/roveyayinevi.com.tr\/index.php\/wp-json\/wp\/v2\/product\/733614","targetHints":{"allow":["GET"]}}],"collection":[{"href":"https:\/\/roveyayinevi.com.tr\/index.php\/wp-json\/wp\/v2\/product"}],"about":[{"href":"https:\/\/roveyayinevi.com.tr\/index.php\/wp-json\/wp\/v2\/types\/product"}],"wp:attachment":[{"href":"https:\/\/roveyayinevi.com.tr\/index.php\/wp-json\/wp\/v2\/media?parent=733614"}],"wp:term":[{"taxonomy":"product_brand","embeddable":true,"href":"https:\/\/roveyayinevi.com.tr\/index.php\/wp-json\/wp\/v2\/product_brand?post=733614"},{"taxonomy":"product_cat","embeddable":true,"href":"https:\/\/roveyayinevi.com.tr\/index.php\/wp-json\/wp\/v2\/product_cat?post=733614"},{"taxonomy":"product_tag","embeddable":true,"href":"https:\/\/roveyayinevi.com.tr\/index.php\/wp-json\/wp\/v2\/product_tag?post=733614"}],"curies":[{"name":"wp","href":"https:\/\/api.w.org\/{rel}","templated":true}]}}