{"id":733612,"date":"2025-08-27T22:13:14","date_gmt":"2025-08-27T19:13:14","guid":{"rendered":"https:\/\/roveyayinevi.com.tr\/index.php\/urun\/dava-ciltli-2\/"},"modified":"2026-04-16T02:41:32","modified_gmt":"2026-04-15T23:41:32","slug":"dava-ciltli-2","status":"publish","type":"product","link":"https:\/\/roveyayinevi.com.tr\/index.php\/urun\/dava-ciltli-2\/","title":{"rendered":"Dava (Ciltli)"},"content":{"rendered":"<p>Dava yaz\u0131l\u0131\u015f\u0131ndan bir s\u00fcre sonra d\u00fcnya sahnesine \u00e7\u0131kan, yurtta\u015fl\u0131k haklar\u0131n\u0131n ask\u0131ya al\u0131nd\u0131\u011f\u0131, bir sivil itaatsizlik imas\u0131n\u0131n dahi zul\u00fcmle kar\u015f\u0131land\u0131\u011f\u0131 totaliter rejimlere dair bir \u00f6ng\u00f6r\u00fc ve ele\u015ftiri olarak yorumlan\u0131r \u00e7o\u011funlukla. Nazi Almanya\u2019s\u0131na dair bir \u201c\u00f6nsezi\u201d bar\u0131nd\u0131rd\u0131\u011f\u0131 s\u00f6ylenebilir belki. Eri\u015filmez bir otorite taraf\u0131ndan y\u00f6neltilen ve ne oldu\u011fu hi\u00e7bir zaman a\u00e7\u0131klanmayan bir su\u00e7lamayla kar\u015f\u0131 kar\u015f\u0131ya kalan Josef K.\u2019n\u0131n davas\u0131nda; mahkemeye dinsel ya da metafizik bir otorite de atfedilebilir. Kafka Dava\u2019da su\u00e7u yaln\u0131zca bir eylem olarak tan\u0131mlamay\u0131p zanl\u0131n\u0131n \u201ck\u00f6t\u00fc niyeti\u201dyle de ili\u015fkilendiren ve su\u00e7tan \u00e7ok su\u00e7luya odaklanan abs\u00fcrd bir hukuk sistemi paradigmas\u0131 in\u015fa eder. Kuramsal olarak ortada yasad\u0131\u015f\u0131 bir eylem olmaks\u0131z\u0131n su\u00e7u m\u00fcmk\u00fcn k\u0131lan bir sistemdir bu. Ancak Kafka su\u00e7; sorumluluk ve \u00f6zg\u00fcrl\u00fck \u00fczerine yazarken bir sistem ya da doktrin ortaya koymaz, \u00e7\u00f6z\u00fcm \u00f6nermez. Okuru ister istemez i\u00e7ine \u00e7eken bu karanl\u0131k d\u00fcnya tasavvurunun tart\u0131\u015fmaya a\u00e7\u0131k olmayan tek bir \u00f6zelli\u011fi varsa; o da m\u00fcphemli\u011fidir. <\/p>\n","protected":false},"excerpt":{"rendered":"<p>Dava yaz\u0131l\u0131\u015f\u0131ndan bir s\u00fcre sonra d\u00fcnya sahnesine \u00e7\u0131kan, yurtta\u015fl\u0131k haklar\u0131n\u0131n ask\u0131ya al\u0131nd\u0131\u011f\u0131, bir sivil itaatsizlik imas\u0131n\u0131n dahi zul\u00fcmle kar\u015f\u0131land\u0131\u011f\u0131 totaliter rejimlere dair bir \u00f6ng\u00f6r\u00fc ve ele\u015ftiri<span class=\"excerpt-hellip\"> [\u2026]<\/span><\/p>\n","protected":false},"featured_media":0,"template":"","meta":{"_monsterinsights_skip_tracking":false,"_monsterinsights_sitenote_active":false,"_monsterinsights_sitenote_note":"","_monsterinsights_sitenote_category":0},"product_brand":[],"product_cat":[12291,26797],"product_tag":[],"class_list":{"0":"post-733612","1":"product","2":"type-product","3":"status-publish","5":"product_cat-edebiyat","6":"product_cat-modern-klasikler","7":"pa_cilt-ciltli","8":"pa_tur-kitap","9":"pa_yayinevi-is-bankasi-kultur-yayinlari","10":"pa_yazar-franz-kafka","12":"first","13":"instock","14":"sale","15":"shipping-taxable","16":"purchasable","17":"product-type-simple"},"_links":{"self":[{"href":"https:\/\/roveyayinevi.com.tr\/index.php\/wp-json\/wp\/v2\/product\/733612","targetHints":{"allow":["GET"]}}],"collection":[{"href":"https:\/\/roveyayinevi.com.tr\/index.php\/wp-json\/wp\/v2\/product"}],"about":[{"href":"https:\/\/roveyayinevi.com.tr\/index.php\/wp-json\/wp\/v2\/types\/product"}],"wp:attachment":[{"href":"https:\/\/roveyayinevi.com.tr\/index.php\/wp-json\/wp\/v2\/media?parent=733612"}],"wp:term":[{"taxonomy":"product_brand","embeddable":true,"href":"https:\/\/roveyayinevi.com.tr\/index.php\/wp-json\/wp\/v2\/product_brand?post=733612"},{"taxonomy":"product_cat","embeddable":true,"href":"https:\/\/roveyayinevi.com.tr\/index.php\/wp-json\/wp\/v2\/product_cat?post=733612"},{"taxonomy":"product_tag","embeddable":true,"href":"https:\/\/roveyayinevi.com.tr\/index.php\/wp-json\/wp\/v2\/product_tag?post=733612"}],"curies":[{"name":"wp","href":"https:\/\/api.w.org\/{rel}","templated":true}]}}