{"id":733610,"date":"2025-08-27T22:13:11","date_gmt":"2025-08-27T19:13:11","guid":{"rendered":"https:\/\/roveyayinevi.com.tr\/index.php\/urun\/dile-sitem\/"},"modified":"2025-10-27T16:54:02","modified_gmt":"2025-10-27T13:54:02","slug":"dile-sitem","status":"publish","type":"product","link":"https:\/\/roveyayinevi.com.tr\/index.php\/urun\/dile-sitem\/","title":{"rendered":"Dile Sitem"},"content":{"rendered":"<p>Hayaller tarih ve edebiyat ger\u00e7ekler ise eleltronik diyerek bitirdik okullar\u0131. \u00d6zel bir firmadan sonra, halen g\u00f6reve devam etti\u011fim devlet kurumunda \u00e7al\u0131\u015fmaya ba\u015flad\u0131m. \u015eimdi ise g\u00f6n\u00fcl penceremden s\u00fcz\u00fclen m\u0131sralar\u0131n k\u00fc\u00e7\u00fck bir demetini olsun sizlerle payla\u015fmak istedim.   ***   Susma dilim s\u00f6ylesene Kimedir kast\u0131n, sitemin kime? K\u00f6le mi ettin beni kendine? Yetti art\u0131k azat etsene   Sen \u00e7ektirdin bu \u00e7ileyi S\u00f6ylemedin hurday\u0131 hileyi \u00c7ekip koparsayd\u0131m ke\u015fke seni Yemezdim belki bu silleyi   Demedin hi\u00e7 falan\u0131 filan\u0131 \u00dcstelik sustu\u011funda cabas\u0131 Belirmi\u015fken hayat\u0131m\u0131n rotas\u0131 Konu\u015fsayd\u0131n ya dilim, gelmi\u015fti s\u0131ras\u0131 <\/p>\n","protected":false},"excerpt":{"rendered":"<p>Hayaller tarih ve edebiyat ger\u00e7ekler ise eleltronik diyerek bitirdik okullar\u0131. \u00d6zel bir firmadan sonra, halen g\u00f6reve devam etti\u011fim devlet kurumunda \u00e7al\u0131\u015fmaya ba\u015flad\u0131m. \u015eimdi ise g\u00f6n\u00fcl penceremden<span class=\"excerpt-hellip\"> [\u2026]<\/span><\/p>\n","protected":false},"featured_media":0,"template":"","meta":{"_monsterinsights_skip_tracking":false,"_monsterinsights_sitenote_active":false,"_monsterinsights_sitenote_note":"","_monsterinsights_sitenote_category":0},"product_brand":[],"product_cat":[12291,12509],"product_tag":[],"class_list":{"0":"post-733610","1":"product","2":"type-product","3":"status-publish","5":"product_cat-edebiyat","6":"product_cat-siir","7":"pa_cilt-ciltsiz","8":"pa_tur-kitap","9":"pa_yayinevi-gulnar-yayinlari","10":"pa_yazar-senol-karacam","12":"first","13":"instock","14":"sale","15":"shipping-taxable","16":"purchasable","17":"product-type-simple"},"_links":{"self":[{"href":"https:\/\/roveyayinevi.com.tr\/index.php\/wp-json\/wp\/v2\/product\/733610","targetHints":{"allow":["GET"]}}],"collection":[{"href":"https:\/\/roveyayinevi.com.tr\/index.php\/wp-json\/wp\/v2\/product"}],"about":[{"href":"https:\/\/roveyayinevi.com.tr\/index.php\/wp-json\/wp\/v2\/types\/product"}],"wp:attachment":[{"href":"https:\/\/roveyayinevi.com.tr\/index.php\/wp-json\/wp\/v2\/media?parent=733610"}],"wp:term":[{"taxonomy":"product_brand","embeddable":true,"href":"https:\/\/roveyayinevi.com.tr\/index.php\/wp-json\/wp\/v2\/product_brand?post=733610"},{"taxonomy":"product_cat","embeddable":true,"href":"https:\/\/roveyayinevi.com.tr\/index.php\/wp-json\/wp\/v2\/product_cat?post=733610"},{"taxonomy":"product_tag","embeddable":true,"href":"https:\/\/roveyayinevi.com.tr\/index.php\/wp-json\/wp\/v2\/product_tag?post=733610"}],"curies":[{"name":"wp","href":"https:\/\/api.w.org\/{rel}","templated":true}]}}