{"id":733608,"date":"2025-08-27T22:13:09","date_gmt":"2025-08-27T19:13:09","guid":{"rendered":"https:\/\/roveyayinevi.com.tr\/index.php\/urun\/kopek-baligi-araniyor\/"},"modified":"2026-04-16T02:41:32","modified_gmt":"2026-04-15T23:41:32","slug":"kopek-baligi-araniyor","status":"publish","type":"product","link":"https:\/\/roveyayinevi.com.tr\/index.php\/urun\/kopek-baligi-araniyor\/","title":{"rendered":"K\u00f6pek Bal\u0131\u011f\u0131 Aran\u0131yor"},"content":{"rendered":"<p>Luna, evcil bir k\u00f6pek bal\u0131\u011f\u0131na sahip olmak istiyordu. Ancak eve k\u00fc\u00e7\u00fck bir s\u00fcs bal\u0131\u011f\u0131yla d\u00f6nd\u00fc. Ertesi sabah uyand\u0131\u011f\u0131nda Luna\u2019y\u0131 kocaman bir s\u00fcrpriz bekliyordu\u2026<\/p>\n","protected":false},"excerpt":{"rendered":"<p>Luna, evcil bir k\u00f6pek bal\u0131\u011f\u0131na sahip olmak istiyordu. Ancak eve k\u00fc\u00e7\u00fck bir s\u00fcs bal\u0131\u011f\u0131yla d\u00f6nd\u00fc. Ertesi sabah uyand\u0131\u011f\u0131nda Luna\u2019y\u0131 kocaman bir s\u00fcrpriz bekliyordu\u2026<\/p>\n","protected":false},"featured_media":0,"template":"","meta":{"_monsterinsights_skip_tracking":false,"_monsterinsights_sitenote_active":false,"_monsterinsights_sitenote_note":"","_monsterinsights_sitenote_category":0},"product_brand":[],"product_cat":[12274,12518],"product_tag":[],"class_list":{"0":"post-733608","1":"product","2":"type-product","3":"status-publish","5":"product_cat-cocuk-ve-genclik-kitaplari","6":"product_cat-okul-oncesi-kitaplar","7":"pa_cilt-ciltsiz","8":"pa_tur-kitap","9":"pa_yayinevi-is-bankasi-kultur-yayinlari","10":"pa_yazar-stephanie-moss","12":"first","13":"instock","14":"sale","15":"shipping-taxable","16":"purchasable","17":"product-type-simple"},"_links":{"self":[{"href":"https:\/\/roveyayinevi.com.tr\/index.php\/wp-json\/wp\/v2\/product\/733608","targetHints":{"allow":["GET"]}}],"collection":[{"href":"https:\/\/roveyayinevi.com.tr\/index.php\/wp-json\/wp\/v2\/product"}],"about":[{"href":"https:\/\/roveyayinevi.com.tr\/index.php\/wp-json\/wp\/v2\/types\/product"}],"wp:attachment":[{"href":"https:\/\/roveyayinevi.com.tr\/index.php\/wp-json\/wp\/v2\/media?parent=733608"}],"wp:term":[{"taxonomy":"product_brand","embeddable":true,"href":"https:\/\/roveyayinevi.com.tr\/index.php\/wp-json\/wp\/v2\/product_brand?post=733608"},{"taxonomy":"product_cat","embeddable":true,"href":"https:\/\/roveyayinevi.com.tr\/index.php\/wp-json\/wp\/v2\/product_cat?post=733608"},{"taxonomy":"product_tag","embeddable":true,"href":"https:\/\/roveyayinevi.com.tr\/index.php\/wp-json\/wp\/v2\/product_tag?post=733608"}],"curies":[{"name":"wp","href":"https:\/\/api.w.org\/{rel}","templated":true}]}}