{"id":733607,"date":"2025-08-27T22:13:07","date_gmt":"2025-08-27T19:13:07","guid":{"rendered":"https:\/\/roveyayinevi.com.tr\/index.php\/urun\/arkadasim-ari\/"},"modified":"2026-04-16T02:41:32","modified_gmt":"2026-04-15T23:41:32","slug":"arkadasim-ari","status":"publish","type":"product","link":"https:\/\/roveyayinevi.com.tr\/index.php\/urun\/arkadasim-ari\/","title":{"rendered":"Arkada\u015f\u0131m Ar\u0131"},"content":{"rendered":"<p>Mercan, bah\u00e7edeki ar\u0131y\u0131 g\u00f6rd\u00fc\u011f\u00fcnde \u00f6nce ne yapaca\u011f\u0131n\u0131 bilemedi. Ar\u0131lar a\u011fa\u00e7taki kovan\u0131 terk etti\u011fi i\u00e7in yaln\u0131z kalan V\u0131zv\u0131z, Mercan\u2019a ar\u0131lar\u0131n neden gitti\u011fini anlatt\u0131. Mercan hemen dedesine ko\u015fup yard\u0131m istedi. Ar\u0131lar\u0131n do\u011faya ve insanlara ne kadar faydal\u0131 oldu\u011funu anlatan bu \u00f6yk\u00fcy\u00fc merakla okuyacaks\u0131n\u0131z.<\/p>\n","protected":false},"excerpt":{"rendered":"<p>Mercan, bah\u00e7edeki ar\u0131y\u0131 g\u00f6rd\u00fc\u011f\u00fcnde \u00f6nce ne yapaca\u011f\u0131n\u0131 bilemedi. Ar\u0131lar a\u011fa\u00e7taki kovan\u0131 terk etti\u011fi i\u00e7in yaln\u0131z kalan V\u0131zv\u0131z, Mercan\u2019a ar\u0131lar\u0131n neden gitti\u011fini anlatt\u0131. Mercan hemen dedesine ko\u015fup<span class=\"excerpt-hellip\"> [\u2026]<\/span><\/p>\n","protected":false},"featured_media":0,"template":"","meta":{"_monsterinsights_skip_tracking":false,"_monsterinsights_sitenote_active":false,"_monsterinsights_sitenote_note":"","_monsterinsights_sitenote_category":0},"product_brand":[],"product_cat":[12274,12518],"product_tag":[],"class_list":{"0":"post-733607","1":"product","2":"type-product","3":"status-publish","5":"product_cat-cocuk-ve-genclik-kitaplari","6":"product_cat-okul-oncesi-kitaplar","7":"pa_cilt-ciltsiz","8":"pa_tur-kitap","9":"pa_yayinevi-is-bankasi-kultur-yayinlari","10":"pa_yazar-caroline-richards","12":"first","13":"instock","14":"sale","15":"shipping-taxable","16":"purchasable","17":"product-type-simple"},"_links":{"self":[{"href":"https:\/\/roveyayinevi.com.tr\/index.php\/wp-json\/wp\/v2\/product\/733607","targetHints":{"allow":["GET"]}}],"collection":[{"href":"https:\/\/roveyayinevi.com.tr\/index.php\/wp-json\/wp\/v2\/product"}],"about":[{"href":"https:\/\/roveyayinevi.com.tr\/index.php\/wp-json\/wp\/v2\/types\/product"}],"wp:attachment":[{"href":"https:\/\/roveyayinevi.com.tr\/index.php\/wp-json\/wp\/v2\/media?parent=733607"}],"wp:term":[{"taxonomy":"product_brand","embeddable":true,"href":"https:\/\/roveyayinevi.com.tr\/index.php\/wp-json\/wp\/v2\/product_brand?post=733607"},{"taxonomy":"product_cat","embeddable":true,"href":"https:\/\/roveyayinevi.com.tr\/index.php\/wp-json\/wp\/v2\/product_cat?post=733607"},{"taxonomy":"product_tag","embeddable":true,"href":"https:\/\/roveyayinevi.com.tr\/index.php\/wp-json\/wp\/v2\/product_tag?post=733607"}],"curies":[{"name":"wp","href":"https:\/\/api.w.org\/{rel}","templated":true}]}}