{"id":733606,"date":"2025-08-27T22:13:06","date_gmt":"2025-08-27T19:13:06","guid":{"rendered":"https:\/\/roveyayinevi.com.tr\/index.php\/urun\/oyun-zamani-2\/"},"modified":"2025-11-07T07:07:04","modified_gmt":"2025-11-07T04:07:04","slug":"oyun-zamani-2","status":"publish","type":"product","link":"https:\/\/roveyayinevi.com.tr\/index.php\/urun\/oyun-zamani-2\/","title":{"rendered":"Oyun Zaman\u0131!"},"content":{"rendered":"<p>K\u00fc\u00e7\u00fck Aslan, babas\u0131na benzemek istiyordu. Ne var ki babas\u0131 ona ne yapmas\u0131 gerekti\u011fini g\u00f6steremeyecek kadar yorgundu! K\u00fc\u00e7\u00fck Aslan her \u015feyi kendisi \u00f6\u011frenmek zorunda m\u0131 kalacak? Yoksa B\u00fcy\u00fck Aslan sonunda derin uykusundan uyan\u0131p ona bildiklerini \u00f6\u011fretecek mi?<\/p>\n","protected":false},"excerpt":{"rendered":"<p>K\u00fc\u00e7\u00fck Aslan, babas\u0131na benzemek istiyordu. Ne var ki babas\u0131 ona ne yapmas\u0131 gerekti\u011fini g\u00f6steremeyecek kadar yorgundu! K\u00fc\u00e7\u00fck Aslan her \u015feyi kendisi \u00f6\u011frenmek zorunda m\u0131 kalacak? Yoksa<span class=\"excerpt-hellip\"> [\u2026]<\/span><\/p>\n","protected":false},"featured_media":0,"template":"","meta":{"_monsterinsights_skip_tracking":false,"_monsterinsights_sitenote_active":false,"_monsterinsights_sitenote_note":"","_monsterinsights_sitenote_category":0},"product_brand":[],"product_cat":[12274,12518],"product_tag":[],"class_list":{"0":"post-733606","1":"product","2":"type-product","3":"status-publish","5":"product_cat-cocuk-ve-genclik-kitaplari","6":"product_cat-okul-oncesi-kitaplar","7":"pa_cilt-ciltsiz","8":"pa_tur-kitap","9":"pa_yayinevi-is-bankasi-kultur-yayinlari","10":"pa_yazar-amy-jones","12":"first","13":"instock","14":"sale","15":"shipping-taxable","16":"purchasable","17":"product-type-simple"},"_links":{"self":[{"href":"https:\/\/roveyayinevi.com.tr\/index.php\/wp-json\/wp\/v2\/product\/733606","targetHints":{"allow":["GET"]}}],"collection":[{"href":"https:\/\/roveyayinevi.com.tr\/index.php\/wp-json\/wp\/v2\/product"}],"about":[{"href":"https:\/\/roveyayinevi.com.tr\/index.php\/wp-json\/wp\/v2\/types\/product"}],"wp:attachment":[{"href":"https:\/\/roveyayinevi.com.tr\/index.php\/wp-json\/wp\/v2\/media?parent=733606"}],"wp:term":[{"taxonomy":"product_brand","embeddable":true,"href":"https:\/\/roveyayinevi.com.tr\/index.php\/wp-json\/wp\/v2\/product_brand?post=733606"},{"taxonomy":"product_cat","embeddable":true,"href":"https:\/\/roveyayinevi.com.tr\/index.php\/wp-json\/wp\/v2\/product_cat?post=733606"},{"taxonomy":"product_tag","embeddable":true,"href":"https:\/\/roveyayinevi.com.tr\/index.php\/wp-json\/wp\/v2\/product_tag?post=733606"}],"curies":[{"name":"wp","href":"https:\/\/api.w.org\/{rel}","templated":true}]}}