{"id":733602,"date":"2025-08-27T22:13:02","date_gmt":"2025-08-27T19:13:02","guid":{"rendered":"https:\/\/roveyayinevi.com.tr\/index.php\/urun\/sahnelenen-iktidar\/"},"modified":"2026-04-16T02:41:32","modified_gmt":"2026-04-15T23:41:32","slug":"sahnelenen-iktidar","status":"publish","type":"product","link":"https:\/\/roveyayinevi.com.tr\/index.php\/urun\/sahnelenen-iktidar\/","title":{"rendered":"Sahnelenen \u0130ktidar"},"content":{"rendered":"<p>\u00dcnl\u00fc sosyolog Georges Balandier Sahnelenen \u0130ktidar\u2019da tarih boyunca her devirde ve her co\u011frafyada rastlanabilecek t\u00fcm iktidar ve muhalefet bi\u00e7imlerinin bir t\u00fcr teatrallik bar\u0131nd\u0131rd\u0131\u011f\u0131n\u0131, sahneleme sanat\u0131na has tekniklere ba\u015fvurarak r\u0131za ve dayan\u0131\u015fma \u00fcretti\u011fini savunuyor. Her toplumsal d\u00fczenin alt\u0131nda d\u00fczensizlik, her kurumun alt\u0131nda \u015fiddet, her birli\u011fin alt\u0131nda indirgenemez bir \u00e7okluk ve kaos yatar. Balandier Amerika yerlilerindeki t\u00f6ren \u015faklaban\u0131 karakteri, Benin\u2019in koyu dindar d\u00fczeninde yer bulan Legba fig\u00fcr\u00fc, Zunilerdeki kutsal palya\u00e7olar, Avrupa\u2019daki saray soytar\u0131lar\u0131 ve meczuplar gibi pek \u00e7ok geleneksel \u201cs\u0131ra d\u0131\u015f\u0131\u201d ki\u015fili\u011fi bu d\u00fczen-d\u00fczensizlik diyalekti\u011fi ba\u011flam\u0131nda ele al\u0131yor. Yazara g\u00f6re bu ki\u015filerin, \u201ctoplumlar\u0131n y\u00fczeyde gizledi\u011fini if\u015fa etme, d\u00fczenin saklad\u0131\u011f\u0131 karga\u015fay\u0131 g\u00f6sterme, yap\u0131lar\u0131n, kurumlar\u0131n ve t\u00f6relerin evcille\u015ftirme s\u00fcre\u00e7lerinden ka\u00e7an hareketi drama yoluyla ortaya \u00e7\u0131karma i\u015flevi\u201d vard\u0131r. Modern toplumlarda ise \u201ckolektif ya\u015fam\u0131n temel sahnelerinin kendine yer buldu\u011fu b\u00fcy\u00fck sahne\u201d medyad\u0131r. Siyasal temsil bi\u00e7imleri de\u011fi\u015fmi\u015f, laikle\u015fmenin etkileri g\u00f6r\u00fclmekte olsa da iktidar\u0131n icra ve i\u015fleyi\u015finin modern toplumlarda geleneksel toplumlardan farkl\u0131 olmad\u0131\u011f\u0131na dikkat \u00e7eken yazar kitab\u0131n\u0131n sonunda olduk\u00e7a g\u00fcncel bir medya analizine de yer veriyor. <\/p>\n","protected":false},"excerpt":{"rendered":"<p>\u00dcnl\u00fc sosyolog Georges Balandier Sahnelenen \u0130ktidar\u2019da tarih boyunca her devirde ve her co\u011frafyada rastlanabilecek t\u00fcm iktidar ve muhalefet bi\u00e7imlerinin bir t\u00fcr teatrallik bar\u0131nd\u0131rd\u0131\u011f\u0131n\u0131, sahneleme sanat\u0131na has<span class=\"excerpt-hellip\"> [\u2026]<\/span><\/p>\n","protected":false},"featured_media":0,"template":"","meta":{"_monsterinsights_skip_tracking":false,"_monsterinsights_sitenote_active":false,"_monsterinsights_sitenote_note":"","_monsterinsights_sitenote_category":0},"product_brand":[],"product_cat":[13590,12337],"product_tag":[],"class_list":{"0":"post-733602","1":"product","2":"type-product","3":"status-publish","5":"product_cat-arastirma-inceleme-politika-siyaset","6":"product_cat-politika-siyaset","7":"pa_cilt-ciltsiz","8":"pa_tur-kitap","9":"pa_yayinevi-is-bankasi-kultur-yayinlari","10":"pa_yazar-georges-balandier","12":"first","13":"instock","14":"sale","15":"shipping-taxable","16":"purchasable","17":"product-type-simple"},"_links":{"self":[{"href":"https:\/\/roveyayinevi.com.tr\/index.php\/wp-json\/wp\/v2\/product\/733602","targetHints":{"allow":["GET"]}}],"collection":[{"href":"https:\/\/roveyayinevi.com.tr\/index.php\/wp-json\/wp\/v2\/product"}],"about":[{"href":"https:\/\/roveyayinevi.com.tr\/index.php\/wp-json\/wp\/v2\/types\/product"}],"wp:attachment":[{"href":"https:\/\/roveyayinevi.com.tr\/index.php\/wp-json\/wp\/v2\/media?parent=733602"}],"wp:term":[{"taxonomy":"product_brand","embeddable":true,"href":"https:\/\/roveyayinevi.com.tr\/index.php\/wp-json\/wp\/v2\/product_brand?post=733602"},{"taxonomy":"product_cat","embeddable":true,"href":"https:\/\/roveyayinevi.com.tr\/index.php\/wp-json\/wp\/v2\/product_cat?post=733602"},{"taxonomy":"product_tag","embeddable":true,"href":"https:\/\/roveyayinevi.com.tr\/index.php\/wp-json\/wp\/v2\/product_tag?post=733602"}],"curies":[{"name":"wp","href":"https:\/\/api.w.org\/{rel}","templated":true}]}}