{"id":733593,"date":"2025-08-27T22:12:52","date_gmt":"2025-08-27T19:12:52","guid":{"rendered":"https:\/\/roveyayinevi.com.tr\/index.php\/urun\/felsefi-yontem\/"},"modified":"2026-04-16T02:41:32","modified_gmt":"2026-04-15T23:41:32","slug":"felsefi-yontem","status":"publish","type":"product","link":"https:\/\/roveyayinevi.com.tr\/index.php\/urun\/felsefi-yontem\/","title":{"rendered":"Felsefi Y\u00f6ntem"},"content":{"rendered":"<p>Felsefi y\u00f6ntem problemini merkezine alan bu kitap, \u0130ngiliz filozof R. G. Collingwood\u2019un felsefenin do\u011fas\u0131 \u00fczerine d\u00fc\u015f\u00fcn\u00fcm\u00fcn\u00fcn bir \u00fcr\u00fcn\u00fcd\u00fcr. Felsefenin felsefesi ya da metafelsefi bir \u00e7aba olarak bu d\u00fc\u015f\u00fcn\u00fcm olmadan felsefe problemlerini hakk\u0131yla \u00e7\u00f6z\u00fcmleyebilmek, hatta ortaya koymak dahi m\u00fcmk\u00fcn de\u011fildir. \u00c7\u00fcnk\u00fc felsefede y\u00f6ntem sorunu, felsefenin ne oldu\u011fu, ne yapmaya \u00e7al\u0131\u015ft\u0131\u011f\u0131 ve en iyi nas\u0131l yap\u0131laca\u011f\u0131yla do\u011frudan ili\u015fkilidir. K\u0131sacas\u0131 felsefenin ne oldu\u011fu \u00fczerine d\u00fc\u015f\u00fcnmek de bizzat felsefeye d\u00e2hildir.Bilim \u00e7a\u011f\u0131nda felsefenin i\u015flevi; felsefeyi do\u011fa bilimlerinden ay\u0131rt eden bir ara\u015ft\u0131rma alan\u0131n\u0131n varl\u0131\u011f\u0131; felsefi kavramlar\u0131n ve yarg\u0131lar\u0131n do\u011fas\u0131; t\u00fcmdengelimsel ve t\u00fcmevar\u0131msal \u00e7\u0131kar\u0131m\u0131n felsefi uslamlama s\u00fcrecindeki yeri, felsefe-edebiyat ili\u015fkisi bu kitapta ele al\u0131nan konulardan baz\u0131lar\u0131d\u0131r. T\u00fcm bu sorularla beraber yazar bu kitapta; Platon, Descartes ve Kant\u2019tan analitik felsefe gelene\u011fine dek felsefede y\u00f6ntem problemine ili\u015fkin sistematik ve \u00f6zg\u00fcn bir \u00f6neri sunmaktad\u0131r.<\/p>\n","protected":false},"excerpt":{"rendered":"<p>Felsefi y\u00f6ntem problemini merkezine alan bu kitap, \u0130ngiliz filozof R. G. Collingwood\u2019un felsefenin do\u011fas\u0131 \u00fczerine d\u00fc\u015f\u00fcn\u00fcm\u00fcn\u00fcn bir \u00fcr\u00fcn\u00fcd\u00fcr. Felsefenin felsefesi ya da metafelsefi bir \u00e7aba olarak<span class=\"excerpt-hellip\"> [\u2026]<\/span><\/p>\n","protected":false},"featured_media":0,"template":"","meta":{"_monsterinsights_skip_tracking":false,"_monsterinsights_sitenote_active":false,"_monsterinsights_sitenote_note":"","_monsterinsights_sitenote_category":0},"product_brand":[],"product_cat":[12388,13555],"product_tag":[],"class_list":{"0":"post-733593","1":"product","2":"type-product","3":"status-publish","5":"product_cat-felsefe","6":"product_cat-genel-felsefe","7":"pa_cilt-ciltsiz","8":"pa_tur-kitap","9":"pa_yayinevi-fol-kitap","10":"pa_yazar-r-g-collingwood","12":"first","13":"instock","14":"sale","15":"shipping-taxable","16":"purchasable","17":"product-type-simple"},"_links":{"self":[{"href":"https:\/\/roveyayinevi.com.tr\/index.php\/wp-json\/wp\/v2\/product\/733593","targetHints":{"allow":["GET"]}}],"collection":[{"href":"https:\/\/roveyayinevi.com.tr\/index.php\/wp-json\/wp\/v2\/product"}],"about":[{"href":"https:\/\/roveyayinevi.com.tr\/index.php\/wp-json\/wp\/v2\/types\/product"}],"wp:attachment":[{"href":"https:\/\/roveyayinevi.com.tr\/index.php\/wp-json\/wp\/v2\/media?parent=733593"}],"wp:term":[{"taxonomy":"product_brand","embeddable":true,"href":"https:\/\/roveyayinevi.com.tr\/index.php\/wp-json\/wp\/v2\/product_brand?post=733593"},{"taxonomy":"product_cat","embeddable":true,"href":"https:\/\/roveyayinevi.com.tr\/index.php\/wp-json\/wp\/v2\/product_cat?post=733593"},{"taxonomy":"product_tag","embeddable":true,"href":"https:\/\/roveyayinevi.com.tr\/index.php\/wp-json\/wp\/v2\/product_tag?post=733593"}],"curies":[{"name":"wp","href":"https:\/\/api.w.org\/{rel}","templated":true}]}}