{"id":733592,"date":"2025-08-27T22:12:51","date_gmt":"2025-08-27T19:12:51","guid":{"rendered":"https:\/\/roveyayinevi.com.tr\/index.php\/urun\/felsefenin-yeniden-insasi\/"},"modified":"2026-04-16T02:41:32","modified_gmt":"2026-04-15T23:41:32","slug":"felsefenin-yeniden-insasi","status":"publish","type":"product","link":"https:\/\/roveyayinevi.com.tr\/index.php\/urun\/felsefenin-yeniden-insasi\/","title":{"rendered":"Felsefenin Yeniden \u0130n\u015fas\u0131"},"content":{"rendered":"<p>\u0130nsanl\u0131k, 17. y\u00fczy\u0131l astronomi ve kozmolojisi, 18. y\u00fczy\u0131l fizik ve kimyas\u0131, 19. y\u00fczy\u0131l jeoloji ve biyolojisi ile yeni bir d\u00fcnyaya ad\u0131m att\u0131. Bacon\u2019dan beri bilginin g\u00fc\u00e7 oldu\u011fu \u015fiar\u0131yla ya\u015fam\u0131\u015fken, kuca\u011f\u0131m\u0131za d\u00fc\u015fen atom bombalar\u0131 kimin\/neyin eseriydi? Felsefede yeniden in\u015fa sorununun \u00e7\u0131k\u0131\u015f noktas\u0131 belki de buras\u0131d\u0131r.Amerikal\u0131 filozof John Dewey\u2019in elinizdeki kitab\u0131, de\u011fi\u015fen d\u00fcnya anlay\u0131\u015flar\u0131 ve beraberinde getirdi\u011fi sorunlar kar\u015f\u0131s\u0131nda felsefenin yeniden in\u015fas\u0131 i\u00e7in bir \u00e7a\u011fr\u0131d\u0131r. Ayn\u0131 zamanda ele\u015ftirel bir uygarl\u0131k ve d\u00fc\u015f\u00fcn tarihi okumas\u0131n\u0131n yap\u0131ld\u0131\u011f\u0131 eserde, bilim, mant\u0131k, siyaset ve ahlak alanlar\u0131nda felsefeyi yeniden in\u015fan\u0131n olanaklar\u0131 tart\u0131\u015f\u0131lmaktad\u0131r.Dewey\u2019e g\u00f6re devletin, sanat\u0131n, dinin, k\u0131sacas\u0131 t\u00fcm toplumsal kurumlar\u0131n tek amac\u0131; \u0131rk, cinsiyet, s\u0131n\u0131f veya ekonomik stat\u00fcye bakmaks\u0131z\u0131n insanlar\u0131n kapasitelerini \u00f6zg\u00fcr k\u0131lmak ve geli\u015ftirmek olmal\u0131d\u0131r. Demokrasi ise ancak \u2018toplumun her \u00fcyesinin her y\u00f6nden b\u00fcy\u00fcmesi\u2019ne yapt\u0131\u011f\u0131 katk\u0131 ile \u00f6l\u00e7\u00fcl\u00fcr.Bu kitap, ge\u00e7mi\u015fle hesapla\u015fman\u0131n do\u011fas\u0131n\u0131 ayd\u0131nlatmakla kalm\u0131yor, gelece\u011fi \u015fekillendirmede insan zek\u00e2s\u0131n\u0131n \u00f6nemini, insan\u0131n s\u00fcrekli \u2018yeniden in\u015fa eden bir varl\u0131k olu\u015fu\u2019nun hik\u00e2yesini somutla\u015ft\u0131rarak g\u00f6zler \u00f6n\u00fcne seriyor. Sizce de \u00e7a\u011f\u0131n hayati meselelerine felsefeyle bakman\u0131n ve yeniden in\u015fa yoluyla yeni d\u00fcnyalar yaratman\u0131n vakti gelmedi mi?<\/p>\n","protected":false},"excerpt":{"rendered":"<p>\u0130nsanl\u0131k, 17. y\u00fczy\u0131l astronomi ve kozmolojisi, 18. y\u00fczy\u0131l fizik ve kimyas\u0131, 19. y\u00fczy\u0131l jeoloji ve biyolojisi ile yeni bir d\u00fcnyaya ad\u0131m att\u0131. Bacon\u2019dan beri bilginin g\u00fc\u00e7<span class=\"excerpt-hellip\"> [\u2026]<\/span><\/p>\n","protected":false},"featured_media":0,"template":"","meta":{"_monsterinsights_skip_tracking":false,"_monsterinsights_sitenote_active":false,"_monsterinsights_sitenote_note":"","_monsterinsights_sitenote_category":0},"product_brand":[],"product_cat":[12388,13555],"product_tag":[],"class_list":{"0":"post-733592","1":"product","2":"type-product","3":"status-publish","5":"product_cat-felsefe","6":"product_cat-genel-felsefe","7":"pa_cilt-ciltsiz","8":"pa_tur-kitap","9":"pa_yayinevi-fol-kitap","10":"pa_yazar-john-dewey","12":"first","13":"instock","14":"sale","15":"shipping-taxable","16":"purchasable","17":"product-type-simple"},"_links":{"self":[{"href":"https:\/\/roveyayinevi.com.tr\/index.php\/wp-json\/wp\/v2\/product\/733592","targetHints":{"allow":["GET"]}}],"collection":[{"href":"https:\/\/roveyayinevi.com.tr\/index.php\/wp-json\/wp\/v2\/product"}],"about":[{"href":"https:\/\/roveyayinevi.com.tr\/index.php\/wp-json\/wp\/v2\/types\/product"}],"wp:attachment":[{"href":"https:\/\/roveyayinevi.com.tr\/index.php\/wp-json\/wp\/v2\/media?parent=733592"}],"wp:term":[{"taxonomy":"product_brand","embeddable":true,"href":"https:\/\/roveyayinevi.com.tr\/index.php\/wp-json\/wp\/v2\/product_brand?post=733592"},{"taxonomy":"product_cat","embeddable":true,"href":"https:\/\/roveyayinevi.com.tr\/index.php\/wp-json\/wp\/v2\/product_cat?post=733592"},{"taxonomy":"product_tag","embeddable":true,"href":"https:\/\/roveyayinevi.com.tr\/index.php\/wp-json\/wp\/v2\/product_tag?post=733592"}],"curies":[{"name":"wp","href":"https:\/\/api.w.org\/{rel}","templated":true}]}}