{"id":733591,"date":"2025-08-27T22:12:51","date_gmt":"2025-08-27T19:12:51","guid":{"rendered":"https:\/\/roveyayinevi.com.tr\/index.php\/urun\/auguste-comte-ve-pozitivizm\/"},"modified":"2026-04-16T02:41:32","modified_gmt":"2026-04-15T23:41:32","slug":"auguste-comte-ve-pozitivizm","status":"publish","type":"product","link":"https:\/\/roveyayinevi.com.tr\/index.php\/urun\/auguste-comte-ve-pozitivizm\/","title":{"rendered":"Auguste Comte ve Pozitivizm"},"content":{"rendered":"<p>\u0130ngiliz filozof John Stuart Mill, bu kitapta, \u00e7a\u011fda\u015f\u0131 ve takip\u00e7isi oldu\u011fu Auguste Comte\u2019un pozitivist d\u00fc\u015f\u00fcnme tarz\u0131n\u0131, k\u00f6klerini ve karakteristiklerini ortaya koymaktad\u0131r. Ayn\u0131 zamanda yazar, pozitivist bilim felsefesinin temel konular\u0131ndan olan bilimler s\u0131n\u0131flamas\u0131 ve \u00fc\u00e7 h\u00e2l yasas\u0131n\u0131; sosyolojinin ve sosyal fenomenlerin pozitivizm i\u00e7erisindeki konumunu anla\u015f\u0131l\u0131r bir \u00fcslupla ele almaktad\u0131r.Comte\u2019un ve pozitivizmin bilim, felsefe ve sosyoloji anlay\u0131\u015f\u0131n\u0131 kavramak isteyen okur i\u00e7in bu kitap ele\u015ftirel bir giri\u015f niteli\u011findedir.<\/p>\n","protected":false},"excerpt":{"rendered":"<p>\u0130ngiliz filozof John Stuart Mill, bu kitapta, \u00e7a\u011fda\u015f\u0131 ve takip\u00e7isi oldu\u011fu Auguste Comte\u2019un pozitivist d\u00fc\u015f\u00fcnme tarz\u0131n\u0131, k\u00f6klerini ve karakteristiklerini ortaya koymaktad\u0131r. Ayn\u0131 zamanda yazar, pozitivist bilim<span class=\"excerpt-hellip\"> [\u2026]<\/span><\/p>\n","protected":false},"featured_media":0,"template":"","meta":{"_monsterinsights_skip_tracking":false,"_monsterinsights_sitenote_active":false,"_monsterinsights_sitenote_note":"","_monsterinsights_sitenote_category":0},"product_brand":[],"product_cat":[12388,13555],"product_tag":[],"class_list":{"0":"post-733591","1":"product","2":"type-product","3":"status-publish","5":"product_cat-felsefe","6":"product_cat-genel-felsefe","7":"pa_cilt-ciltsiz","8":"pa_tur-kitap","9":"pa_yayinevi-fol-kitap","10":"pa_yazar-john-stuart-mill","12":"first","13":"instock","14":"sale","15":"shipping-taxable","16":"purchasable","17":"product-type-simple"},"_links":{"self":[{"href":"https:\/\/roveyayinevi.com.tr\/index.php\/wp-json\/wp\/v2\/product\/733591","targetHints":{"allow":["GET"]}}],"collection":[{"href":"https:\/\/roveyayinevi.com.tr\/index.php\/wp-json\/wp\/v2\/product"}],"about":[{"href":"https:\/\/roveyayinevi.com.tr\/index.php\/wp-json\/wp\/v2\/types\/product"}],"wp:attachment":[{"href":"https:\/\/roveyayinevi.com.tr\/index.php\/wp-json\/wp\/v2\/media?parent=733591"}],"wp:term":[{"taxonomy":"product_brand","embeddable":true,"href":"https:\/\/roveyayinevi.com.tr\/index.php\/wp-json\/wp\/v2\/product_brand?post=733591"},{"taxonomy":"product_cat","embeddable":true,"href":"https:\/\/roveyayinevi.com.tr\/index.php\/wp-json\/wp\/v2\/product_cat?post=733591"},{"taxonomy":"product_tag","embeddable":true,"href":"https:\/\/roveyayinevi.com.tr\/index.php\/wp-json\/wp\/v2\/product_tag?post=733591"}],"curies":[{"name":"wp","href":"https:\/\/api.w.org\/{rel}","templated":true}]}}