{"id":733589,"date":"2025-08-27T22:12:49","date_gmt":"2025-08-27T19:12:49","guid":{"rendered":"https:\/\/roveyayinevi.com.tr\/index.php\/urun\/emin-ozdemirin-dil-edebiyat-ve-egitim-anlayisi\/"},"modified":"2026-04-16T02:41:32","modified_gmt":"2026-04-15T23:41:32","slug":"emin-ozdemirin-dil-edebiyat-ve-egitim-anlayisi","status":"publish","type":"product","link":"https:\/\/roveyayinevi.com.tr\/index.php\/urun\/emin-ozdemirin-dil-edebiyat-ve-egitim-anlayisi\/","title":{"rendered":"Emin \u00d6zdemir&#8217;in Dil, Edebiyat ve E\u011fitim Anlay\u0131\u015f\u0131"},"content":{"rendered":"<p>Emin \u00d6zdemir, T\u00fcrk\u00e7enin \u00f6zle\u015ftirilmesi ve geli\u015ftirilmesi i\u00e7in b\u00fcy\u00fck \u00e7abalar harcayan, nice \u00f6\u011frenciler yeti\u015ftirip nice yap\u0131tlara imza atan, \u00f6\u011frencilerine s\u0131kl\u0131kla hat\u0131rlatt\u0131\u011f\u0131 &#8220;Bo\u015f \u00e7uval dik durmaz, okuyun.&#8221; s\u00f6z\u00fcn\u00fc ya\u015fam felsefesi olarak benimsemi\u015f b\u00fcy\u00fck bir dil ustas\u0131d\u0131r. Yap\u0131tlar\u0131nda T\u00fcrk\u00e7enin tarihi geli\u015fimine oldu\u011fu kadar g\u00fcncel sorunlar\u0131na da de\u011finmi\u015f, \u2018s\u00f6zc\u00fckler\u2019in \u00e7ok katmanl\u0131 boyutlar\u0131n\u0131 irdeleyerek T\u00fcrk\u00e7enin zenginli\u011fini sergilemeye \u00e7al\u0131\u015fm\u0131\u015ft\u0131r. Prof. Dr. Sedat Sever&#8217;in dan\u0131\u015fmanl\u0131\u011f\u0131nda Arzu At\u0131lgan taraf\u0131ndan haz\u0131rlanan tez \u00e7al\u0131\u015fmas\u0131n\u0131n geni\u015fletilmi\u015f bi\u00e7imi olan bu kitapta T\u00fcrk\u00e7enin b\u00fcy\u00fck ustas\u0131 Emin \u00d6zdemir&#8217;in dil, edebiyat ve e\u011fitim alanlar\u0131na ili\u015fkin g\u00f6r\u00fc\u015flerine, ya\u015fam \u00f6yk\u00fcs\u00fcne ve ard\u0131ndan yaz\u0131lan yaz\u0131lara yer verilmi\u015ftir. <\/p>\n","protected":false},"excerpt":{"rendered":"<p>Emin \u00d6zdemir, T\u00fcrk\u00e7enin \u00f6zle\u015ftirilmesi ve geli\u015ftirilmesi i\u00e7in b\u00fcy\u00fck \u00e7abalar harcayan, nice \u00f6\u011frenciler yeti\u015ftirip nice yap\u0131tlara imza atan, \u00f6\u011frencilerine s\u0131kl\u0131kla hat\u0131rlatt\u0131\u011f\u0131 &#8220;Bo\u015f \u00e7uval dik durmaz, okuyun.&#8221; s\u00f6z\u00fcn\u00fc<span class=\"excerpt-hellip\"> [\u2026]<\/span><\/p>\n","protected":false},"featured_media":0,"template":"","meta":{"_monsterinsights_skip_tracking":false,"_monsterinsights_sitenote_active":false,"_monsterinsights_sitenote_note":"","_monsterinsights_sitenote_category":0},"product_brand":[],"product_cat":[12573,12566],"product_tag":[],"class_list":{"0":"post-733589","1":"product","2":"type-product","3":"status-publish","5":"product_cat-akademik-kitaplar","6":"product_cat-egitim","7":"pa_cilt-ciltsiz","8":"pa_tur-kitap","9":"pa_yayinevi-kok-yayinevi","10":"pa_yazar-arzu-atilgan","12":"first","13":"instock","14":"sale","15":"shipping-taxable","16":"purchasable","17":"product-type-simple"},"_links":{"self":[{"href":"https:\/\/roveyayinevi.com.tr\/index.php\/wp-json\/wp\/v2\/product\/733589","targetHints":{"allow":["GET"]}}],"collection":[{"href":"https:\/\/roveyayinevi.com.tr\/index.php\/wp-json\/wp\/v2\/product"}],"about":[{"href":"https:\/\/roveyayinevi.com.tr\/index.php\/wp-json\/wp\/v2\/types\/product"}],"wp:attachment":[{"href":"https:\/\/roveyayinevi.com.tr\/index.php\/wp-json\/wp\/v2\/media?parent=733589"}],"wp:term":[{"taxonomy":"product_brand","embeddable":true,"href":"https:\/\/roveyayinevi.com.tr\/index.php\/wp-json\/wp\/v2\/product_brand?post=733589"},{"taxonomy":"product_cat","embeddable":true,"href":"https:\/\/roveyayinevi.com.tr\/index.php\/wp-json\/wp\/v2\/product_cat?post=733589"},{"taxonomy":"product_tag","embeddable":true,"href":"https:\/\/roveyayinevi.com.tr\/index.php\/wp-json\/wp\/v2\/product_tag?post=733589"}],"curies":[{"name":"wp","href":"https:\/\/api.w.org\/{rel}","templated":true}]}}