{"id":733586,"date":"2025-08-27T22:12:45","date_gmt":"2025-08-27T19:12:45","guid":{"rendered":"https:\/\/roveyayinevi.com.tr\/index.php\/urun\/devrimcinin-pusulasi-yasam-ve-mucadele-anilari\/"},"modified":"2026-04-16T02:41:32","modified_gmt":"2026-04-15T23:41:32","slug":"devrimcinin-pusulasi-yasam-ve-mucadele-anilari","status":"publish","type":"product","link":"https:\/\/roveyayinevi.com.tr\/index.php\/urun\/devrimcinin-pusulasi-yasam-ve-mucadele-anilari\/","title":{"rendered":"Devrimcinin Pusulas\u0131  &#8211; Ya\u015fam ve M\u00fccadele An\u0131lar\u0131"},"content":{"rendered":"<p>Ekrem Altun, Devrimcinin Pusulas\u0131 \/ Ya\u015fam ve M\u00fccadele An\u0131lar\u0131\u2019nda 1970\u2019li y\u0131llardan g\u00fcn\u00fcm\u00fcze uzanan s\u00fcre\u00e7te anlam kazanan ki\u015fisel ve bir o kadar da toplumsal s\u00fcre\u00e7ten izler aktar\u0131yor.Kitap ki\u015fisel an\u0131lar\u0131n, ya\u015fanm\u0131\u015fl\u0131klar\u0131n, s\u0131k\u0131nt\u0131lar\u0131n, ini\u015flerin \u00e7\u0131k\u0131\u015flar\u0131n, co\u015fku dolu anlar\u0131n oldu\u011fu kadar T\u00fcrkiye yak\u0131n tarihinin de \u00f6zetini i\u00e7eriyor.T\u00fcm anlatt\u0131klar\u0131 i\u00e7inde Altun\u2019u \u00f6zel k\u0131lan boyut ise \u00f6rg\u00fctl\u00fc ya\u015famdan hi\u00e7 vazge\u00e7memesi, Halk\u0131n Sesi dergisi ve T\u00fcrkiye \u0130\u015f\u00e7i K\u00f6yl\u00fc Partisi\u2019nden Vatan Partisi\u2019ne uzanan kesitte \u201cAyd\u0131nl\u0131k\u00e7\u0131\u201d olma iradesinde hi\u00e7bir zay\u0131flama g\u00f6stermemesi.Ailesiyle, akrabalar\u0131yla, i\u015f ortaklar\u0131yla ve yolda\u015flar\u0131yla ili\u015fkilerini b\u00fcy\u00fck bir a\u00e7\u0131k s\u00f6zl\u00fcl\u00fck i\u00e7inde ve samimiyetle yans\u0131t\u0131rken ya\u015fam sevincinin ve m\u00fccadele enerjisinin anahtar\u0131n\u0131 da hep elinde tutuyor Altun.\u201cNe zaman bir \u00e7\u0131kmaza girsem veya umutsuzlu\u011fa d\u00fc\u015fsem, partim, yolda\u015flar\u0131m yan\u0131mda olurdu. Onlardan ald\u0131\u011f\u0131m moral ve cesaretle ayakta durabiliyordum.\u201d<\/p>\n","protected":false},"excerpt":{"rendered":"<p>Ekrem Altun, Devrimcinin Pusulas\u0131 \/ Ya\u015fam ve M\u00fccadele An\u0131lar\u0131\u2019nda 1970\u2019li y\u0131llardan g\u00fcn\u00fcm\u00fcze uzanan s\u00fcre\u00e7te anlam kazanan ki\u015fisel ve bir o kadar da toplumsal s\u00fcre\u00e7ten izler aktar\u0131yor.Kitap<span class=\"excerpt-hellip\"> [\u2026]<\/span><\/p>\n","protected":false},"featured_media":0,"template":"","meta":{"_monsterinsights_skip_tracking":false,"_monsterinsights_sitenote_active":false,"_monsterinsights_sitenote_note":"","_monsterinsights_sitenote_category":0},"product_brand":[],"product_cat":[13701,12291],"product_tag":[],"class_list":{"0":"post-733586","1":"product","2":"type-product","3":"status-publish","5":"product_cat-ani-mektup-gunluk","6":"product_cat-edebiyat","7":"pa_cilt-ciltsiz","8":"pa_tur-kitap","9":"pa_yayinevi-kaynak-yayinlari","10":"pa_yazar-ekrem-altun","12":"first","13":"instock","14":"sale","15":"shipping-taxable","16":"purchasable","17":"product-type-simple"},"_links":{"self":[{"href":"https:\/\/roveyayinevi.com.tr\/index.php\/wp-json\/wp\/v2\/product\/733586","targetHints":{"allow":["GET"]}}],"collection":[{"href":"https:\/\/roveyayinevi.com.tr\/index.php\/wp-json\/wp\/v2\/product"}],"about":[{"href":"https:\/\/roveyayinevi.com.tr\/index.php\/wp-json\/wp\/v2\/types\/product"}],"wp:attachment":[{"href":"https:\/\/roveyayinevi.com.tr\/index.php\/wp-json\/wp\/v2\/media?parent=733586"}],"wp:term":[{"taxonomy":"product_brand","embeddable":true,"href":"https:\/\/roveyayinevi.com.tr\/index.php\/wp-json\/wp\/v2\/product_brand?post=733586"},{"taxonomy":"product_cat","embeddable":true,"href":"https:\/\/roveyayinevi.com.tr\/index.php\/wp-json\/wp\/v2\/product_cat?post=733586"},{"taxonomy":"product_tag","embeddable":true,"href":"https:\/\/roveyayinevi.com.tr\/index.php\/wp-json\/wp\/v2\/product_tag?post=733586"}],"curies":[{"name":"wp","href":"https:\/\/api.w.org\/{rel}","templated":true}]}}