{"id":733585,"date":"2025-08-27T22:12:44","date_gmt":"2025-08-27T19:12:44","guid":{"rendered":"https:\/\/roveyayinevi.com.tr\/index.php\/urun\/domates-dolmasi-meryem\/"},"modified":"2026-04-16T02:41:32","modified_gmt":"2026-04-15T23:41:32","slug":"domates-dolmasi-meryem","status":"publish","type":"product","link":"https:\/\/roveyayinevi.com.tr\/index.php\/urun\/domates-dolmasi-meryem\/","title":{"rendered":"Domates Dolmas\u0131 Meryem!"},"content":{"rendered":"<p>Utanga\u00e7l\u0131k ne zor \u015fey! Meryem ad\u0131n\u0131 duydu\u011funda bile k\u0131pk\u0131rm\u0131z\u0131 oluyor. S\u0131n\u0131fta ya da pastanede a\u011fz\u0131ndan tek kelime \u00e7\u0131km\u0131yor. Ke\u015fke o da di\u011fer arkada\u015flar\u0131 gibi e\u011flenebilse, seksek oynay\u0131p derse kalkabilse\u2026 Metni ve resimleri Laure Monloubou\u2019ya ait olan Domates Dolmas\u0131 Meryem! utanga\u00e7l\u0131k \u00fczerine sadelikle kaleme al\u0131nm\u0131\u015f m\u00fcthi\u015f etkileyici bir hik\u00e2ye. <\/p>\n","protected":false},"excerpt":{"rendered":"<p>Utanga\u00e7l\u0131k ne zor \u015fey! Meryem ad\u0131n\u0131 duydu\u011funda bile k\u0131pk\u0131rm\u0131z\u0131 oluyor. S\u0131n\u0131fta ya da pastanede a\u011fz\u0131ndan tek kelime \u00e7\u0131km\u0131yor. Ke\u015fke o da di\u011fer arkada\u015flar\u0131 gibi e\u011flenebilse, seksek<span class=\"excerpt-hellip\"> [\u2026]<\/span><\/p>\n","protected":false},"featured_media":0,"template":"","meta":{"_monsterinsights_skip_tracking":false,"_monsterinsights_sitenote_active":false,"_monsterinsights_sitenote_note":"","_monsterinsights_sitenote_category":0},"product_brand":[],"product_cat":[12275,12274],"product_tag":[],"class_list":{"0":"post-733585","1":"product","2":"type-product","3":"status-publish","5":"product_cat-6-12-yas-kitaplari","6":"product_cat-cocuk-ve-genclik-kitaplari","7":"pa_cilt-ciltsiz","8":"pa_tur-kitap","9":"pa_yayinevi-yapi-kredi-yayinlari","10":"pa_yazar-laure-monloubou","12":"first","13":"instock","14":"sale","15":"shipping-taxable","16":"purchasable","17":"product-type-simple"},"_links":{"self":[{"href":"https:\/\/roveyayinevi.com.tr\/index.php\/wp-json\/wp\/v2\/product\/733585","targetHints":{"allow":["GET"]}}],"collection":[{"href":"https:\/\/roveyayinevi.com.tr\/index.php\/wp-json\/wp\/v2\/product"}],"about":[{"href":"https:\/\/roveyayinevi.com.tr\/index.php\/wp-json\/wp\/v2\/types\/product"}],"wp:attachment":[{"href":"https:\/\/roveyayinevi.com.tr\/index.php\/wp-json\/wp\/v2\/media?parent=733585"}],"wp:term":[{"taxonomy":"product_brand","embeddable":true,"href":"https:\/\/roveyayinevi.com.tr\/index.php\/wp-json\/wp\/v2\/product_brand?post=733585"},{"taxonomy":"product_cat","embeddable":true,"href":"https:\/\/roveyayinevi.com.tr\/index.php\/wp-json\/wp\/v2\/product_cat?post=733585"},{"taxonomy":"product_tag","embeddable":true,"href":"https:\/\/roveyayinevi.com.tr\/index.php\/wp-json\/wp\/v2\/product_tag?post=733585"}],"curies":[{"name":"wp","href":"https:\/\/api.w.org\/{rel}","templated":true}]}}