{"id":733581,"date":"2025-08-27T22:12:39","date_gmt":"2025-08-27T19:12:39","guid":{"rendered":"https:\/\/roveyayinevi.com.tr\/index.php\/urun\/yanardagin-yankisi\/"},"modified":"2026-04-16T02:41:31","modified_gmt":"2026-04-15T23:41:31","slug":"yanardagin-yankisi","status":"publish","type":"product","link":"https:\/\/roveyayinevi.com.tr\/index.php\/urun\/yanardagin-yankisi\/","title":{"rendered":"Yanarda\u011f\u0131n Yank\u0131s\u0131"},"content":{"rendered":"<p>\u0130nsanl\u0131k ve d\u00fcnya ad\u0131na ola\u011fan\u00fcst\u00fc d\u00fc\u015fler kurabiliriz\u2026\u00c7ocuk ve gen\u00e7lik yaz\u0131n\u0131m\u0131zda bir\u00e7ok nesli etkileyen y\u00fcze yak\u0131n kitaba hayat veren G\u00fclten Day\u0131o\u011flu\u2019nun kaleminden Yanarda\u011f\u0131n Yank\u0131s\u0131 bizleri gezegenimiz \u00fczerine d\u00fc\u015f\u00fcnmeye y\u00f6nlendiriyor, gelece\u011fimizle ilgili merak uyand\u0131r\u0131yor. Dero ya\u015f\u0131tlar\u0131ndan olduk\u00e7a farkl\u0131, \u00e7ok \u00f6zel bir gen\u00e7tir. O daha k\u00fc\u00e7\u00fck bir \u00e7ocukken bir g\u00fcn g\u00f6ky\u00fcz\u00fcnde mekik \u015feklinde bir yar\u0131k belirir ve yar\u0131ktan reng\u00e2renk \u0131\u015f\u0131nlar yay\u0131l\u0131r. Dero tan\u0131k oldu\u011fu bu olay\u0131n ard\u0131ndan ba\u015fka bir boyuta ge\u00e7ebildi\u011fini fark eder. Do\u011fdu\u011funda ba\u015f\u0131 bedenine g\u00f6re fazla b\u00fcy\u00fck oldu\u011fundan do\u011fumundan beri \u00e7evresi taraf\u0131ndan hep d\u0131\u015flanm\u0131\u015ft\u0131r. Bu durum Dero\u2019yu i\u00e7ten i\u00e7e \u00fczd\u00fc\u011f\u00fcnden, tek ba\u015f\u0131na Tend\u00fcrek Da\u011f\u0131&#8217;ndaki bir ma\u011faraya yerle\u015fip g\u00fcn ge\u00e7tik\u00e7e kendini evinden, arkada\u015flar\u0131ndan, d\u00fcnyadan soyutlar ama bir yandan d\u00fcnyay\u0131 anlamaya \u00e7al\u0131\u015f\u0131r. Bir sabah Dero g\u00fc\u00e7l\u00fc bir d\u00fcrt\u00fcyle uyan\u0131r ve ma\u011faran\u0131n derinliklerine gitmek i\u00e7in \u015fiddetli bir istek duyar. Ma\u011farada ke\u015ffettikleri onun, d\u00fcnyan\u0131n, uzay\u0131n, hatta k\u00e2inat\u0131n gelece\u011fini derinden etkileyecektir. Dero gelecek i\u00e7in \u00e7ok zorlu bir g\u00f6reve ba\u015flamak \u00fczeredir \u015fimdi\u2026 <\/p>\n","protected":false},"excerpt":{"rendered":"<p>\u0130nsanl\u0131k ve d\u00fcnya ad\u0131na ola\u011fan\u00fcst\u00fc d\u00fc\u015fler kurabiliriz\u2026\u00c7ocuk ve gen\u00e7lik yaz\u0131n\u0131m\u0131zda bir\u00e7ok nesli etkileyen y\u00fcze yak\u0131n kitaba hayat veren G\u00fclten Day\u0131o\u011flu\u2019nun kaleminden Yanarda\u011f\u0131n Yank\u0131s\u0131 bizleri gezegenimiz \u00fczerine<span class=\"excerpt-hellip\"> [\u2026]<\/span><\/p>\n","protected":false},"featured_media":0,"template":"","meta":{"_monsterinsights_skip_tracking":false,"_monsterinsights_sitenote_active":false,"_monsterinsights_sitenote_note":"","_monsterinsights_sitenote_category":0},"product_brand":[],"product_cat":[12275,12274],"product_tag":[],"class_list":{"0":"post-733581","1":"product","2":"type-product","3":"status-publish","5":"product_cat-6-12-yas-kitaplari","6":"product_cat-cocuk-ve-genclik-kitaplari","7":"pa_cilt-ciltsiz","8":"pa_tur-kitap","9":"pa_yayinevi-yapi-kredi-yayinlari","10":"pa_yazar-gulten-dayioglu","12":"first","13":"instock","14":"sale","15":"shipping-taxable","16":"purchasable","17":"product-type-simple"},"_links":{"self":[{"href":"https:\/\/roveyayinevi.com.tr\/index.php\/wp-json\/wp\/v2\/product\/733581","targetHints":{"allow":["GET"]}}],"collection":[{"href":"https:\/\/roveyayinevi.com.tr\/index.php\/wp-json\/wp\/v2\/product"}],"about":[{"href":"https:\/\/roveyayinevi.com.tr\/index.php\/wp-json\/wp\/v2\/types\/product"}],"wp:attachment":[{"href":"https:\/\/roveyayinevi.com.tr\/index.php\/wp-json\/wp\/v2\/media?parent=733581"}],"wp:term":[{"taxonomy":"product_brand","embeddable":true,"href":"https:\/\/roveyayinevi.com.tr\/index.php\/wp-json\/wp\/v2\/product_brand?post=733581"},{"taxonomy":"product_cat","embeddable":true,"href":"https:\/\/roveyayinevi.com.tr\/index.php\/wp-json\/wp\/v2\/product_cat?post=733581"},{"taxonomy":"product_tag","embeddable":true,"href":"https:\/\/roveyayinevi.com.tr\/index.php\/wp-json\/wp\/v2\/product_tag?post=733581"}],"curies":[{"name":"wp","href":"https:\/\/api.w.org\/{rel}","templated":true}]}}