{"id":733579,"date":"2025-08-27T22:12:37","date_gmt":"2025-08-27T19:12:37","guid":{"rendered":"https:\/\/roveyayinevi.com.tr\/index.php\/urun\/buyuk-macera-hayretix-kutuplarda\/"},"modified":"2026-04-16T02:41:31","modified_gmt":"2026-04-15T23:41:31","slug":"buyuk-macera-hayretix-kutuplarda","status":"publish","type":"product","link":"https:\/\/roveyayinevi.com.tr\/index.php\/urun\/buyuk-macera-hayretix-kutuplarda\/","title":{"rendered":"B\u00fcy\u00fck Macera &#8211; Hayretix Kutuplarda"},"content":{"rendered":"<p>Merhaba Arkada\u015flar, Ben Hayretix. Birlikte \u00f6yle s\u0131ra d\u0131\u015f\u0131 bir macera ya\u015fayaca\u011f\u0131z ki! Yer yerinden oynayacak. Biliyor musunuz? Ormanda gizemli hayaletler bulunuyor. Bunun yan\u0131nda y\u00fcr\u00fcyen orkideler, dev \u00e7i\u00e7ekler, tepetaklak a\u011fa\u00e7lar ve daha neler neler! Ormanlar\u0131n s\u0131ra d\u0131\u015f\u0131 canl\u0131lar\u0131ndan yaprak kuyruklu \u015feytan geko, korunmak i\u00e7in inan\u0131lmaz numaralar yap\u0131yor. V\u00fccudunu d\u00fczle\u015ftirip g\u00f6lge olu\u015fumunu \u00f6nl\u00fcyor, kuyru\u011funu b\u0131rak\u0131yor veya korkutucu sesler \u00e7\u0131kar\u0131yor. Sumatra\u2019n\u0131n ya\u011fmur ormanlar\u0131ndaki Ceset \u00c7i\u00e7e\u011fi, \u00f6lm\u00fc\u015f hayvan\u0131n \u00e7\u00fcr\u00fcm\u00fc\u015f eti gibi kokuyor. Muhte\u015fem g\u00f6r\u00fcnen bu kocaman \u00e7i\u00e7ek, 3 metre boyuyla d\u00fcnyan\u0131n en uzun \u00e7i\u00e7e\u011fi oluyor. 2030 tonluk bir generalle tan\u0131\u015fm\u0131\u015f m\u0131yd\u0131n\u0131z hi\u00e7? \u00dcstelik boyu da 85 metre! Gelin, kendisi ormanda bizleri bekliyor. \u0130\u015fte ormanlar, b\u00f6yle birbirinden ilgin\u00e7 olaylara sahne oluyor. Her ge\u00e7en g\u00fcn, yepyeni s\u0131rlar\u0131n\u0131 f\u0131s\u0131ld\u0131yorlar bizlere. Seslerini duyuyor musunuz? MUHTE\u015eEM ORMANLARIN HAR\u0130KA HAZ\u0130NELER\u0130N\u0130 KE\u015eFETMEYE NE DERS\u0130N\u0130Z? \u00d6YLEYSE HAYD\u0130, YOLLARA D\u00dc\u015e\u00dcYORUUUUZ&#8230; <\/p>\n","protected":false},"excerpt":{"rendered":"<p>Merhaba Arkada\u015flar, Ben Hayretix. Birlikte \u00f6yle s\u0131ra d\u0131\u015f\u0131 bir macera ya\u015fayaca\u011f\u0131z ki! Yer yerinden oynayacak. Biliyor musunuz? Ormanda gizemli hayaletler bulunuyor. Bunun yan\u0131nda y\u00fcr\u00fcyen orkideler, dev<span class=\"excerpt-hellip\"> [\u2026]<\/span><\/p>\n","protected":false},"featured_media":0,"template":"","meta":{"_monsterinsights_skip_tracking":false,"_monsterinsights_sitenote_active":false,"_monsterinsights_sitenote_note":"","_monsterinsights_sitenote_category":0},"product_brand":[],"product_cat":[12274,12284],"product_tag":[],"class_list":{"0":"post-733579","1":"product","2":"type-product","3":"status-publish","5":"product_cat-cocuk-ve-genclik-kitaplari","6":"product_cat-hikayeler","7":"pa_cilt-ciltsiz","8":"pa_tur-kitap","9":"pa_yayinevi-nar-agaci-cocuk-yayinlari","10":"pa_yazar-elif-lale","12":"first","13":"instock","14":"sale","15":"shipping-taxable","16":"purchasable","17":"product-type-simple"},"_links":{"self":[{"href":"https:\/\/roveyayinevi.com.tr\/index.php\/wp-json\/wp\/v2\/product\/733579","targetHints":{"allow":["GET"]}}],"collection":[{"href":"https:\/\/roveyayinevi.com.tr\/index.php\/wp-json\/wp\/v2\/product"}],"about":[{"href":"https:\/\/roveyayinevi.com.tr\/index.php\/wp-json\/wp\/v2\/types\/product"}],"wp:attachment":[{"href":"https:\/\/roveyayinevi.com.tr\/index.php\/wp-json\/wp\/v2\/media?parent=733579"}],"wp:term":[{"taxonomy":"product_brand","embeddable":true,"href":"https:\/\/roveyayinevi.com.tr\/index.php\/wp-json\/wp\/v2\/product_brand?post=733579"},{"taxonomy":"product_cat","embeddable":true,"href":"https:\/\/roveyayinevi.com.tr\/index.php\/wp-json\/wp\/v2\/product_cat?post=733579"},{"taxonomy":"product_tag","embeddable":true,"href":"https:\/\/roveyayinevi.com.tr\/index.php\/wp-json\/wp\/v2\/product_tag?post=733579"}],"curies":[{"name":"wp","href":"https:\/\/api.w.org\/{rel}","templated":true}]}}