{"id":733577,"date":"2025-08-27T22:12:34","date_gmt":"2025-08-27T19:12:34","guid":{"rendered":"https:\/\/roveyayinevi.com.tr\/index.php\/urun\/eylul-18\/"},"modified":"2026-04-16T02:41:31","modified_gmt":"2026-04-15T23:41:31","slug":"eylul-18","status":"publish","type":"product","link":"https:\/\/roveyayinevi.com.tr\/index.php\/urun\/eylul-18\/","title":{"rendered":"Eyl\u00fcl"},"content":{"rendered":"<p>Eyl\u00fcl! \u00d6yle bir ay ki, ge\u00e7en her g\u00fczel g\u00fcn\u00fc i\u00e7in ona minnettar olmak gerekir. Eyl\u00fcl, mutsuzluk ve \u00f6zlem ay\u0131d\u0131r, i\u00e7ine birka\u00e7 g\u00fcnl\u00fck k\u0131\u015f h\u00fccumundan ac\u0131 d\u00fc\u015ft\u00fc\u011f\u00fc i\u00e7in, insan o g\u00fczel havalar\u0131n, devaml\u0131 yaz\u0131n art\u0131k ge\u00e7ti\u011fini anlay\u0131p \u00fcz\u00fcl\u00fcr, \u00f6zlem \u00e7eker. Suad ve S\u00fcreyya, ba\u011f evinde s\u0131k\u0131c\u0131 bir hayat s\u00fcren evli bir \u00e7ifttir. S\u00fcreyya\u2019n\u0131n \u015fik\u00e2yetlerine daha fazla dayanamayan Suad, Bo\u011fazi\u00e7i\u2019nde bir villa kiralamak i\u00e7in babas\u0131ndan para ister. \u00c7ift, kiralad\u0131klar\u0131 villada S\u00fcreyya\u2019n\u0131n ailesinden uzak, mutlu bir hayat s\u00fcrmeye ba\u015flarlar. Suad\u2019a b\u00fcy\u00fck hayranl\u0131k besleyen arkada\u015flar\u0131 Necib de zaman zaman onlarda kalmakta, sandal gezilerinde onlara e\u015flik etmektedir. Fakat Necib\u2019in duydu\u011fu hayranl\u0131k, zamanla i\u00e7ine atmak zorun da kald\u0131\u011f\u0131 b\u00fcy\u00fck bir a\u015fka d\u00f6n\u00fc\u015f\u00fcnce, eyl\u00fcl ay\u0131 da ac\u0131 ve ayr\u0131l\u0131k ay\u0131na d\u00f6n\u00fc\u015fecektir. Mehmet Rauf\u2019un ba\u015far\u0131l\u0131 psikolojik tahlilleriyle kaleme ald\u0131\u011f\u0131 Eyl\u00fcl, T\u00fcrk edebiyat\u0131ndaki \u201cilk psikolojik roman\u201d olma \u00f6zelli\u011fiyle b\u00fcy\u00fck \u00f6nem ta\u015f\u0131maktad\u0131r. <\/p>\n","protected":false},"excerpt":{"rendered":"<p>Eyl\u00fcl! \u00d6yle bir ay ki, ge\u00e7en her g\u00fczel g\u00fcn\u00fc i\u00e7in ona minnettar olmak gerekir. Eyl\u00fcl, mutsuzluk ve \u00f6zlem ay\u0131d\u0131r, i\u00e7ine birka\u00e7 g\u00fcnl\u00fck k\u0131\u015f h\u00fccumundan ac\u0131 d\u00fc\u015ft\u00fc\u011f\u00fc<span class=\"excerpt-hellip\"> [\u2026]<\/span><\/p>\n","protected":false},"featured_media":0,"template":"","meta":{"_monsterinsights_skip_tracking":false,"_monsterinsights_sitenote_active":false,"_monsterinsights_sitenote_note":"","_monsterinsights_sitenote_category":0},"product_brand":[],"product_cat":[12291,12711],"product_tag":[],"class_list":{"0":"post-733577","1":"product","2":"type-product","3":"status-publish","5":"product_cat-edebiyat","6":"product_cat-roman-oyku","7":"pa_cilt-ciltsiz","8":"pa_tur-kitap","9":"pa_yayinevi-sms-yayinlari","10":"pa_yazar-mehmet-rauf","12":"first","13":"instock","14":"sale","15":"shipping-taxable","16":"purchasable","17":"product-type-simple"},"_links":{"self":[{"href":"https:\/\/roveyayinevi.com.tr\/index.php\/wp-json\/wp\/v2\/product\/733577","targetHints":{"allow":["GET"]}}],"collection":[{"href":"https:\/\/roveyayinevi.com.tr\/index.php\/wp-json\/wp\/v2\/product"}],"about":[{"href":"https:\/\/roveyayinevi.com.tr\/index.php\/wp-json\/wp\/v2\/types\/product"}],"wp:attachment":[{"href":"https:\/\/roveyayinevi.com.tr\/index.php\/wp-json\/wp\/v2\/media?parent=733577"}],"wp:term":[{"taxonomy":"product_brand","embeddable":true,"href":"https:\/\/roveyayinevi.com.tr\/index.php\/wp-json\/wp\/v2\/product_brand?post=733577"},{"taxonomy":"product_cat","embeddable":true,"href":"https:\/\/roveyayinevi.com.tr\/index.php\/wp-json\/wp\/v2\/product_cat?post=733577"},{"taxonomy":"product_tag","embeddable":true,"href":"https:\/\/roveyayinevi.com.tr\/index.php\/wp-json\/wp\/v2\/product_tag?post=733577"}],"curies":[{"name":"wp","href":"https:\/\/api.w.org\/{rel}","templated":true}]}}