{"id":733575,"date":"2025-08-27T22:12:32","date_gmt":"2025-08-27T19:12:32","guid":{"rendered":"https:\/\/roveyayinevi.com.tr\/index.php\/urun\/musa-kardesler-bilimin-uc-kardesi\/"},"modified":"2026-04-16T02:41:31","modified_gmt":"2026-04-15T23:41:31","slug":"musa-kardesler-bilimin-uc-kardesi","status":"publish","type":"product","link":"https:\/\/roveyayinevi.com.tr\/index.php\/urun\/musa-kardesler-bilimin-uc-kardesi\/","title":{"rendered":"Musa Karde\u015fler &#8211; Bilimin \u00dc\u00e7 Karde\u015fi"},"content":{"rendered":"<p>Muhammed, Ahmed ve Hasan tarihte Musa Karde\u015fler olarak bilinen \u00fc\u00e7 karde\u015f. Birileri \u00fc\u00e7 karde\u015fin yapt\u0131\u011f\u0131 icatlar\u0131 sihir zannetse de onlar\u0131n yapt\u0131\u011f\u0131 \u015fey, kar\u015f\u0131la\u015ft\u0131klar\u0131 sorunlar\u0131 bilimi kullanarak \u00e7\u00f6zmektir. Bu kitapta, ya\u015fad\u0131klar\u0131 hayat\u0131 kolayla\u015ft\u0131ran pek \u00e7ok mekanik alet icat eden Musa Karde\u015flerin e\u011flenceli hik\u00e2yesini okuyacaks\u0131n\u0131z.<\/p>\n","protected":false},"excerpt":{"rendered":"<p>Muhammed, Ahmed ve Hasan tarihte Musa Karde\u015fler olarak bilinen \u00fc\u00e7 karde\u015f. Birileri \u00fc\u00e7 karde\u015fin yapt\u0131\u011f\u0131 icatlar\u0131 sihir zannetse de onlar\u0131n yapt\u0131\u011f\u0131 \u015fey, kar\u015f\u0131la\u015ft\u0131klar\u0131 sorunlar\u0131 bilimi kullanarak<span class=\"excerpt-hellip\"> [\u2026]<\/span><\/p>\n","protected":false},"featured_media":0,"template":"","meta":{"_monsterinsights_skip_tracking":false,"_monsterinsights_sitenote_active":false,"_monsterinsights_sitenote_note":"","_monsterinsights_sitenote_category":0},"product_brand":[],"product_cat":[14009,12291],"product_tag":[],"class_list":{"0":"post-733575","1":"product","2":"type-product","3":"status-publish","5":"product_cat-biyografi-otobiyografi-edebiyat","6":"product_cat-edebiyat","7":"pa_cilt-ciltsiz","8":"pa_tur-kitap","9":"pa_yayinevi-erdem-cocuk","10":"pa_yazar-naz-n-varli","12":"first","13":"instock","14":"sale","15":"shipping-taxable","16":"purchasable","17":"product-type-simple"},"_links":{"self":[{"href":"https:\/\/roveyayinevi.com.tr\/index.php\/wp-json\/wp\/v2\/product\/733575","targetHints":{"allow":["GET"]}}],"collection":[{"href":"https:\/\/roveyayinevi.com.tr\/index.php\/wp-json\/wp\/v2\/product"}],"about":[{"href":"https:\/\/roveyayinevi.com.tr\/index.php\/wp-json\/wp\/v2\/types\/product"}],"wp:attachment":[{"href":"https:\/\/roveyayinevi.com.tr\/index.php\/wp-json\/wp\/v2\/media?parent=733575"}],"wp:term":[{"taxonomy":"product_brand","embeddable":true,"href":"https:\/\/roveyayinevi.com.tr\/index.php\/wp-json\/wp\/v2\/product_brand?post=733575"},{"taxonomy":"product_cat","embeddable":true,"href":"https:\/\/roveyayinevi.com.tr\/index.php\/wp-json\/wp\/v2\/product_cat?post=733575"},{"taxonomy":"product_tag","embeddable":true,"href":"https:\/\/roveyayinevi.com.tr\/index.php\/wp-json\/wp\/v2\/product_tag?post=733575"}],"curies":[{"name":"wp","href":"https:\/\/api.w.org\/{rel}","templated":true}]}}