{"id":733573,"date":"2025-08-27T22:12:29","date_gmt":"2025-08-27T19:12:29","guid":{"rendered":"https:\/\/roveyayinevi.com.tr\/index.php\/urun\/elestirel-bilinc-icin-egitim\/"},"modified":"2026-04-16T02:41:31","modified_gmt":"2026-04-15T23:41:31","slug":"elestirel-bilinc-icin-egitim","status":"publish","type":"product","link":"https:\/\/roveyayinevi.com.tr\/index.php\/urun\/elestirel-bilinc-icin-egitim\/","title":{"rendered":"Ele\u015ftirel Bilin\u00e7 \u0130\u00e7in E\u011fitim"},"content":{"rendered":"<p>Bu kitapta Freire\u2019nin biri Ezilenlerin Pedagojisi\u2019nden \u00f6nce di\u011feri sonra yazd\u0131\u011f\u0131 iki makalesi yer al\u0131yor: \u201c\u00d6zg\u00fcrl\u00fck Prati\u011fi Olarak E\u011fitim\u201d ile \u201cVerme mi \u0130leti\u015fim mi?\u201d \u0130lk makalede Freire, e\u011fitim denmeyi hak eden bir e\u011fitimin, evcille\u015ftirmeye, kitlele\u015ftirmeye nas\u0131l kar\u015f\u0131t oldu\u011funu Brezilya ve \u015eili\u2019deki deneyimlerinden \u00f6rneklerle ortaya koyuyor. Bu sadece pratikten \u00f6rneklerle desteklenmi\u015f teorik bir a\u00e7\u0131klama de\u011fil. Tam tersine, Brezilya tarihinde s\u0131n\u0131flar\u0131n ve di\u011fer e\u015fitsizliklerin \u015fekilleni\u015fi zemininde, \u201cdemokratik deneyimsizli\u011fin\u201d nas\u0131l \u201ckapal\u0131 toplum\u201dlar\u0131n temel bir \u00f6zelli\u011fi oldu\u011funu, ve e\u011fer demokratik deneyim sa\u011flayacak bir faaliyet olarak tasarlanabilirse, e\u011fitimin nas\u0131l devrimci, d\u00f6n\u00fc\u015ft\u00fcr\u00fcc\u00fc bir g\u00fcce d\u00f6n\u00fc\u015febilece\u011fini g\u00f6steriyor.  Brezilya\u2019n\u0131n baz\u0131 b\u00f6lgelerinde yapt\u0131klar\u0131 \u00e7al\u0131\u015fmalarda ortaya \u00e7\u0131kard\u0131klar\u0131 e\u011fitim faaliyetinin materyallerini tan\u0131tarak, konuyu son derece ba\u015far\u0131l\u0131 bir bi\u00e7imde somutla\u015ft\u0131r\u0131yor. Ve benzer bir faaliyet \u00f6rg\u00fctlemek isteyebilecek olanlar i\u00e7in gayet ilham verici bir materyal seti sunmu\u015f oluyor.  Fakat bunlar\u0131n sadece \u00f6rnek oldu\u011funun da alt\u0131 \u00e7izilmeli: Freire\u2019ye g\u00f6re, her bir yerelde, her bir spesifik durumda oraya \u00f6zg\u00fc \u201c\u00fcretken\/do\u011furgan konular\u0131n\u201d ortaya \u00e7\u0131kar\u0131lmas\u0131 i\u00e7in \u00e7al\u0131\u015fma y\u00fcr\u00fct\u00fclmelidir ve e\u011fitim materyali bu do\u011furgan konulara g\u00f6re bi\u00e7imlendirilmelidir<\/p>\n","protected":false},"excerpt":{"rendered":"<p>Bu kitapta Freire\u2019nin biri Ezilenlerin Pedagojisi\u2019nden \u00f6nce di\u011feri sonra yazd\u0131\u011f\u0131 iki makalesi yer al\u0131yor: \u201c\u00d6zg\u00fcrl\u00fck Prati\u011fi Olarak E\u011fitim\u201d ile \u201cVerme mi \u0130leti\u015fim mi?\u201d \u0130lk makalede Freire,<span class=\"excerpt-hellip\"> [\u2026]<\/span><\/p>\n","protected":false},"featured_media":0,"template":"","meta":{"_monsterinsights_skip_tracking":false,"_monsterinsights_sitenote_active":false,"_monsterinsights_sitenote_note":"","_monsterinsights_sitenote_category":0},"product_brand":[],"product_cat":[13072,12291],"product_tag":[],"class_list":{"0":"post-733573","1":"product","2":"type-product","3":"status-publish","5":"product_cat-arastirma-inceleme-referans","6":"product_cat-edebiyat","7":"pa_cilt-ciltsiz","8":"pa_tur-kitap","9":"pa_yayinevi-ayrinti-yayinlari","10":"pa_yazar-paulo-freire","12":"first","13":"instock","14":"sale","15":"shipping-taxable","16":"purchasable","17":"product-type-simple"},"_links":{"self":[{"href":"https:\/\/roveyayinevi.com.tr\/index.php\/wp-json\/wp\/v2\/product\/733573","targetHints":{"allow":["GET"]}}],"collection":[{"href":"https:\/\/roveyayinevi.com.tr\/index.php\/wp-json\/wp\/v2\/product"}],"about":[{"href":"https:\/\/roveyayinevi.com.tr\/index.php\/wp-json\/wp\/v2\/types\/product"}],"wp:attachment":[{"href":"https:\/\/roveyayinevi.com.tr\/index.php\/wp-json\/wp\/v2\/media?parent=733573"}],"wp:term":[{"taxonomy":"product_brand","embeddable":true,"href":"https:\/\/roveyayinevi.com.tr\/index.php\/wp-json\/wp\/v2\/product_brand?post=733573"},{"taxonomy":"product_cat","embeddable":true,"href":"https:\/\/roveyayinevi.com.tr\/index.php\/wp-json\/wp\/v2\/product_cat?post=733573"},{"taxonomy":"product_tag","embeddable":true,"href":"https:\/\/roveyayinevi.com.tr\/index.php\/wp-json\/wp\/v2\/product_tag?post=733573"}],"curies":[{"name":"wp","href":"https:\/\/api.w.org\/{rel}","templated":true}]}}