{"id":733572,"date":"2025-08-27T22:12:28","date_gmt":"2025-08-27T19:12:28","guid":{"rendered":"https:\/\/roveyayinevi.com.tr\/index.php\/urun\/buyu-muhafizlari\/"},"modified":"2026-04-08T02:50:38","modified_gmt":"2026-04-07T23:50:38","slug":"buyu-muhafizlari","status":"publish","type":"product","link":"https:\/\/roveyayinevi.com.tr\/index.php\/urun\/buyu-muhafizlari\/","title":{"rendered":"B\u00fcy\u00fc Muhafizlari"},"content":{"rendered":"<p>Kocaman kanatlar\u0131yla her g\u00f6reni bu\u0308yu\u0308leyen bulut atlar ve bu\u0308yu\u0308nu\u0308n kayna\u011f\u0131 olan Sonsuzluk A\u011fac\u0131. Masallar\u0131n bile uslu durmad\u0131\u011f\u0131 Thrynne diyar\u0131, bu\u0308yu\u0308nu\u0308n en beklenmedik anda kar\u015f\u0131n\u0131za \u00e7\u0131kabilece\u011fi bir yerdi. Ama zaman de\u011fi\u015fti ve bu\u0308yu\u0308nu\u0308n gelece\u011fi art\u0131k tehlike alt\u0131nda. Yine de her \u015fey bitmi\u015f de\u011fil \u00e7u\u0308nku\u0308 bu\u0308yu\u0308nu\u0308n u\u0308\u00e7 yeni muhaf\u0131z\u0131 var. Zam, Phoebe ve Bathsheba olanaks\u0131z\u0131 ba\u015farabileceklerine inanmazlarsa bu\u0308yu\u0308 ve bulut atlar kaybolacak. Ve onlar, henu\u0308z ne kadar gu\u0308\u00e7lu\u0308 olduklar\u0131n\u0131 bilmiyorlar\u2026 Costa \u00f6du\u0308llu\u0308 yazar Chris Riddell, nefes kesici \u00e7izimlerle su\u0308slenmi\u015f Bulut At Gu\u0308nlu\u0308kleri serisinin ilk kitab\u0131 Bu\u0308yu\u0308 Muhaf\u0131zlar\u0131\u2019nda sizi e\u015fsiz bir seru\u0308vene davet ediyor! <\/p>\n","protected":false},"excerpt":{"rendered":"<p>Kocaman kanatlar\u0131yla her g\u00f6reni bu\u0308yu\u0308leyen bulut atlar ve bu\u0308yu\u0308nu\u0308n kayna\u011f\u0131 olan Sonsuzluk A\u011fac\u0131. Masallar\u0131n bile uslu durmad\u0131\u011f\u0131 Thrynne diyar\u0131, bu\u0308yu\u0308nu\u0308n en beklenmedik anda kar\u015f\u0131n\u0131za \u00e7\u0131kabilece\u011fi bir<span class=\"excerpt-hellip\"> [\u2026]<\/span><\/p>\n","protected":false},"featured_media":0,"template":"","meta":{"_monsterinsights_skip_tracking":false,"_monsterinsights_sitenote_active":false,"_monsterinsights_sitenote_note":"","_monsterinsights_sitenote_category":0},"product_brand":[],"product_cat":[12275,12274],"product_tag":[],"class_list":{"0":"post-733572","1":"product","2":"type-product","3":"status-publish","5":"product_cat-6-12-yas-kitaplari","6":"product_cat-cocuk-ve-genclik-kitaplari","7":"pa_cilt-ciltsiz","8":"pa_tur-kitap","9":"pa_yayinevi-domingo-yayinevi","10":"pa_yazar-chris-riddell","12":"first","13":"instock","14":"sale","15":"shipping-taxable","16":"purchasable","17":"product-type-simple"},"_links":{"self":[{"href":"https:\/\/roveyayinevi.com.tr\/index.php\/wp-json\/wp\/v2\/product\/733572","targetHints":{"allow":["GET"]}}],"collection":[{"href":"https:\/\/roveyayinevi.com.tr\/index.php\/wp-json\/wp\/v2\/product"}],"about":[{"href":"https:\/\/roveyayinevi.com.tr\/index.php\/wp-json\/wp\/v2\/types\/product"}],"wp:attachment":[{"href":"https:\/\/roveyayinevi.com.tr\/index.php\/wp-json\/wp\/v2\/media?parent=733572"}],"wp:term":[{"taxonomy":"product_brand","embeddable":true,"href":"https:\/\/roveyayinevi.com.tr\/index.php\/wp-json\/wp\/v2\/product_brand?post=733572"},{"taxonomy":"product_cat","embeddable":true,"href":"https:\/\/roveyayinevi.com.tr\/index.php\/wp-json\/wp\/v2\/product_cat?post=733572"},{"taxonomy":"product_tag","embeddable":true,"href":"https:\/\/roveyayinevi.com.tr\/index.php\/wp-json\/wp\/v2\/product_tag?post=733572"}],"curies":[{"name":"wp","href":"https:\/\/api.w.org\/{rel}","templated":true}]}}