{"id":733570,"date":"2025-08-27T22:12:26","date_gmt":"2025-08-27T19:12:26","guid":{"rendered":"https:\/\/roveyayinevi.com.tr\/index.php\/urun\/duygular-aklimizi-celer-mi-cocuklar-icin-felsefe\/"},"modified":"2026-04-16T02:41:31","modified_gmt":"2026-04-15T23:41:31","slug":"duygular-aklimizi-celer-mi-cocuklar-icin-felsefe","status":"publish","type":"product","link":"https:\/\/roveyayinevi.com.tr\/index.php\/urun\/duygular-aklimizi-celer-mi-cocuklar-icin-felsefe\/","title":{"rendered":"Duygular Akl\u0131m\u0131z\u0131 \u00c7eler mi? &#8211; \u00c7ocuklar \u0130\u00e7in Felsefe"},"content":{"rendered":"<p>Felsefe kul\u00fcb\u00fc \u00f6\u011frencileri safsatalar\u0131, yani bir d\u00fc\u015f\u00fcnceyi ortaya koyarken ya da anlamaya \u00e7al\u0131\u015f\u0131rken yap\u0131lan mant\u0131k hatalar\u0131n\u0131 ele al\u0131yor. Duygu, ak\u0131l, gibi kavramlar \u00fczerine konu\u015farak; tehdit etmek, ac\u0131nd\u0131rmak ya da \u00f6vmek birer ikna y\u00f6ntemi olabilir mi, duygular\u0131m\u0131z\u0131 tan\u0131y\u0131p d\u00fczenleyebilir miyiz gibi sorulara cevap ar\u0131yor.Bug\u00fcn odada bir gerginlik var. Zeynep ve Melis bir konuda anla\u015fam\u0131yorlar.Konu\u015fmalar\u0131ndan anlad\u0131\u011f\u0131m kadar\u0131yla Zeynep hafta sonu Melis\u2019in onlara gelmesini istiyor. Melis ise ba\u015fka bir arkada\u015f\u0131yla plan\u0131 oldu\u011funu ve gelemeyece\u011fini s\u00f6yl\u00fcyor. Zeynep \u0131srarl\u0131, bir t\u00fcrl\u00fc durumu kabul etmiyor ve, \u201cGelmezsen sana k\u00fcserim,\u201d diyor. Melis de ona, \u201cBeni sevseydin b\u00f6yle s\u00f6ylemezdin,\u201d diye kar\u015f\u0131l\u0131k veriyor.Felsefe e\u011fitmeni Dr. \u00d6zge \u00d6zdemir kitaplar\u0131n\u0131, 9-12 ya\u015f aras\u0131 \u00e7ocuklarla y\u00fcr\u00fctt\u00fc\u011f\u00fc \u201c\u00c7ocuklar i\u00e7in Felsefe\u201d at\u00f6lyelerindeki tart\u0131\u015fmalardan yola \u00e7\u0131karak kaleme al\u0131yor. Her kitapta alt\u0131 arkada\u015f, felsefe \u00f6\u011fretmenleri e\u015fli\u011finde d\u00fc\u015f\u00fcn\u00fcyor, tart\u0131\u015f\u0131yor. Kitaplarda yer alan Ezgi Platin\u2019in harf-\u00e7izimleri ise kavramlara e\u011flenceli bir yorum getiriyor.4., 5. ve 6. S\u0131n\u0131flar<\/p>\n","protected":false},"excerpt":{"rendered":"<p>Felsefe kul\u00fcb\u00fc \u00f6\u011frencileri safsatalar\u0131, yani bir d\u00fc\u015f\u00fcnceyi ortaya koyarken ya da anlamaya \u00e7al\u0131\u015f\u0131rken yap\u0131lan mant\u0131k hatalar\u0131n\u0131 ele al\u0131yor. Duygu, ak\u0131l, gibi kavramlar \u00fczerine konu\u015farak; tehdit etmek,<span class=\"excerpt-hellip\"> [\u2026]<\/span><\/p>\n","protected":false},"featured_media":0,"template":"","meta":{"_monsterinsights_skip_tracking":false,"_monsterinsights_sitenote_active":false,"_monsterinsights_sitenote_note":"","_monsterinsights_sitenote_category":0},"product_brand":[],"product_cat":[12274,12631],"product_tag":[],"class_list":{"0":"post-733570","1":"product","2":"type-product","3":"status-publish","5":"product_cat-cocuk-ve-genclik-kitaplari","6":"product_cat-diger-cocuk-ve-genclik-kitaplari","7":"pa_cilt-ciltsiz","8":"pa_tur-kitap","9":"pa_yayinevi-redhouse-kidz-yayinlari","10":"pa_yazar-ozge-ozdemir","12":"first","13":"instock","14":"sale","15":"shipping-taxable","16":"purchasable","17":"product-type-simple"},"_links":{"self":[{"href":"https:\/\/roveyayinevi.com.tr\/index.php\/wp-json\/wp\/v2\/product\/733570","targetHints":{"allow":["GET"]}}],"collection":[{"href":"https:\/\/roveyayinevi.com.tr\/index.php\/wp-json\/wp\/v2\/product"}],"about":[{"href":"https:\/\/roveyayinevi.com.tr\/index.php\/wp-json\/wp\/v2\/types\/product"}],"wp:attachment":[{"href":"https:\/\/roveyayinevi.com.tr\/index.php\/wp-json\/wp\/v2\/media?parent=733570"}],"wp:term":[{"taxonomy":"product_brand","embeddable":true,"href":"https:\/\/roveyayinevi.com.tr\/index.php\/wp-json\/wp\/v2\/product_brand?post=733570"},{"taxonomy":"product_cat","embeddable":true,"href":"https:\/\/roveyayinevi.com.tr\/index.php\/wp-json\/wp\/v2\/product_cat?post=733570"},{"taxonomy":"product_tag","embeddable":true,"href":"https:\/\/roveyayinevi.com.tr\/index.php\/wp-json\/wp\/v2\/product_tag?post=733570"}],"curies":[{"name":"wp","href":"https:\/\/api.w.org\/{rel}","templated":true}]}}