{"id":733569,"date":"2025-08-27T22:12:25","date_gmt":"2025-08-27T19:12:25","guid":{"rendered":"https:\/\/roveyayinevi.com.tr\/index.php\/urun\/viraha\/"},"modified":"2026-04-16T02:41:31","modified_gmt":"2026-04-15T23:41:31","slug":"viraha","status":"publish","type":"product","link":"https:\/\/roveyayinevi.com.tr\/index.php\/urun\/viraha\/","title":{"rendered":"Viraha"},"content":{"rendered":"<p>Hayat \u00f6yledir i\u015fte, olmas\u0131n\u0131 en \u00e7ok istedi\u011fimiz \u015fey ile s\u0131nan\u0131r\u0131z \u00e7o\u011fu zaman.Bir yanda mahalle k\u00fclt\u00fcr\u00fcn\u00fcn h\u00e2kim oldu\u011fu bir \u0130stanbul semti ve birlikte b\u00fcy\u00fcyen d\u00f6rt gen\u00e7 k\u0131z.Bir ellerinde \u00e7ay, di\u011ferinde \u00e7ekirdek&#8230;Sabahlara kadar s\u00fcren gece sohbetleri ve s\u0131ms\u0131cak dostluklar\u0131n g\u00f6lgesinde dayan\u0131\u015fma ile ge\u00e7en gen\u00e7lik y\u0131llar\u0131\u2026Bir \u00e7i\u00e7ek gibi narin ve zarif olan Zehra ile entelekt\u00fcel bir ki\u015filik olan fak\u00fclte hocas\u0131 Yusuf\u2019un entrika dolu hik\u00e2yesidir anlat\u0131lan.Kan ba\u011f\u0131n\u0131n,  can ba\u011f\u0131na eri\u015femedi\u011fi bu g\u00fcnlerde \u00f6rselenmi\u015f duygular\u0131n sebep oldu\u011fu travmalardan bahsedecek size onlar\u0131n hik\u00e2yesi.Karde\u015fin karde\u015fe kurdu\u011fu tuzaklara,H\u0131rs\u0131na yenik d\u00fc\u015fen insanlar\u0131n hazin sonuna \u015fahit olacaks\u0131n\u0131z.<\/p>\n","protected":false},"excerpt":{"rendered":"<p>Hayat \u00f6yledir i\u015fte, olmas\u0131n\u0131 en \u00e7ok istedi\u011fimiz \u015fey ile s\u0131nan\u0131r\u0131z \u00e7o\u011fu zaman.Bir yanda mahalle k\u00fclt\u00fcr\u00fcn\u00fcn h\u00e2kim oldu\u011fu bir \u0130stanbul semti ve birlikte b\u00fcy\u00fcyen d\u00f6rt gen\u00e7 k\u0131z.Bir<span class=\"excerpt-hellip\"> [\u2026]<\/span><\/p>\n","protected":false},"featured_media":0,"template":"","meta":{"_monsterinsights_skip_tracking":false,"_monsterinsights_sitenote_active":false,"_monsterinsights_sitenote_note":"","_monsterinsights_sitenote_category":0},"product_brand":[],"product_cat":[12291,12711],"product_tag":[],"class_list":{"0":"post-733569","1":"product","2":"type-product","3":"status-publish","5":"product_cat-edebiyat","6":"product_cat-roman-oyku","7":"pa_cilt-ciltsiz","8":"pa_tur-kitap","9":"pa_yayinevi-herdem-kitap","10":"pa_yazar-beste-baran","12":"first","13":"instock","14":"sale","15":"shipping-taxable","16":"purchasable","17":"product-type-simple"},"_links":{"self":[{"href":"https:\/\/roveyayinevi.com.tr\/index.php\/wp-json\/wp\/v2\/product\/733569","targetHints":{"allow":["GET"]}}],"collection":[{"href":"https:\/\/roveyayinevi.com.tr\/index.php\/wp-json\/wp\/v2\/product"}],"about":[{"href":"https:\/\/roveyayinevi.com.tr\/index.php\/wp-json\/wp\/v2\/types\/product"}],"wp:attachment":[{"href":"https:\/\/roveyayinevi.com.tr\/index.php\/wp-json\/wp\/v2\/media?parent=733569"}],"wp:term":[{"taxonomy":"product_brand","embeddable":true,"href":"https:\/\/roveyayinevi.com.tr\/index.php\/wp-json\/wp\/v2\/product_brand?post=733569"},{"taxonomy":"product_cat","embeddable":true,"href":"https:\/\/roveyayinevi.com.tr\/index.php\/wp-json\/wp\/v2\/product_cat?post=733569"},{"taxonomy":"product_tag","embeddable":true,"href":"https:\/\/roveyayinevi.com.tr\/index.php\/wp-json\/wp\/v2\/product_tag?post=733569"}],"curies":[{"name":"wp","href":"https:\/\/api.w.org\/{rel}","templated":true}]}}