{"id":733567,"date":"2025-08-27T22:12:23","date_gmt":"2025-08-27T19:12:23","guid":{"rendered":"https:\/\/roveyayinevi.com.tr\/index.php\/urun\/insan-hayvan-ve-otesi\/"},"modified":"2026-04-16T02:41:31","modified_gmt":"2026-04-15T23:41:31","slug":"insan-hayvan-ve-otesi","status":"publish","type":"product","link":"https:\/\/roveyayinevi.com.tr\/index.php\/urun\/insan-hayvan-ve-otesi\/","title":{"rendered":"\u0130nsan, Hayvan ve \u00d6tesi"},"content":{"rendered":"<p>Ya\u015famlar aras\u0131nda hiyerar\u015fi kurulmayan bir d\u00fcnya \u00f6zlemiyle Bu derleme T\u00fcrkiye\u2019de hayvan meselesi \u00fczerine \u00e7al\u0131\u015fan farkl\u0131 disiplinlerden akademisyenlerin \u00f6zg\u00fcn metinlerini bir araya getiriyor, her ge\u00e7en g\u00fcn derinle\u015fen ekolojik kriz ba\u011flam\u0131nda daha da \u00f6nem kazanan politik ekoloji ve hayvan \u00e7al\u0131\u015fmalar\u0131 k\u00fclliyat\u0131na bir katk\u0131 sunuyor.   Yazarlar hayvan \u00f6zg\u00fcrl\u00fc\u011f\u00fc, k\u0131rsal alanda ortakya\u015fam pratikleri, sokak k\u00f6pekleri biyopolitikas\u0131, t\u00fcrler aras\u0131 ili\u015fkiler ve \u00f6l\u00fcm hiyerar\u015fisi, hayvanlar\u0131n sinemada \u201ckullan\u0131lmas\u0131\u201d, canl\u0131 hayvan deneyleri, kentsel esaret mek\u00e2nlar\u0131 olarak hayvanat bah\u00e7eleri ve primatlar \u00fczerinde y\u00fcr\u00fct\u00fclen Covid-19 a\u015f\u0131s\u0131 \u00e7al\u0131\u015fmalar\u0131 gibi hayvan meselesinin \u00f6nemli ve g\u00fcncel ba\u015fl\u0131klar\u0131n\u0131 \u00e7o\u011ful bir tart\u0131\u015fma zemininde ele al\u0131rken insanmerkezci uygulama ve s\u00f6ylemleri sorguluyor, insan\u0131 her \u015feyin \u00f6l\u00e7\u00fcs\u00fc kabul eden bilimsel yakla\u015f\u0131mlara kar\u015f\u0131 \u00e7\u0131k\u0131yor ve farkl\u0131 ya\u015fam bi\u00e7imleri olu\u015fturmaya y\u00f6nelik fikirlere de\u011finiyorlar.   Hayvan \u00e7al\u0131\u015fmalar\u0131 nas\u0131l \u015fekillenip zenginle\u015fti? Canl\u0131 hayvan deneyleri nas\u0131l gerek\u00e7elendirildi ve deney kar\u015f\u0131t\u0131 hareket nas\u0131l b\u00fcy\u00fcd\u00fc? \u201cHayvanat bah\u00e7esi hayvan\u0131\u201d nedir? \u0130nsanlarla hayvanlar\u0131n d\u00fcnyalar\u0131 aras\u0131ndaki gedikleri ke\u015ffetme pratikleri nerelerde aranmal\u0131? Yolda\u015f t\u00fcr ili\u015fkisi nas\u0131l kurulur? \u015eefkat eti\u011fi nedir, neden \u00f6nemlidir? \u0130nsan toplumlar\u0131ndaki m\u00fccadeleleri hayvan m\u00fccadelesinden ayr\u0131 s\u00fcrd\u00fcrmek m\u00fcmk\u00fcn m\u00fc? <\/p>\n","protected":false},"excerpt":{"rendered":"<p>Ya\u015famlar aras\u0131nda hiyerar\u015fi kurulmayan bir d\u00fcnya \u00f6zlemiyle Bu derleme T\u00fcrkiye\u2019de hayvan meselesi \u00fczerine \u00e7al\u0131\u015fan farkl\u0131 disiplinlerden akademisyenlerin \u00f6zg\u00fcn metinlerini bir araya getiriyor, her ge\u00e7en g\u00fcn derinle\u015fen<span class=\"excerpt-hellip\"> [\u2026]<\/span><\/p>\n","protected":false},"featured_media":0,"template":"","meta":{"_monsterinsights_skip_tracking":false,"_monsterinsights_sitenote_active":false,"_monsterinsights_sitenote_note":"","_monsterinsights_sitenote_category":0},"product_brand":[],"product_cat":[12365,12364],"product_tag":[],"class_list":{"0":"post-733567","1":"product","2":"type-product","3":"status-publish","5":"product_cat-diger-genel-konular","6":"product_cat-genel-konular","7":"pa_cilt-ciltsiz","8":"pa_tur-kitap","9":"pa_yayinevi-kolektif-kitap","10":"pa_yazar-kolektif-kitap-kolektif","12":"first","13":"instock","14":"sale","15":"shipping-taxable","16":"purchasable","17":"product-type-simple"},"_links":{"self":[{"href":"https:\/\/roveyayinevi.com.tr\/index.php\/wp-json\/wp\/v2\/product\/733567","targetHints":{"allow":["GET"]}}],"collection":[{"href":"https:\/\/roveyayinevi.com.tr\/index.php\/wp-json\/wp\/v2\/product"}],"about":[{"href":"https:\/\/roveyayinevi.com.tr\/index.php\/wp-json\/wp\/v2\/types\/product"}],"wp:attachment":[{"href":"https:\/\/roveyayinevi.com.tr\/index.php\/wp-json\/wp\/v2\/media?parent=733567"}],"wp:term":[{"taxonomy":"product_brand","embeddable":true,"href":"https:\/\/roveyayinevi.com.tr\/index.php\/wp-json\/wp\/v2\/product_brand?post=733567"},{"taxonomy":"product_cat","embeddable":true,"href":"https:\/\/roveyayinevi.com.tr\/index.php\/wp-json\/wp\/v2\/product_cat?post=733567"},{"taxonomy":"product_tag","embeddable":true,"href":"https:\/\/roveyayinevi.com.tr\/index.php\/wp-json\/wp\/v2\/product_tag?post=733567"}],"curies":[{"name":"wp","href":"https:\/\/api.w.org\/{rel}","templated":true}]}}