{"id":733564,"date":"2025-08-27T22:12:20","date_gmt":"2025-08-27T19:12:20","guid":{"rendered":"https:\/\/roveyayinevi.com.tr\/index.php\/urun\/mutluluk-kalbinizde\/"},"modified":"2026-04-13T02:50:35","modified_gmt":"2026-04-12T23:50:35","slug":"mutluluk-kalbinizde","status":"publish","type":"product","link":"https:\/\/roveyayinevi.com.tr\/index.php\/urun\/mutluluk-kalbinizde\/","title":{"rendered":"Mutluluk Kalbinizde"},"content":{"rendered":"<p>Mutluluk, sizin isteyip de elde edebilece\u011finiz bir duygudur. \u0130nsan, mutlu olmay\u0131 arzu ediyorsa bunun i\u00e7in giri\u015fimlerde bulunmal\u0131d\u0131r. Rastlant\u0131sal olarak mutlu olmak da m\u00fcmk\u00fcnd\u00fcr ama planl\u0131 bir bi\u00e7imde mutlu olmak, mutluluk duygusunu her zaman ya\u015famak i\u00e7in insanlara olanak tan\u0131r.Bu kitapta okurlara, mutlulu\u011fu tesad\u00fcflerle elde etmeyi beklememeleri, mutlulu\u011fu elde etmek i\u00e7in birtak\u0131m \u00e7abalar i\u00e7inde olmalar\u0131 \u00f6nerilmi\u015ftir. Bazen kolay bazen de zor bir bi\u00e7imde yakalanan bu duyguyu elde etmek isteyenler, hi\u00e7 \u015f\u00fcphesiz mutlulu\u011fu kalplerinde bulacaklard\u0131r. Umuyoruz ki bu kitap, mutluluk aray\u0131\u015f\u0131nda ne\u015feli bir yol arkada\u015f\u0131 olacakt\u0131r.<\/p>\n","protected":false},"excerpt":{"rendered":"<p>Mutluluk, sizin isteyip de elde edebilece\u011finiz bir duygudur. \u0130nsan, mutlu olmay\u0131 arzu ediyorsa bunun i\u00e7in giri\u015fimlerde bulunmal\u0131d\u0131r. Rastlant\u0131sal olarak mutlu olmak da m\u00fcmk\u00fcnd\u00fcr ama planl\u0131 bir<span class=\"excerpt-hellip\"> [\u2026]<\/span><\/p>\n","protected":false},"featured_media":0,"template":"","meta":{"_monsterinsights_skip_tracking":false,"_monsterinsights_sitenote_active":false,"_monsterinsights_sitenote_note":"","_monsterinsights_sitenote_category":0},"product_brand":[],"product_cat":[12364,12376],"product_tag":[],"class_list":{"0":"post-733564","1":"product","2":"type-product","3":"status-publish","5":"product_cat-genel-konular","6":"product_cat-kisisel-gelisim","7":"pa_cilt-ciltsiz","8":"pa_tur-kitap","9":"pa_yayinevi-yediveren-yayinlari","10":"pa_yazar-eva-viguer","12":"first","13":"instock","14":"sale","15":"shipping-taxable","16":"purchasable","17":"product-type-simple"},"_links":{"self":[{"href":"https:\/\/roveyayinevi.com.tr\/index.php\/wp-json\/wp\/v2\/product\/733564","targetHints":{"allow":["GET"]}}],"collection":[{"href":"https:\/\/roveyayinevi.com.tr\/index.php\/wp-json\/wp\/v2\/product"}],"about":[{"href":"https:\/\/roveyayinevi.com.tr\/index.php\/wp-json\/wp\/v2\/types\/product"}],"wp:attachment":[{"href":"https:\/\/roveyayinevi.com.tr\/index.php\/wp-json\/wp\/v2\/media?parent=733564"}],"wp:term":[{"taxonomy":"product_brand","embeddable":true,"href":"https:\/\/roveyayinevi.com.tr\/index.php\/wp-json\/wp\/v2\/product_brand?post=733564"},{"taxonomy":"product_cat","embeddable":true,"href":"https:\/\/roveyayinevi.com.tr\/index.php\/wp-json\/wp\/v2\/product_cat?post=733564"},{"taxonomy":"product_tag","embeddable":true,"href":"https:\/\/roveyayinevi.com.tr\/index.php\/wp-json\/wp\/v2\/product_tag?post=733564"}],"curies":[{"name":"wp","href":"https:\/\/api.w.org\/{rel}","templated":true}]}}